{"id":9150,"date":"2023-12-31T14:52:04","date_gmt":"2023-12-31T11:52:04","guid":{"rendered":"http:\/\/turkiyekanttoplulugu.org\/?page_id=9150"},"modified":"2024-01-03T12:50:55","modified_gmt":"2024-01-03T09:50:55","slug":"konferans-programi-2","status":"publish","type":"page","link":"http:\/\/turkiyekanttoplulugu.org\/?page_id=9150","title":{"rendered":"Konferans Program\u0131"},"content":{"rendered":"\n<p><span style=\"color:#981212\" class=\"has-inline-color\"><strong>10 Ocak 2024 \u00c7ar\u015famba<\/strong> <\/span><\/p>\n\n\n\n<p>9:30 \u2013 10:00 A\u00e7\u0131l\u0131\u015f Konu\u015fmalar\u0131<\/p>\n\n\n\n<p><strong>T\u00fcrkiye Kant Toplulu\u011fu Ba\u015fkan\u0131 Do\u00e7. Dr. Gamze Keskin<br>\u0130stanbul \u00dcniversitesi Felsefe B\u00f6l\u00fcm Ba\u015fkan\u0131 Prof. Dr. Cengiz \u00c7akmak<br>\u0130stanbul \u00dcniversitesi Edebiyat Fak\u00fcltesi Dekan\u0131 Prof. Dr. Sevtap Kad\u0131o\u011flu<\/strong><\/p>\n\n\n\n<p>I.Oturum \/ 10:00 \u2013 11:45&nbsp;\u2013 Oturum Ba\u015fkan\u0131:&nbsp;<strong>Umut Eldem<\/strong><\/p>\n\n\n\n<ul><li>10:00-10:25: <strong>Arzu \u0130bi\u015fi Temelli<\/strong>           <br><strong>Tarih<\/strong>: Kant-Herder<\/li><li>10:25-10:50: <strong>Tu\u011fba Sevin\u00e7<\/strong>                   <br><strong>Politika:<\/strong> Kant-Rawls\u00a0\u00a0\u00a0\u00a0\u00a0\u00a0<\/li><li>10:50-11:15: <strong>M. Ertan Karde\u015f\u00a0\u00a0\u00a0\u00a0<\/strong>\u00a0\u00a0\u00a0\u00a0\u00a0\u00a0\u00a0\u00a0   \u00a0<br><strong>Hukuk, Normativite ve Kamusall\u0131k<\/strong>: Kant-Hegel\u00a0 <br>11:15-11:45 Soru-Cevap<\/li><\/ul>\n\n\n\n<p>II.Oturum \/ 13:30 \u2013 15:15&nbsp;\u2013 Oturum Ba\u015fkan\u0131: <strong>Y\u00fccel Y\u00fcksel<\/strong><\/p>\n\n\n\n<ul><li>13:30-13:55: <strong>Baha Zafer&nbsp;&nbsp;&nbsp;&nbsp;&nbsp;<\/strong>&nbsp;&nbsp;&nbsp;&nbsp;&nbsp;&nbsp;&nbsp;&nbsp;&nbsp;&nbsp;&nbsp;&nbsp;      <br><strong>Kuvvet:<\/strong> Kant-Hegel<\/li><li>13:55-14:20: <strong>B\u00fclent G\u00f6zk\u00e2n&nbsp;&nbsp;&nbsp;&nbsp;<\/strong>&nbsp;&nbsp;&nbsp;&nbsp;&nbsp;&nbsp;&nbsp;&nbsp;&nbsp;&nbsp;  <br><strong>Teleoloji:<\/strong> Kant-Darwin<\/li><li>14:20-14:45: <strong>\u00d6zg\u00fc\u00e7 G\u00fcven&nbsp;&nbsp;&nbsp;<\/strong>&nbsp;&nbsp;&nbsp;&nbsp;&nbsp;&nbsp;&nbsp;&nbsp;&nbsp;&nbsp;&nbsp;&nbsp;&nbsp; <br><strong>Mant\u0131k:<\/strong> Kant-Husserl&nbsp;&nbsp;&nbsp;&nbsp;<br>14:45-15:15 Soru-Cevap<br><br>15:15-15:30&nbsp; Ara<\/li><\/ul>\n\n\n\n<p>III.Oturum \/ 15:30 \u2013 17:10&nbsp;\u2013 Oturum Ba\u015fkan\u0131: <strong>Seniye Tilev<\/strong><\/p>\n\n\n\n<ul><li>15:30-15:55: <strong>Umut Eldem\u00a0\u00a0\u00a0\u00a0\u00a0<\/strong>\u00a0\u00a0\u00a0\u00a0\u00a0\u00a0\u00a0\u00a0\u00a0\u00a0\u00a0\u00a0\u00a0\u00a0 <br><strong>Din:<\/strong> Kant-Hamann<\/li><li>15:55-16:20: <strong>Mehmet G\u00fcnen\u00e7\u00a0\u00a0<\/strong>\u00a0\u00a0\u00a0\u00a0\u00a0\u00a0\u00a0\u00a0\u00a0 <br><strong>Tanr\u0131:<\/strong> Kant-Nietzsche<\/li><li>16:20-16:45: <strong>\u00d6zlem Duva\u00a0\u00a0\u00a0<\/strong>\u00a0\u00a0\u00a0\u00a0 \u00a0\u00a0\u00a0\u00a0\u00a0\u00a0\u00a0\u00a0\u00a0\u00a0\u00a0 <br><strong>Kapsay\u0131c\u0131 Yurtta\u015fl\u0131k:<\/strong> Kant-Hippel<br>16:45-17:15 Soru-Cevap<\/li><\/ul>\n\n\n\n<p><strong><span style=\"color:#a3001f\" class=\"has-inline-color\">11 Ocak 2024 Per\u015fembe<\/span><\/strong><\/p>\n\n\n\n<p>I.Oturum \/ 10:00 \u2013 11:45&nbsp;\u2013 Oturum Ba\u015fkan\u0131:&nbsp;<strong>Gamze Keskin<\/strong><\/p>\n\n\n\n<ul><li>10:00-10:25: <strong>Halise Av\u015far&nbsp;<\/strong>&nbsp;&nbsp;&nbsp;&nbsp;&nbsp;&nbsp;&nbsp;&nbsp;&nbsp;&nbsp;&nbsp;&nbsp;&nbsp;&nbsp;&nbsp;&nbsp;&nbsp;&nbsp;&nbsp; <br><strong>Bilgi:<\/strong> Kant-Quine &nbsp;&nbsp;&nbsp;&nbsp;&nbsp;&nbsp;&nbsp;&nbsp;&nbsp;<\/li><li>10:25-10:50: <strong>Egemen Ku\u015f\u00e7u&nbsp;&nbsp;<\/strong>&nbsp;&nbsp;&nbsp;&nbsp;&nbsp;&nbsp;&nbsp;&nbsp;&nbsp;&nbsp;&nbsp;&nbsp;&nbsp;&nbsp;<br><strong>Metafizik:<\/strong> Kant-Strawson&nbsp;&nbsp;&nbsp;&nbsp;&nbsp;&nbsp;&nbsp;<\/li><li>10:50-11:15: <strong>Suat G\u00f6zc\u00fc&nbsp;&nbsp;&nbsp;&nbsp;<\/strong>&nbsp;&nbsp;&nbsp;&nbsp;&nbsp;&nbsp;&nbsp;&nbsp;&nbsp;&nbsp;&nbsp;&nbsp;&nbsp;&nbsp;&nbsp;&nbsp;&nbsp;&nbsp;&nbsp;&nbsp;<br><strong>Zaman: <\/strong>Kant-Marius Stan&nbsp; &nbsp;&nbsp;&nbsp;&nbsp;&nbsp;<br>11:15-11:45 Soru-Cevap<\/li><\/ul>\n\n\n\n<p>II.Oturum \/ 13:30 \u2013 15:15&nbsp;\u2013 Oturum Ba\u015fkan\u0131: <strong>\u00d6zg\u00fc\u00e7 G\u00fcven<\/strong><\/p>\n\n\n\n<ul><li>13:30-13:55: <strong>\u00c7a\u011fla \u00d6zcan&nbsp;&nbsp;<\/strong>&nbsp;&nbsp;&nbsp;&nbsp;&nbsp;&nbsp; &nbsp;&nbsp;&nbsp;&nbsp;&nbsp;&nbsp;&nbsp;&nbsp;&nbsp;&nbsp;&nbsp; <br><strong>Aritmetik:<\/strong> Kant-Frege &nbsp;&nbsp;<\/li><li>13:55-14:20: <strong>Mehmet Arslan&nbsp;<\/strong>&nbsp;&nbsp;&nbsp;&nbsp;&nbsp;&nbsp;&nbsp;&nbsp;&nbsp;&nbsp;&nbsp;&nbsp;&nbsp;&nbsp; <br><strong>Geometri:<\/strong> Kant-Russell&nbsp;<\/li><li>14:20-14:45: <strong>Ayhan \u00c7itil&nbsp;&nbsp;&nbsp;&nbsp;<\/strong>&nbsp;&nbsp;&nbsp;&nbsp;&nbsp;&nbsp;&nbsp;&nbsp;&nbsp;&nbsp;&nbsp;&nbsp;&nbsp;&nbsp;&nbsp;&nbsp;&nbsp;&nbsp;&nbsp; <br><strong>Tamamlanamazl\u0131k:<\/strong> Kant-G\u00f6del<br>14:45-15:15&nbsp;Soru-Cevap<br><br>15:15-15:30&nbsp;Ara<\/li><\/ul>\n\n\n\n<p>III.Oturum \/ 15:30 \u2013 17:10&nbsp;\u2013 Oturum Ba\u015fkan\u0131: <strong>Ayhan \u00c7itil<\/strong><\/p>\n\n\n\n<ul><li>15:30-15:55: <strong>Aliye Kovanl\u0131kaya\u00a0\u00a0\u00a0\u00a0<\/strong>\u00a0\u00a0\u00a0\u00a0\u00a0\u00a0\u00a0\u00a0\u00a0\u00a0 <br><strong>Temsil:<\/strong> Kant-Descartes-Leibniz<\/li><li>15:55-16:20: <strong>Hazal Gemicio\u011flu\u00a0\u00a0<\/strong>\u00a0\u00a0\u00a0\u00a0\u00a0\u00a0\u00a0\u00a0\u00a0\u00a0\u00a0\u00a0 <br><strong>Estetik:<\/strong> Kant-Lyotard\u00a0<\/li><li>16:20-16:45: <strong>Seniye Tilev\u00a0\u00a0\u00a0<\/strong>\u00a0\u00a0\u00a0\u00a0\u00a0\u00a0\u00a0\u00a0\u00a0\u00a0\u00a0\u00a0\u00a0\u00a0\u00a0\u00a0\u00a0\u00a0\u00a0\u00a0\u00a0 <br><strong>Etik:<\/strong> Kant-Hume<br>16:45-17:10 Soru-Cevap<\/li><\/ul>\n","protected":false},"excerpt":{"rendered":"<p class=\"teaser\">10 Ocak 2024 \u00c7ar\u015famba 9:30 \u2013 10:00 A\u00e7\u0131l\u0131\u015f Konu\u015fmalar\u0131 T\u00fcrkiye Kant Toplulu\u011fu Ba\u015fkan\u0131 Do\u00e7. Dr. Gamze Keskin\u0130stanbul \u00dcniversitesi Felsefe B\u00f6l\u00fcm Ba\u015fkan\u0131 Prof. Dr. Cengiz \u00c7akmak\u0130stanbul \u00dcniversitesi Edebiyat Fak\u00fcltesi Dekan\u0131 Prof. Dr. Sevtap Kad\u0131o\u011flu I.Oturum \/ 10:00 \u2013 11:45&nbsp;\u2013 Oturum Ba\u015fkan\u0131:&nbsp;Umut Eldem 10:00-10:25: Arzu \u0130bi\u015fi Temelli Tarih: Kant-Herder 10:25-10:50: Tu\u011fba Sevin\u00e7 Politika: Kant-Rawls\u00a0\u00a0\u00a0\u00a0\u00a0\u00a0 10:50-11:15: M. Ertan &hellip;<\/p>\n","protected":false},"author":1,"featured_media":0,"parent":0,"menu_order":0,"comment_status":"closed","ping_status":"closed","template":"","meta":{"spay_email":""},"_links":{"self":[{"href":"http:\/\/turkiyekanttoplulugu.org\/index.php?rest_route=\/wp\/v2\/pages\/9150"}],"collection":[{"href":"http:\/\/turkiyekanttoplulugu.org\/index.php?rest_route=\/wp\/v2\/pages"}],"about":[{"href":"http:\/\/turkiyekanttoplulugu.org\/index.php?rest_route=\/wp\/v2\/types\/page"}],"author":[{"embeddable":true,"href":"http:\/\/turkiyekanttoplulugu.org\/index.php?rest_route=\/wp\/v2\/users\/1"}],"replies":[{"embeddable":true,"href":"http:\/\/turkiyekanttoplulugu.org\/index.php?rest_route=%2Fwp%2Fv2%2Fcomments&post=9150"}],"version-history":[{"count":7,"href":"http:\/\/turkiyekanttoplulugu.org\/index.php?rest_route=\/wp\/v2\/pages\/9150\/revisions"}],"predecessor-version":[{"id":9195,"href":"http:\/\/turkiyekanttoplulugu.org\/index.php?rest_route=\/wp\/v2\/pages\/9150\/revisions\/9195"}],"wp:attachment":[{"href":"http:\/\/turkiyekanttoplulugu.org\/index.php?rest_route=%2Fwp%2Fv2%2Fmedia&parent=9150"}],"curies":[{"name":"wp","href":"https:\/\/api.w.org\/{rel}","templated":true}]}}