{"id":9148,"date":"2023-12-31T14:48:37","date_gmt":"2023-12-31T11:48:37","guid":{"rendered":"http:\/\/turkiyekanttoplulugu.org\/?page_id=9148"},"modified":"2023-12-31T14:48:52","modified_gmt":"2023-12-31T11:48:52","slug":"duzenleme-kurulu","status":"publish","type":"page","link":"http:\/\/turkiyekanttoplulugu.org\/?page_id=9148","title":{"rendered":"D\u00fczenleme Kurulu"},"content":{"rendered":"\n<p><strong>Konferans D\u00fczenleme Kurulu<\/strong><\/p>\n\n\n\n<ul><li>\u00c7a\u011fla \u00d6zcan<\/li><li>Gamze Keskin<\/li><li>Halise Av\u015far<\/li><li>Mehmet Arslan<\/li><li>\u00d6zg\u00fc\u00e7 G\u00fcven<\/li><\/ul>\n\n\n\n<p>Etkinlikle ilgili soru ve \u00f6nerileriniz i\u00e7in turkiyekanttoplulugu@gmail.com adresine e-posta yoluyla ula\u015fabilirsiniz.<\/p>\n","protected":false},"excerpt":{"rendered":"<p class=\"teaser\">Konferans D\u00fczenleme Kurulu \u00c7a\u011fla \u00d6zcan Gamze Keskin Halise Av\u015far Mehmet Arslan \u00d6zg\u00fc\u00e7 G\u00fcven Etkinlikle ilgili soru ve \u00f6nerileriniz i\u00e7in turkiyekanttoplulugu@gmail.com adresine e-posta yoluyla ula\u015fabilirsiniz.<\/p>\n","protected":false},"author":1,"featured_media":0,"parent":0,"menu_order":0,"comment_status":"closed","ping_status":"closed","template":"","meta":{"spay_email":""},"_links":{"self":[{"href":"http:\/\/turkiyekanttoplulugu.org\/index.php?rest_route=\/wp\/v2\/pages\/9148"}],"collection":[{"href":"http:\/\/turkiyekanttoplulugu.org\/index.php?rest_route=\/wp\/v2\/pages"}],"about":[{"href":"http:\/\/turkiyekanttoplulugu.org\/index.php?rest_route=\/wp\/v2\/types\/page"}],"author":[{"embeddable":true,"href":"http:\/\/turkiyekanttoplulugu.org\/index.php?rest_route=\/wp\/v2\/users\/1"}],"replies":[{"embeddable":true,"href":"http:\/\/turkiyekanttoplulugu.org\/index.php?rest_route=%2Fwp%2Fv2%2Fcomments&post=9148"}],"version-history":[{"count":1,"href":"http:\/\/turkiyekanttoplulugu.org\/index.php?rest_route=\/wp\/v2\/pages\/9148\/revisions"}],"predecessor-version":[{"id":9149,"href":"http:\/\/turkiyekanttoplulugu.org\/index.php?rest_route=\/wp\/v2\/pages\/9148\/revisions\/9149"}],"wp:attachment":[{"href":"http:\/\/turkiyekanttoplulugu.org\/index.php?rest_route=%2Fwp%2Fv2%2Fmedia&parent=9148"}],"curies":[{"name":"wp","href":"https:\/\/api.w.org\/{rel}","templated":true}]}}