{"id":8999,"date":"2023-11-13T17:05:43","date_gmt":"2023-11-13T14:05:43","guid":{"rendered":"http:\/\/turkiyekanttoplulugu.org\/?page_id=8999"},"modified":"2024-04-11T11:02:00","modified_gmt":"2024-04-11T08:02:00","slug":"sempozyum-programi","status":"publish","type":"page","link":"http:\/\/turkiyekanttoplulugu.org\/?page_id=8999","title":{"rendered":"Sempozyum Program\u0131"},"content":{"rendered":"\n<p><strong>Dicle \u00dcniversitesi K\u00fclt\u00fcr ve Sanat Merkezi Sur\/Diyarbak\u0131r<\/strong><\/p>\n\n\n\n<p><strong><span style=\"color:#a30028\" class=\"has-inline-color\">1. G\u00dcN \u2013&nbsp;(7 Mart 2024)<\/span><\/strong><\/p>\n\n\n\n<p>09:00 \u2013 09:30 A\u00e7\u0131l\u0131\u015f Konu\u015fmalar\u0131<\/p>\n\n\n\n<p>Dicle \u00dcniversitesi Felsefe B\u00f6l\u00fcm\u00fc Sempozyum Koordinat\u00f6r\u00fc<strong> S\u0131racettin Aslan<\/strong><br>Dicle \u00dcniversitesi Felsefe B\u00f6l\u00fcm Ba\u015fkan\u0131<strong> Nurten \u00d6ztanr\u0131kulu \u00d6zel<\/strong><br>T\u00fcrkiye Kant Toplulu\u011fu Ba\u015fkan\u0131<strong> Gamze Keskin<\/strong><br>Dicle \u00dcniversitesi Edebiyat Fak\u00fcltesi Dekan\u0131<strong> Mehmet Mesut Ergin<\/strong><br>Sur \u0130l\u00e7e Kaymakam\u0131 ve Sur Belediye Ba\u015fkan V.<strong> As\u0131m Solak<br><\/strong>Dicle \u00dcniversitesi Rekt\u00f6r\u00fc<strong> Mehmet Karako\u00e7<\/strong><\/p>\n\n\n\n<p>1.Oturum \/ 09:30 \u2013 11:00&nbsp;\u2013 Oturum Ba\u015fkan\u0131:&nbsp;<strong>B\u00fclent S\u00f6nmez (\u0130zmir Katip \u00c7elebi \u00dcniversitesi Felsefe B\u00f6l\u00fcm\u00fc)<\/strong><\/p>\n\n\n\n<ul><li><strong>Ahmet Ayhan \u00c7itil (\u0130stanbul 29 May\u0131s \u00dcniversitesi Felsefe B\u00f6l\u00fcm\u00fc):<\/strong>&nbsp;Kant\u00e7\u0131 D\u00fc\u015f\u00fcncede Mutlak ve \u0130z\u00e2f\u00ee Gayb\u0131n Konumland\u0131r\u0131l\u0131\u015f\u0131<\/li><li><strong>\u00c7etin T\u00fcrky\u0131lmaz (Hacettepe \u00dcniversitesi Felsefe B\u00f6l\u00fcm\u00fc):<\/strong>&nbsp;Bergson ve Kant: Zihinsel Bir G\u00f6r\u00fcn\u00fcn Olana\u011f\u0131 Sorunu<\/li><li><strong>Mert Can Yirmibe\u015f (Mardin Artuklu \u00dcniversitesi Felsefe B\u00f6l\u00fcm\u00fc)<\/strong>: Kuruculuk ve Reg\u00fclatiflik Ayr\u0131m\u0131nda Modalite Kategorisinin Konumu<\/li><\/ul>\n\n\n\n<p>2.Oturum \/ 11:15 \u2013 12:45&nbsp;\u2013 Oturum Ba\u015fkan\u0131:&nbsp;<strong>\u0130brahim Halil \u00c7etres (Mardin Artuklu \u00dcniversitesi Felsefe B\u00f6l\u00fcm\u00fc)<\/strong><\/p>\n\n\n\n<ul><li><strong>H. B\u00fclent G\u00f6zk\u00e2n (Mimar Sinan G\u00fczel Sanatlar \u00dcniversitesi Felsefe B\u00f6l\u00fcm\u00fc):<\/strong> Kant&#8217;\u0131n Biyoloji Felsefesi<\/li><li><strong>G\u00f6khan Orhan (Mardin Artuklu \u00dcniversitesi Felsefe B\u00f6l\u00fcm\u00fc):<\/strong>&nbsp;Badiou&#8217;dan Kant&#8217;a: Canl\u0131l\u0131\u011f\u0131n Yaz\u0131lmayan Hikayesi<\/li><li><strong>Mahmut Me\u00e7in (Mardin Artuklu \u00dcniversitesi Felsefe B\u00f6l\u00fcm\u00fc):<\/strong>&nbsp;Kant\u2019\u0131n Epistemolojisinde \u0130nsan\u0131n Bilgi(lenim) Sistemi: \u0130nsan Nas\u0131l Bilir?<\/li><\/ul>\n\n\n\n<p>3. Oturum \/ 14:00 \u2013 15:30 \u2013 Oturum Ba\u015fkan\u0131:&nbsp;<strong>Yunus Cengiz (Mardin Artuklu \u00dcniversitesi Felsefe B\u00f6l\u00fcm\u00fc)<\/strong><\/p>\n\n\n\n<ul><li><strong>Gamze Keskin (K\u0131rklareli \u00dcniversitesi Felsefe B\u00f6l\u00fcm\u00fc):<\/strong>&nbsp;Kant&#8217;\u0131n Esteti\u011fini Epistemolojisinden Ay\u0131rabilir miyiz?: Yeti Merkezli Bir Soru\u015fturma<\/li><li><strong>Tu\u011fba Yaz\u0131c\u0131<\/strong> <strong>(Atat\u00fcrk \u00dcniversitesi Felsefe B\u00f6l\u00fcm\u00fc):<\/strong>&nbsp;Kant\u2019\u0131n Estetik Yarg\u0131 Yetisindeki Ama\u00e7s\u0131z Ama\u00e7l\u0131l\u0131k \u0130lkesinden \u0130nsan\u0131n \u00d6zg\u00fcrl\u00fc\u011f\u00fcne Bir Kap\u0131 Aralanabilir mi?<\/li><li><strong>Enis Elmas (Kocaeli \u00dcniversitesi Felsefe B\u00f6l\u00fcm\u00fc):<\/strong>&nbsp;Kant Epistemolojisindeki \u0130mgelem Yorumuna Dair \u00c7a\u011fda\u015f \u00d6zne Okumalar\u0131: Heidegger Ve Derrida Perspektifi<\/li><\/ul>\n\n\n\n<p>4. Oturum \/ 15:45 \u2013 17:30 \u2013 Oturum Ba\u015fkan\u0131:&nbsp;<strong>Senem Kurtar (Gaziantep \u00dcniversitesi Felsefe B\u00f6l\u00fcm\u00fc)<\/strong><\/p>\n\n\n\n<ul><li><strong><strong>Senem Kurtar (Gaziantep \u00dcniversitesi Felsefe B\u00f6l\u00fcm\u00fc)<\/strong>:<\/strong>&nbsp;Mek\u00e2n ve Zaman Fenomenolojisi \u0130zle\u011finde \u201cKant\u2019\u0131 Kant\u2019tan Daha \u0130yi Anlamak!\u201d<\/li><li><strong>Kubilay Ho\u015fg\u00f6r (Mu\u011fla S\u0131tk\u0131 Ko\u00e7man \u00dcniversitesi Felsefe B\u00f6l\u00fcm\u00fc):<\/strong>&nbsp;Saf Akl\u0131n Disiplini ile Kar\u015f\u0131tl\u0131\u011f\u0131 \u0130\u00e7inde K\u00fclt\u00fcre Kant\u2019\u0131n Yakla\u015f\u0131m\u0131 \u00dczerine Spek\u00fclasyonlar<\/li><li><strong>G\u00f6khan Sava\u015f (\u0130stanbul 29 May\u0131s \u00dcniversitesi Felsefe B\u00f6l\u00fcm\u00fc):<\/strong>&nbsp;\u0130ptal Edilenin Geri D\u00f6n\u00fc\u015f\u00fc: \u2018Kendinde\u2019li\u011fe Bug\u00fcn Neden \u0130htiya\u00e7 Duymal\u0131y\u0131z?<\/li><li><strong>Sefa Melih Akg\u00fcn (Mimar Sinan G\u00fczel Sanatlar \u00dcniversitesi Felsefe B\u00f6l\u00fcm\u00fc)<\/strong>: Saf Akl\u0131n Ele\u015ftirisi\u2019nde Salakl\u0131k<\/li><\/ul>\n\n\n\n<p><strong><span style=\"color:#a3001f\" class=\"has-inline-color\">2. G\u00dcN \u2013&nbsp;<em>&nbsp;<\/em>(8 Mart 2024)<\/span><\/strong><\/p>\n\n\n\n<p>1.Oturum \/ 09:00 \u2013 10:30 \u2013 &nbsp;Oturum Ba\u015fkan\u0131:&nbsp;<strong>Seyit Ahmet Atak (Dicle \u00dcniversitesi Felsefe B\u00f6l\u00fcm\u00fc<\/strong>)<\/p>\n\n\n\n<ul><li><strong>Nurten \u00d6ztanr\u0131kulu \u00d6zel (Dicle \u00dcniversitesi Felsefe B\u00f6l\u00fcm\u00fc:)<\/strong>&nbsp;Kant&#8217;\u0131n Kritik Felsefesinde Humecu Skeptisizmin Epistemik Stat\u00fcs\u00fc<\/li><li><strong>Ferdi Selim (Sivas Cumhuriyet \u00dcniversitesi Felsefe B\u00f6l\u00fcm\u00fc)<\/strong>: Epistemolojinin \u0130cad\u0131: Rortyci Ayna Metaforu Perspektifinden Kant\u2019\u0131n Bilgi Anlay\u0131\u015f\u0131 \u00dczerine Bir Tart\u0131\u015fma<\/li><li><strong>Kutlu Tuncel (Orta Do\u011fu Teknik \u00dcniversitesi Felsefe B\u00f6l\u00fcm\u00fc)<\/strong>: Kant ve Descartes\u2019\u0131n K\u00f6t\u00fc Cini: Felsefenin Skandal\u0131 Olarak Global \u015e\u00fcphecilik<\/li><\/ul>\n\n\n\n<p>2.Oturum \/ 10:45 \u2013 12:15 \u2013 Oturum Ba\u015fkan\u0131:&nbsp;<strong>\u00d6mer Bozkurt (Mardin Artuklu \u00dcniversitesi \u0130slam Felsefesi Anabilim Dal\u0131<\/strong>)<\/p>\n\n\n\n<ul><li><strong>Baha Zafer (\u0130stanbul Teknik \u00dcniversitesi U\u00e7ak M\u00fchendisli\u011fi B\u00f6l\u00fcm\u00fc)<\/strong>: Genel \u0130zafiyet Teorisinin \u0130zinde: Cassirer&#8217;in Kant Felsefesi Yorumu \u00dczerine<\/li><li><strong>Mustafa Ko\u00e7 (\u0130n\u00f6n\u00fc \u00dcniversitesi Felsefe B\u00f6l\u00fcm\u00fc)<\/strong>: Kant\u2019\u0131n Uzay Ve Zaman Kuram\u0131 Ba\u011flam\u0131nda Zaman\u0131n Ba\u015flang\u0131\u00e7 Ko\u015fullar\u0131n\u0131n Epistemolojik \u0130mk\u00e2n\u0131<\/li><li><strong>Mustafa Efe Ate\u015f (Mu\u011fla S\u0131tk\u0131 Ko\u00e7man \u00dcniversitesi Felsefe B\u00f6l\u00fcm\u00fc)<\/strong>: Kant, Determinizm Bi\u00e7imleri ve Co\u011frafyan\u0131n Bir Bilim Olarak \u0130n\u015fas\u0131<\/li><\/ul>\n\n\n\n<p>3.Oturum \/ 14:00 \u2013 15:30 \u2013 Oturum Ba\u015fkan\u0131:&nbsp;<strong><strong>Ahmet Ayhan \u00c7itil (\u0130stanbul 29 May\u0131s \u00dcniversitesi Felsefe B\u00f6l\u00fcm\u00fc)<\/strong><\/strong><\/p>\n\n\n\n<ul><li><strong>\u00d6zg\u00fc\u00e7 G\u00fcven (\u0130stanbul \u00dcniversitesi Felsefe B\u00f6l\u00fcm\u00fc):<\/strong>&nbsp;Kant-Eberhard Tart\u0131\u015fmas\u0131: G\u00fcncellenen Transendental Felsefe<\/li><li><strong>Halise Av\u015far (\u0130stanbul \u00dcniversitesi Felsefe B\u00f6l\u00fcm\u00fc):<\/strong>&nbsp;Kant ve Matematik<\/li><li><strong>Osman Gazi Birg\u00fcl (Manisa Celal Bayar \u00dcniversitesi Felsefe B\u00f6l\u00fcm\u00fc):<\/strong>&nbsp;\u0130mleyiciler ve Kant\u2019\u0131n Uyu\u015fmayan Geometrik Simetrikleri<\/li><\/ul>\n\n\n\n<p>4.Oturum (Paralel Oturum-B\u00fcy\u00fck Salon) \/ 15:45 \u2013 17:15 \u2013 Oturum Ba\u015fkan\u0131:&nbsp;<strong><strong>Abdurrazak G\u00fcltekin (Bing\u00f6l \u00dcniversitesi Felsefe B\u00f6l\u00fcm\u00fc)<\/strong><\/strong><\/p>\n\n\n\n<ul><li><strong>Mehmet Arslan (Samsun \u00dcniversitesi Temel Bilimler B\u00f6l\u00fcm\u00fc<\/strong>)<strong>:<\/strong>&nbsp;Dil Ve D\u00fc\u015f\u00fcnce ve \u201cS\u0131n\u0131r\u201d<\/li><li><strong>S\u0131racettin Aslan (Dicle \u00dcniversitesi Felsefe B\u00f6l\u00fcm\u00fc):<\/strong> Kant Felsefesinde Dil-Bilgi \u0130li\u015fkisi \u00dczerine<\/li><li><strong>Erman Kar (\u00c7ank\u0131r\u0131 Karatekin \u00dcniversitesi Felsefe B\u00f6l\u00fcm\u00fc)<\/strong>: Bilme Yetisinin S\u0131n\u0131r\u0131 Olmas\u0131 Bak\u0131m\u0131ndan Metafizik: Aristoteles ve Kant&#8217;ta Metafizi\u011fin Bilimselli\u011fi \u00dczerine<\/li><\/ul>\n\n\n\n<p>4.Oturum (Paralel Oturum-Kitapl\u0131k) \/ 15:45 \u2013 17:15 \u2013 Oturum Ba\u015fkan\u0131:\u00a0<strong><strong>Sedat Bing\u00f6l (Mardin Artuklu \u00dcniversitesi Felsefe B\u00f6l\u00fcm\u00fc<\/strong><\/strong>)<\/p>\n\n\n\n<ul><li><strong>Necip Uyan\u0131k (Mardin Artuklu \u00dcniversitesi Felsefe B\u00f6l\u00fcm\u00fc<\/strong>)<strong>:<\/strong>&nbsp;Negatif Teolojiden Kritik\/Agnostik Epistemolojiye: Kant Epistemolojisinin Ksenophanes\u00e7i K\u00f6kenleri \u00dczerine Bir Ara\u015ft\u0131rma<\/li><li><strong>Z\u00fclal Hazal Karaka\u015f (Hacettepe \u00dcniversitesi Felsefe B\u00f6l\u00fcm\u00fc<\/strong>)<strong>:<\/strong> \u015eema ve \u0130dea Kavramlar\u0131 A\u00e7\u0131s\u0131ndan Kant ile Platon Ba\u011flant\u0131s\u0131 \u00dczerine<\/li><li><strong>Fatih K\u00f6k (Dicle \u00dcniversitesi Felsefe B\u00f6l\u00fcm\u00fc)<\/strong>: Eukleides Dizgesinde Ne &#8216;G\u00f6r\u00fc&#8217;ld\u00fc?<\/li><\/ul>\n\n\n\n<p>De\u011ferlendirme ve Kapan\u0131\u015f Oturumu \/ 17:30-18:15 &#8211; <strong>Oturum Ba\u015fkan\u0131: Nurten \u00d6ztanr\u0131kulu \u00d6zel<\/strong><\/p>\n\n\n\n<ul><li><strong>Ahmet Ayhan \u00c7itil<\/strong><\/li><li><strong>\u00c7etin T\u00fcrky\u0131lmaz<\/strong><\/li><li><strong>Gamze Keskin<\/strong><\/li><li><strong>Hasan B\u00fclent G\u00f6zk\u00e2n<\/strong><\/li><li><strong>\u00d6zg\u00fc\u00e7 G\u00fcven<\/strong><\/li><li><strong>Senem Kurtar<\/strong><\/li><li><strong>S\u0131racettin Aslan<\/strong><\/li><\/ul>\n\n\n\n<div class=\"wp-block-file\"><a href=\"http:\/\/turkiyekanttoplulugu.org\/wp-content\/uploads\/2024\/03\/Kant-ve-Epistemoloji-Program-Kitapc\u0327ig\u0306i-kopyasi.png\">Kant ve Epistemoloji Program Kitap\u00e7\u0131\u011f\u0131<\/a><a href=\"http:\/\/turkiyekanttoplulugu.org\/wp-content\/uploads\/2024\/03\/Kant-ve-Epistemoloji-Program-Kitapc\u0327ig\u0306i-kopyasi.png\" class=\"wp-block-file__button\" download>\u0130ndir<\/a><\/div>\n\n\n\n<p><\/p>\n","protected":false},"excerpt":{"rendered":"<p class=\"teaser\">Dicle \u00dcniversitesi K\u00fclt\u00fcr ve Sanat Merkezi Sur\/Diyarbak\u0131r 1. G\u00dcN \u2013&nbsp;(7 Mart 2024) 09:00 \u2013 09:30 A\u00e7\u0131l\u0131\u015f Konu\u015fmalar\u0131 Dicle \u00dcniversitesi Felsefe B\u00f6l\u00fcm\u00fc Sempozyum Koordinat\u00f6r\u00fc S\u0131racettin AslanDicle \u00dcniversitesi Felsefe B\u00f6l\u00fcm Ba\u015fkan\u0131 Nurten \u00d6ztanr\u0131kulu \u00d6zelT\u00fcrkiye Kant Toplulu\u011fu Ba\u015fkan\u0131 Gamze KeskinDicle \u00dcniversitesi Edebiyat Fak\u00fcltesi Dekan\u0131 Mehmet Mesut ErginSur \u0130l\u00e7e Kaymakam\u0131 ve Sur Belediye Ba\u015fkan V. As\u0131m SolakDicle \u00dcniversitesi Rekt\u00f6r\u00fc &hellip;<\/p>\n","protected":false},"author":1,"featured_media":0,"parent":0,"menu_order":0,"comment_status":"closed","ping_status":"closed","template":"","meta":{"spay_email":""},"_links":{"self":[{"href":"http:\/\/turkiyekanttoplulugu.org\/index.php?rest_route=\/wp\/v2\/pages\/8999"}],"collection":[{"href":"http:\/\/turkiyekanttoplulugu.org\/index.php?rest_route=\/wp\/v2\/pages"}],"about":[{"href":"http:\/\/turkiyekanttoplulugu.org\/index.php?rest_route=\/wp\/v2\/types\/page"}],"author":[{"embeddable":true,"href":"http:\/\/turkiyekanttoplulugu.org\/index.php?rest_route=\/wp\/v2\/users\/1"}],"replies":[{"embeddable":true,"href":"http:\/\/turkiyekanttoplulugu.org\/index.php?rest_route=%2Fwp%2Fv2%2Fcomments&post=8999"}],"version-history":[{"count":4,"href":"http:\/\/turkiyekanttoplulugu.org\/index.php?rest_route=\/wp\/v2\/pages\/8999\/revisions"}],"predecessor-version":[{"id":9691,"href":"http:\/\/turkiyekanttoplulugu.org\/index.php?rest_route=\/wp\/v2\/pages\/8999\/revisions\/9691"}],"wp:attachment":[{"href":"http:\/\/turkiyekanttoplulugu.org\/index.php?rest_route=%2Fwp%2Fv2%2Fmedia&parent=8999"}],"curies":[{"name":"wp","href":"https:\/\/api.w.org\/{rel}","templated":true}]}}