{"id":8995,"date":"2023-11-13T17:04:00","date_gmt":"2023-11-13T14:04:00","guid":{"rendered":"http:\/\/turkiyekanttoplulugu.org\/?page_id=8995"},"modified":"2024-02-23T16:04:54","modified_gmt":"2024-02-23T13:04:54","slug":"kurullar","status":"publish","type":"page","link":"http:\/\/turkiyekanttoplulugu.org\/?page_id=8995","title":{"rendered":"Kurullar"},"content":{"rendered":"\n<p><strong>Koordinat\u00f6rler<\/strong><\/p>\n\n\n\n<p>Do\u00e7. Dr. Nurten \u00d6ztanr\u0131kulu \u00d6zel \/ Dicle \u00dcniversitesi<\/p>\n\n\n\n<p>Dr. \u00d6\u011fr. \u00dcyesi S\u0131racettin Aslan \/ Dicle \u00dcniversitesi<\/p>\n\n\n\n<p><strong>D\u00fczenleme Kurulu<\/strong><\/p>\n\n\n\n<p>Prof. Dr. Ahmet Ayhan \u00c7itil \/ 29 May\u0131s \u00dcniversitesi<\/p>\n\n\n\n<p>Prof. Dr. \u00d6zg\u00fc\u00e7 G\u00fcven \/ \u0130stanbul \u00dcniversitesi<\/p>\n\n\n\n<p>Do\u00e7. Dr. Gamze Keskin \/ K\u0131rklareli \u00dcniversitesi<\/p>\n\n\n\n<p>Dr. \u00d6\u011fr. \u00dcyesi Umut Eldem \/ Do\u011fu\u015f \u00dcniversitesi<\/p>\n\n\n\n<p>\u00d6\u011fr. G\u00f6r. Seyit Ahmet Atak \/ Dicle \u00dcniversitesi<\/p>\n\n\n\n<p><strong>Sekreterya<\/strong><\/p>\n\n\n\n<p>Ar\u015f. G\u00f6r. Fatih K\u00f6k \/ Dicle \u00dcniversitesi<\/p>\n\n\n\n<p>B\u00fckem \u00d6z\u00e7eri \/ T\u00fcrkiye Kant Toplulu\u011fu<\/p>\n\n\n\n<p><strong>Bilim Kurulu<\/strong><\/p>\n\n\n\n<ul><li>Prof. Dr. Ahmet Ayhan \u00c7itil \/ \u0130stanbul 29 May\u0131s \u00dcniversitesi<\/li><li>Prof. Dr. Alparslan A\u00e7\u0131kgen\u00e7 \/ \u0130bn Haldun \u00dcniversitesi<\/li><li>Prof. Dr. Berfin Kart Tepe \/ Ayd\u0131n Adnan Menderes \u00dcniversitesi<\/li><li>Prof. Dr. Bet\u00fcl \u00c7otuks\u00f6ken \/ Maltepe \u00dcniversitesi<\/li><li>Prof. Dr. B\u00fclent S\u00f6nmez \/ \u0130zmir Katip \u00c7elebi \u00dcniversitesi<\/li><li>Prof. Dr. Cengiz \u00c7akmak \/ \u0130stanbul \u00dcniversitesi<\/li><li>Prof. Dr. Emin \u00c7elebi \/ \u0130n\u00f6n\u00fc \u00dcniversitesi<\/li><li>Prof. Dr. Emre \u015ean \/ \u0130stanbul 29 May\u0131s \u00dcniversitesi<\/li><li>Prof. Dr. Halil Rahman Acar \/ Ankara Sosyal Bilimler \u00dcniversitesi<\/li><li>Prof. Dr. Harun Tepe \/ Hacettepe \u00dcniversitesi<\/li><li>Prof. Dr. Hasan B\u00fclent G\u00f6zkan \/ Mimar Sinan G\u00fczel Sanatlar \u00dcniversitesi<\/li><li>Prof. Dr. Mehmet G\u00fcnen\u00e7 \/ \u0130stanbul \u00dcniversitesi<\/li><li>Prof. Dr. Kaan Harun \u00d6kten \/ Mimar Sinan G\u00fczel Sanatlar \u00dcniversitesi<\/li><li>Prof. Dr. \u00d6zg\u00fc\u00e7 G\u00fcven \/ \u0130stanbul \u00dcniversitesi<\/li><li>Prof. Dr. Tahsin G\u00f6rg\u00fcn \/ \u0130stanbul 29 May\u0131s \u00dcniversitesi<\/li><li>Prof. Dr. Yunus Cengiz \/ Mardin Artuklu \u00dcniversitesi<\/li><li>Prof. Dr. Yusuf Mehmet \u00d6rnek \/ Antalya Bilim \u00dcniversitesi<\/li><li>Prof. Dr. U\u011fur Ekren \/ \u0130stanbul \u00dcniversitesi<\/li><li>Do\u00e7. Dr. Abderrazak G\u00fcltekin \/ Bing\u00f6l \u00dcniversitesi<\/li><li>Do\u00e7. Dr. \u00c7etin T\u00fcrky\u0131lmaz \/ Hacettepe \u00dcniversitesi<\/li><li>Do\u00e7. Dr. Lale Levin Basut \/ Yeditepe \u00dcniversitesi<\/li><li>Do\u00e7. Dr. Nurten \u00d6ztanr\u0131kulu \u00d6zel \/ Dicle \u00dcniversitesi<\/li><li>Do\u00e7. Dr. \u00d6zlem Duva Kaya \/ Dokuz Eyl\u00fcl \u00dcniversitesi<\/li><li>Do\u00e7. Dr. Toros G\u00fcne\u015f Esg\u00fcn \/ Hacettepe \u00dcniversitesi<\/li><li>Dr. \u00d6\u011fr. \u00dcyesi Ebru Pehlivan \/ Hali\u00e7 \u00dcniversitesi<\/li><li>Dr. \u00d6\u011fr. \u00dcyesi Elif \u00c7etink\u0131ran \/ K\u0131rklareli \u00dcniversitesi<\/li><li>Dr. \u00d6\u011fr. \u00dcyesi \u0130brahim Halil \u00c7etres \/ Mardin Artuklu \u00dcniversitesi<\/li><li>Dr. \u00d6\u011fr. \u00dcyesi Mehmet Arslan \/ Samsun \u00dcniversitesi<\/li><li>Dr. \u00d6\u011fr. \u00dcyesi Saniye Vatansever \/ Bilkent \u00dcniversitesi<\/li><li>Dr. \u00d6\u011fr. \u00dcyesi Seniye Tilev \/ Kadir Has \u00dcniversitesi<\/li><li>Dr. \u00d6\u011fr. \u00dcyesi S\u0131racettin Aslan \/ Dicle \u00dcniversitesi<\/li><li>Dr. \u00d6\u011fr. \u00dcyesi Tu\u011fba Sevin\u00e7 \/ Kadir Has \u00dcniversitesi<\/li><li>Dr. \u00d6\u011fr. \u00dcyesi Vehbi Metin Demir \/ Bursa Uluda\u011f \u00dcniversitesi<\/li><li>Dr. \u00d6\u011fr. G\u00f6r. Selda Salman \/ \u0130stanbul K\u00fclt\u00fcr \u00dcniversitesi<\/li><\/ul>\n","protected":false},"excerpt":{"rendered":"<p class=\"teaser\">Koordinat\u00f6rler Do\u00e7. Dr. Nurten \u00d6ztanr\u0131kulu \u00d6zel \/ Dicle \u00dcniversitesi Dr. \u00d6\u011fr. \u00dcyesi S\u0131racettin Aslan \/ Dicle \u00dcniversitesi D\u00fczenleme Kurulu Prof. Dr. Ahmet Ayhan \u00c7itil \/ 29 May\u0131s \u00dcniversitesi Prof. Dr. \u00d6zg\u00fc\u00e7 G\u00fcven \/ \u0130stanbul \u00dcniversitesi Do\u00e7. Dr. Gamze Keskin \/ K\u0131rklareli \u00dcniversitesi Dr. \u00d6\u011fr. \u00dcyesi Umut Eldem \/ Do\u011fu\u015f \u00dcniversitesi \u00d6\u011fr. G\u00f6r. Seyit Ahmet Atak &hellip;<\/p>\n","protected":false},"author":1,"featured_media":0,"parent":0,"menu_order":0,"comment_status":"closed","ping_status":"closed","template":"","meta":{"spay_email":""},"_links":{"self":[{"href":"http:\/\/turkiyekanttoplulugu.org\/index.php?rest_route=\/wp\/v2\/pages\/8995"}],"collection":[{"href":"http:\/\/turkiyekanttoplulugu.org\/index.php?rest_route=\/wp\/v2\/pages"}],"about":[{"href":"http:\/\/turkiyekanttoplulugu.org\/index.php?rest_route=\/wp\/v2\/types\/page"}],"author":[{"embeddable":true,"href":"http:\/\/turkiyekanttoplulugu.org\/index.php?rest_route=\/wp\/v2\/users\/1"}],"replies":[{"embeddable":true,"href":"http:\/\/turkiyekanttoplulugu.org\/index.php?rest_route=%2Fwp%2Fv2%2Fcomments&post=8995"}],"version-history":[{"count":8,"href":"http:\/\/turkiyekanttoplulugu.org\/index.php?rest_route=\/wp\/v2\/pages\/8995\/revisions"}],"predecessor-version":[{"id":9355,"href":"http:\/\/turkiyekanttoplulugu.org\/index.php?rest_route=\/wp\/v2\/pages\/8995\/revisions\/9355"}],"wp:attachment":[{"href":"http:\/\/turkiyekanttoplulugu.org\/index.php?rest_route=%2Fwp%2Fv2%2Fmedia&parent=8995"}],"curies":[{"name":"wp","href":"https:\/\/api.w.org\/{rel}","templated":true}]}}