{"id":8991,"date":"2023-11-13T16:55:22","date_gmt":"2023-11-13T13:55:22","guid":{"rendered":"http:\/\/turkiyekanttoplulugu.org\/?page_id=8991"},"modified":"2023-11-13T17:10:10","modified_gmt":"2023-11-13T14:10:10","slug":"kant-ve-epistemoloji","status":"publish","type":"page","link":"http:\/\/turkiyekanttoplulugu.org\/?page_id=8991","title":{"rendered":"Kant ve Epistemoloji"},"content":{"rendered":"\n<p>Kant\u2019\u0131n do\u011fumundan 300 y\u0131l sonra bile onun felsefi miras\u0131n\u0131n b\u00fct\u00fcn verimlili\u011fi ve canl\u0131l\u0131\u011f\u0131yla kar\u015f\u0131m\u0131zda durdu\u011fu s\u00f6ylenebilir. Her y\u0131l Kant felsefesi \u00fczerine onlarca kitap ve makale bas\u0131lmakta, d\u00fcnya \u00e7ap\u0131nda konferanslar, paneller ve konu\u015fmalar d\u00fczenlenmektedir. T\u00fcrkiye Kant Toplulu\u011fu da bu \u00e7al\u0131\u015fmalar\u0131 destekleyen ve g\u00fcncel Kant tart\u0131\u015fmalar\u0131n\u0131n T\u00fcrkiye\u2019de takip edilebilmesini ama\u00e7layan, bu ba\u011flamda uluslararas\u0131 yap\u0131larla da i\u015f birli\u011fi i\u00e7inde faaliyetlerini s\u00fcrd\u00fcrmektedir. Bu ba\u011flamda Kant\u2019\u0131n do\u011fumunun 300. Y\u0131l\u0131 kapsam\u0131nda 2024 y\u0131l\u0131 i\u00e7inde T\u00fcrkiye\u2019nin \u00e7e\u015fitli yerlerinde bir dizi etkinlik planlamaktad\u0131r.<\/p>\n\n\n\n<p>Bu etkinliklerden bir tanesi de T\u00fcrkiye Kant Toplulu\u011fu ve Dicle \u00dcniversitesi Felsefe B\u00f6l\u00fcm\u00fc i\u015fbirli\u011fi ile 7-8 Mart 2024 tarihlerinde Dicle \u00dcniversitesi K\u00fclt\u00fcr ve Sanat Merkezinde ger\u00e7ekle\u015fecek olan \u201cKant ve Epistemoloji\u201d Sempozyumudur.<\/p>\n\n\n\n<p class=\"has-text-align-right\"><strong>Sempozyum D\u00fczenleme Kurulu<\/strong><\/p>\n","protected":false},"excerpt":{"rendered":"<p class=\"teaser\">Kant\u2019\u0131n do\u011fumundan 300 y\u0131l sonra bile onun felsefi miras\u0131n\u0131n b\u00fct\u00fcn verimlili\u011fi ve canl\u0131l\u0131\u011f\u0131yla kar\u015f\u0131m\u0131zda durdu\u011fu s\u00f6ylenebilir. Her y\u0131l Kant felsefesi \u00fczerine onlarca kitap ve makale bas\u0131lmakta, d\u00fcnya \u00e7ap\u0131nda konferanslar, paneller ve konu\u015fmalar d\u00fczenlenmektedir. T\u00fcrkiye Kant Toplulu\u011fu da bu \u00e7al\u0131\u015fmalar\u0131 destekleyen ve g\u00fcncel Kant tart\u0131\u015fmalar\u0131n\u0131n T\u00fcrkiye\u2019de takip edilebilmesini ama\u00e7layan, bu ba\u011flamda uluslararas\u0131 yap\u0131larla da i\u015f birli\u011fi &hellip;<\/p>\n","protected":false},"author":1,"featured_media":0,"parent":0,"menu_order":0,"comment_status":"closed","ping_status":"closed","template":"","meta":{"spay_email":""},"_links":{"self":[{"href":"http:\/\/turkiyekanttoplulugu.org\/index.php?rest_route=\/wp\/v2\/pages\/8991"}],"collection":[{"href":"http:\/\/turkiyekanttoplulugu.org\/index.php?rest_route=\/wp\/v2\/pages"}],"about":[{"href":"http:\/\/turkiyekanttoplulugu.org\/index.php?rest_route=\/wp\/v2\/types\/page"}],"author":[{"embeddable":true,"href":"http:\/\/turkiyekanttoplulugu.org\/index.php?rest_route=\/wp\/v2\/users\/1"}],"replies":[{"embeddable":true,"href":"http:\/\/turkiyekanttoplulugu.org\/index.php?rest_route=%2Fwp%2Fv2%2Fcomments&post=8991"}],"version-history":[{"count":2,"href":"http:\/\/turkiyekanttoplulugu.org\/index.php?rest_route=\/wp\/v2\/pages\/8991\/revisions"}],"predecessor-version":[{"id":9006,"href":"http:\/\/turkiyekanttoplulugu.org\/index.php?rest_route=\/wp\/v2\/pages\/8991\/revisions\/9006"}],"wp:attachment":[{"href":"http:\/\/turkiyekanttoplulugu.org\/index.php?rest_route=%2Fwp%2Fv2%2Fmedia&parent=8991"}],"curies":[{"name":"wp","href":"https:\/\/api.w.org\/{rel}","templated":true}]}}