{"id":8838,"date":"2023-08-15T12:06:17","date_gmt":"2023-08-15T09:06:17","guid":{"rendered":"http:\/\/turkiyekanttoplulugu.org\/?page_id=8838"},"modified":"2024-04-25T13:50:02","modified_gmt":"2024-04-25T10:50:02","slug":"konferans-programi","status":"publish","type":"page","link":"http:\/\/turkiyekanttoplulugu.org\/?page_id=8838","title":{"rendered":"Konferans Program\u0131"},"content":{"rendered":"\n<p><strong>Mersin \u00dcniversitesi U\u011fur Oral K\u00fclt\u00fcr Merkezi&nbsp;&nbsp; <\/strong><strong>Yeni\u015fehir\/Mersin<\/strong><strong><\/strong><\/p>\n\n\n\n<p><strong><span class=\"has-inline-color has-vivid-red-color\">1. G\u00dcN \u2013&nbsp;(2 May\u0131s 2024)<\/span><\/strong><\/p>\n\n\n\n<p>09:00 \u2013 9:30 A\u00e7\u0131l\u0131\u015f Konu\u015fmalar\u0131<br><br>T\u00fcrkiye Kant Toplulu\u011fu Ba\u015fkan\u0131<strong>&nbsp;Gamze Keskin<\/strong><br>Mersin \u00dcniversitesi \u0130nsan ve Toplum Bilimleri Fak\u00fcltesi Dekan\u0131<strong>&nbsp;Ta\u015fk\u0131ner Ketenci<br><\/strong>Mersin \u00dcniversitesi Rekt\u00f6r\u00fc<strong>&nbsp;Erol Ya\u015far<\/strong><\/p>\n\n\n\n<ol><li>Oturum \/ 09:30 \u2013 11:00&nbsp;\u2013 Oturum Ba\u015fkan\u0131:&nbsp;<strong>Zehrag\u00fcl A\u015fk\u0131n<\/strong><\/li><\/ol>\n\n\n\n<ul><li><strong>H. B\u00fclent G\u00f6zk\u00e2n (<\/strong><strong>Mimar Sinan G\u00fczel Sanatlar \u00dcniversitesi Felsefe B\u00f6l\u00fcm\u00fc<\/strong><strong>):<\/strong><strong> <\/strong>Teleolojiden Ahl\u00e2ki Bir D\u00fcnyaya<\/li><li><strong>Baha Zafer <\/strong><strong>(<\/strong><strong>\u0130stanbul Teknik \u00dcniversitesi U\u00e7ak M\u00fchendisli\u011fi B\u00f6l\u00fcm\u00fc<\/strong><strong>):<\/strong><strong> <\/strong>Kant\u2019\u0131n Do\u011fa Felsefesinde Madde Miktar\u0131 \u2013 Kuvvet \u0130li\u015fkisi \u00dczerine<\/li><li><strong>Sefa Melih Akg\u00fcn (<\/strong><strong>Mimar Sinan G\u00fczel Sanatlar \u00dcniversitesi Felsefe B\u00f6l\u00fcm\u00fc<\/strong><strong>):<\/strong><strong> <\/strong>Ayd\u0131nlanma Nedir: Bir Makineden Daha Fazlas\u0131<\/li><\/ul>\n\n\n\n<p>2. Oturum \/ 11:15 \u2013 12:15&nbsp;\u2013 Oturum Ba\u015fkan\u0131:&nbsp;<strong>Bar\u0131\u015f Ba\u011fc\u0131<\/strong><\/p>\n\n\n\n<ul><li><strong>Mehmet Arslan (Samsun \u00dcniversitesi):<\/strong> Yarg\u0131, Tasar\u0131m ve Paradoks<\/li><li><strong>Umut Eldem (Do\u011fu\u015f \u00dcniversitesi): <\/strong>Kant\u2019ta Akl\u0131n Birli\u011fi Problemi<\/li><\/ul>\n\n\n\n<p>3. Oturum \/ 14:00 \u2013 15:30 \u2013 Oturum Ba\u015fkan\u0131:&nbsp;<strong>Nurten \u00d6ztanr\u0131kulu \u00d6zel<\/strong><\/p>\n\n\n\n<ul><li><strong>Ferdi Selim (Sivas Cumhuriyet \u00dcniversitesi):<\/strong><strong> <\/strong>Kant Eti\u011finde Motivasyon ve Gerek\u00e7elendirme: \u2018Ak\u0131l Olgusu\u2019 \u00dczerine Bir Tart\u0131\u015fma<\/li><li><strong>Muhammet Emin Erdemli (Ondokuz May\u0131s \u00dcniversitesi)<\/strong>: Kant\u2019\u0131n Yalan Kavram\u0131 Ba\u011flam\u0131nda Mahkeme Huzurunda Yeminin Ele\u015ftirisi<\/li><li><strong>G\u00f6khan Sava\u015f (\u0130stanbul 29 May\u0131s \u00dcniversitesi)<\/strong><strong>:<\/strong>&nbsp;Kant\u2019\u0131n Sormad\u0131\u011f\u0131 4. Soruya Cevap Aramak: \u2018Neye Sahip Olmay\u0131 \u0130sterim?\u2019<\/li><\/ul>\n\n\n\n<p>4. Oturum \/ 16:00 \u2013 17:30 \u2013 Oturum Ba\u015fkan\u0131:&nbsp;<strong>Gamze Keskin<\/strong><\/p>\n\n\n\n<ul><li><strong>Kaan H. \u00d6kten (Mimar Sinan G\u00fczel Sanatlar \u00dcniversitesi Felsefe B\u00f6l\u00fcm\u00fc): <\/strong>Heidegger ve Kant<\/li><li><strong>Maya Mandalinci (Kadir Has \u00dcniversitesi): <\/strong>Kant\u2019\u0131 Sonlu Okumak: Heideggerci Bir Yorum<\/li><li><strong>Selda Salman (\u0130stanbul K\u00fclt\u00fcr \u00dcniversitesi)<\/strong>: \u0130lgi ve \u00c7\u0131kardan Ari Olmak ya da Daha \u0130yi Bir D\u00fcnya Anlay\u0131\u015f\u0131n\u0131n Transendental Temelleri<\/li><\/ul>\n\n\n\n<p><strong><span class=\"has-inline-color has-vivid-red-color\">2. G\u00dcN \u2013&nbsp;(3 May\u0131s 2024)<\/span><\/strong><\/p>\n\n\n\n<ol><li>Oturum \/ 09:30 \u2013 11:00 \u2013 &nbsp;Oturum Ba\u015fkan\u0131:&nbsp;<strong>Ey\u00fcp Erdo\u011fan<\/strong><\/li><\/ol>\n\n\n\n<ul><li><strong>Ta\u015fk\u0131ner Ketenci (Mersin \u00dcniversitesi) \u2013<\/strong> <em>Saf Akl\u0131n Ele\u015ftirisi<\/em>&#8216;ni Okumaya Ne Gerek Var?<\/li><li><strong>Seniye Tilev (Kadir Has \u00dcniversitesi):<\/strong> Kant\u2019\u0131n Erdem Eti\u011fi<\/li><li><strong>Seyit Baran \u00c7etin (Orta Do\u011fu Teknik \u00dcniversitesi Felsefe B\u00f6l\u00fcm\u00fc):<\/strong> Saf Akl\u0131n Reg\u00fclatif \u0130desi Olarak Tanr\u0131 ve Ahlaki Otonomi<\/li><\/ul>\n\n\n\n<p>2. Oturum \/ 11:15 \u2013 12:45 \u2013 Oturum Ba\u015fkan\u0131:&nbsp;<strong>Cengiz Mesut Tosun<\/strong><\/p>\n\n\n\n<ul><li><strong>Ceren Dalg\u0131\u00e7 (Hacettepe \u00dcniversitesi): <\/strong>Metafizikten S\u0131\u011f\u0131nma Olarak Kant ve Marx\u2019\u0131 Birlikte Okumak<\/li><li><strong>Tu\u011fba Sevin\u00e7 (Kadir Has \u00dcniversitesi):<\/strong> Rawls: Kant\u00e7\u0131 bir Bar\u0131\u015f S\u00f6zle\u015fmesi Tahayy\u00fcl\u00fc<\/li><li><strong>Metin Topuz (Mersin \u00dcniversitesi)-<\/strong> Kant ve K\u00f6t\u00fcl\u00fck Kavram\u0131n\u0131n S\u0131n\u0131rlar\u0131<\/li><\/ul>\n\n\n\n<p>3. Oturum \/ 14:00 \u2013 15:30 \u2013 Oturum Ba\u015fkan\u0131:&nbsp;<strong>Mehmet Arslan<\/strong><\/p>\n\n\n\n<ul><li><strong>Halise Av\u015far (\u0130stanbul \u00dcniversitesi):<\/strong><strong> <\/strong>Kant ve Euklides\u2019te Mereoloji<\/li><li><strong>Fazilet Al\u00e7\u0131k (\u0130stanbul 29 May\u0131s \u00dcniversitesi)<\/strong><strong>: <\/strong>Kant\u2019\u0131n Sonsuza Do\u011fru S\u00fcrekli Azalan K\u00fc\u00e7\u00fcklere Dair G\u00f6r\u00fc Anlay\u0131\u015f\u0131n\u0131n Tespiti ve G\u00fcn\u00fcm\u00fczde Yeniden Yap\u0131land\u0131r\u0131lmas\u0131<\/li><li><strong>\u00d6mer Fatih Tekin (Kastamonu \u00dcniversitesi):<\/strong>&nbsp;D\u00fcnyaya \u0130li\u015fkin Bilimsel Bilgimize Getirdi\u011fi Ko\u015fullar ve Felsefi \u00c7er\u00e7evesi E\u015fli\u011finde&nbsp;Kant\u2019\u0131n Bilim Felsefesi ve Yasalara Y\u00f6nelik G\u00f6r\u00fc\u015fleri<\/li><\/ul>\n\n\n\n<p>4. Oturum \/ 16:00 \u2013 17:30 \u2013 Oturum Ba\u015fkan\u0131:&nbsp;<strong>\u00d6zg\u00fc\u00e7 G\u00fcven<\/strong><\/p>\n\n\n\n<ul><li><strong>\u00c7a\u011fla \u00d6zcan (\u0130stanbul \u00dcniversitesi):<\/strong> Tekillik ve Dolays\u0131zl\u0131k A\u00e7\u0131s\u0131ndan Kant\u2019\u0131n G\u00f6r\u00fc Anlay\u0131\u015f\u0131<\/li><li><strong>Aran Arslan (Bo\u011fazi\u00e7i \u00dcniversitesi)<\/strong>: Hintikka\u2019n\u0131n Kant\u00e7\u0131 G\u00f6r\u00fc Yorumuna Bir Ele\u015ftiri<\/li><li><strong>Mustafa Kartal \u00c7elikay (Mersin \u00dcniversitesi):<\/strong><strong> <\/strong>\u00c7eviribilimin Kuramsal Temellerinde Kant Felsefesinin Varl\u0131\u011f\u0131n\u0131n Kan\u0131tlanmas\u0131<\/li><\/ul>\n\n\n\n<p><strong><span class=\"has-inline-color has-vivid-red-color\">3. G\u00dcN \u2013&nbsp;(4 May\u0131s 2024)<\/span><\/strong><\/p>\n\n\n\n<ol><li>Oturum \/ 10:00 \u2013 11:00 \u2013 &nbsp;Oturum Ba\u015fkan\u0131:&nbsp;<strong>\u00d6zlem Duva<\/strong><\/li><\/ol>\n\n\n\n<ul><li><strong>Ahmet Ayhan \u00c7itil (\u0130stanbul 29 May\u0131s \u00dcniversitesi): <\/strong>Kant\u2019\u0131n Transendental D\u00fc\u015f\u00fcncesinde Kanaat Nesnelerinin A\u00e7t\u0131\u011f\u0131 D\u00fc\u015f\u00fcnme ve Bilme \u0130mk\u00e2nlar\u0131n\u0131n S\u0131n\u0131rlar\u0131<\/li><li><strong>Emre \u015ean (\u0130stanbul 29 May\u0131s \u00dcniversitesi): <\/strong>Fenomenoloji Kopernik\u00e7i Devrimin Devam\u0131 m\u0131d\u0131r?<\/li><\/ul>\n\n\n\n<p>2. Oturum \/ 11:15 \u2013 12:45 \u2013 Oturum Ba\u015fkan\u0131:&nbsp;<strong>Tu\u011fba Sevin\u00e7<\/strong><\/p>\n\n\n\n<ul><li><strong>Altan Heper (\u00d6zye\u011fin \u00dcniversitesi): <\/strong>Kant\u2019\u0131n Hukuk Felsefesi, Kant\u2019ta Temel Norm<\/li><li><strong>Can Karab\u00f6cek (K\u0131rklareli \u00dcniversitesi):<\/strong> Hans Kensen\u2019de Kant\u00e7\u0131 Olan Neydi?<\/li><li><strong>Barbaros Ko\u00e7ak (A\u011fr\u0131 \u0130brahim \u00c7e\u00e7en \u00dcniversitesi): <\/strong>Kant\u2019\u0131n Politik Olana Katk\u0131s\u0131<\/li><\/ul>\n\n\n\n<p>3. Oturum \/ 14:00 \u2013 15:30 \u2013 Oturum Ba\u015fkan\u0131:&nbsp;<strong>Selda Salman<\/strong><\/p>\n\n\n\n<ul><li><strong>B\u00fckem \u00d6z\u00e7eri (Hacettepe \u00dcniversitesi):<\/strong><strong> <\/strong>Kant\u2019ta Hayvan\u0131n Yeri: \u0130nsan Merkezcilik<\/li><li><strong>\u00d6mer \u00dcnl\u00fc (Ankara Y\u0131ld\u0131r\u0131m Beyaz\u0131t \u00dcniversitesi):<\/strong><strong> <\/strong>\u0130nsand\u0131\u015f\u0131la\u015ft\u0131r\u0131lm\u0131\u015flar\u0131n Uyuyan Haklar\u0131 ve Kant\u00e7\u0131 Uluslararas\u0131 Hukukun Gelece\u011fi<\/li><li><strong>\u00d6zlem Duva (Dokuz Eyl\u00fcl \u00dcniversitesi):<\/strong> Kant Felsefesinde \u00d6z Yeterlilik \u0130lkesi ve Kapsay\u0131c\u0131 Yurtta\u015fl\u0131k Tart\u0131\u015fmas\u0131<\/li><\/ul>\n\n\n\n<p>Kapan\u0131\u015f Paneli \/ 16:00-17:30 \u2013&nbsp;Oturum\/Panel Ba\u015fkan\u0131:<strong> H. B\u00fclent G\u00f6zk\u00e2n<\/strong><\/p>\n\n\n\n<ul><li><strong>Ahmet Ayhan \u00c7itil (\u0130stanbul 29 May\u0131s \u00dcniversitesi), Gamze Keskin (K\u0131rklareli \u00dcniversitesi), \u00d6zg\u00fc\u00e7 G\u00fcven (\u0130stanbul \u00dcniversitesi) \u2013 <\/strong>Kant\u2019\u0131n T\u00fcrk\u00e7ele\u015ftirilmesi Sorunu (Kapan\u0131\u015f Paneli Ortak Konu\u015fma)<\/li><\/ul>\n\n\n\n<div class=\"wp-block-file\"><a href=\"http:\/\/turkiyekanttoplulugu.org\/wp-content\/uploads\/2024\/04\/6.Madde_Bros\u0327u\u0308r.pdf\">Konferans Program\u0131<\/a><a href=\"http:\/\/turkiyekanttoplulugu.org\/wp-content\/uploads\/2024\/04\/6.Madde_Bros\u0327u\u0308r.pdf\" class=\"wp-block-file__button\" download>\u0130ndir<\/a><\/div>\n\n\n\n<p><\/p>\n","protected":false},"excerpt":{"rendered":"<p class=\"teaser\">Mersin \u00dcniversitesi U\u011fur Oral K\u00fclt\u00fcr Merkezi&nbsp;&nbsp; Yeni\u015fehir\/Mersin 1. G\u00dcN \u2013&nbsp;(2 May\u0131s 2024) 09:00 \u2013 9:30 A\u00e7\u0131l\u0131\u015f Konu\u015fmalar\u0131 T\u00fcrkiye Kant Toplulu\u011fu Ba\u015fkan\u0131&nbsp;Gamze KeskinMersin \u00dcniversitesi \u0130nsan ve Toplum Bilimleri Fak\u00fcltesi Dekan\u0131&nbsp;Ta\u015fk\u0131ner KetenciMersin \u00dcniversitesi Rekt\u00f6r\u00fc&nbsp;Erol Ya\u015far Oturum \/ 09:30 \u2013 11:00&nbsp;\u2013 Oturum Ba\u015fkan\u0131:&nbsp;Zehrag\u00fcl A\u015fk\u0131n H. B\u00fclent G\u00f6zk\u00e2n (Mimar Sinan G\u00fczel Sanatlar \u00dcniversitesi Felsefe B\u00f6l\u00fcm\u00fc): Teleolojiden Ahl\u00e2ki Bir D\u00fcnyaya &hellip;<\/p>\n","protected":false},"author":1,"featured_media":0,"parent":0,"menu_order":0,"comment_status":"closed","ping_status":"closed","template":"","meta":{"spay_email":""},"_links":{"self":[{"href":"http:\/\/turkiyekanttoplulugu.org\/index.php?rest_route=\/wp\/v2\/pages\/8838"}],"collection":[{"href":"http:\/\/turkiyekanttoplulugu.org\/index.php?rest_route=\/wp\/v2\/pages"}],"about":[{"href":"http:\/\/turkiyekanttoplulugu.org\/index.php?rest_route=\/wp\/v2\/types\/page"}],"author":[{"embeddable":true,"href":"http:\/\/turkiyekanttoplulugu.org\/index.php?rest_route=\/wp\/v2\/users\/1"}],"replies":[{"embeddable":true,"href":"http:\/\/turkiyekanttoplulugu.org\/index.php?rest_route=%2Fwp%2Fv2%2Fcomments&post=8838"}],"version-history":[{"count":14,"href":"http:\/\/turkiyekanttoplulugu.org\/index.php?rest_route=\/wp\/v2\/pages\/8838\/revisions"}],"predecessor-version":[{"id":9799,"href":"http:\/\/turkiyekanttoplulugu.org\/index.php?rest_route=\/wp\/v2\/pages\/8838\/revisions\/9799"}],"wp:attachment":[{"href":"http:\/\/turkiyekanttoplulugu.org\/index.php?rest_route=%2Fwp%2Fv2%2Fmedia&parent=8838"}],"curies":[{"name":"wp","href":"https:\/\/api.w.org\/{rel}","templated":true}]}}