{"id":8834,"date":"2023-08-15T12:04:10","date_gmt":"2023-08-15T09:04:10","guid":{"rendered":"http:\/\/turkiyekanttoplulugu.org\/?page_id=8834"},"modified":"2023-11-22T10:37:30","modified_gmt":"2023-11-22T07:37:30","slug":"konferans-kurullari","status":"publish","type":"page","link":"http:\/\/turkiyekanttoplulugu.org\/?page_id=8834","title":{"rendered":"Konferans Kurullar\u0131"},"content":{"rendered":"\n<p><strong>Konferans D\u00fczenleme Kurulu<\/strong><\/p>\n\n\n\n<ul><li>Mehmet Arslan<\/li><li>Halise Av\u015far<\/li><li>Canda\u015f Bolg\u00fcl&nbsp;<\/li><li>Umut Eldem<\/li><li>Gamze Keskin<\/li><li>Ta\u015fk\u0131ner Ketenci&nbsp;<\/li><li>\u00c7a\u011fla \u00d6zcan<\/li><li>B\u00fckem \u00d6z\u00e7eri<\/li><li>Selda Salman<\/li><li>Burkay \u015eim\u015fek<\/li><li>Seniye Tilev<\/li><\/ul>\n\n\n\n<p><strong>Bilim Kurulu<\/strong>*<\/p>\n\n\n\n<ul><li>Uygar Abac\u0131<\/li><li>Zehrag\u00fcl A\u015fk\u0131n<\/li><li>Lale Levin Basut<\/li><li>\u00dcnsal Do\u011fan Ba\u015fk\u0131r<\/li><li>Elif \u00c7etink\u0131ran<\/li><li>Elif \u00c7\u0131rakman<\/li><li>Ayhan \u00c7itil<\/li><li>Bet\u00fcl \u00c7otuks\u00f6ken<\/li><li>Hakan \u00c7\u00f6rek\u00e7io\u011flu<\/li><li>Baver Demircan<\/li><li>\u00d6zlem Duva<\/li><li>U\u011fur Ekren<\/li><li>Toros G\u00fcne\u015f Esg\u00fcn<\/li><li>Ayd\u0131n Gelmez<\/li><li>H. B\u00fclent G\u00f6zk\u00e2n<\/li><li>\u00d6zg\u00fc\u00e7 G\u00fcven<\/li><li>Kaan H. \u00d6kten<\/li><li>Yusuf \u00d6rnek<\/li><li>Berk \u00d6zcangiller<\/li><li>Ebru Pehlivan<\/li><li>Devrim Sezer<\/li><li>Tu\u011fba Sevin\u00e7<\/li><li>Emre \u015ean<\/li><li>Diler Ezgi Tarhan<\/li><li>Berfin Kart Tepe<\/li><li>Harun Tepe<\/li><li>Metin Topuz<\/li><li>\u00c7etin T\u00fcrky\u0131lmaz<\/li><li>Saniye Vatansever<\/li><\/ul>\n\n\n\n<p>*G\u00fcncellenmektedir.<\/p>\n","protected":false},"excerpt":{"rendered":"<p class=\"teaser\">Konferans D\u00fczenleme Kurulu Mehmet Arslan Halise Av\u015far Canda\u015f Bolg\u00fcl&nbsp; Umut Eldem Gamze Keskin Ta\u015fk\u0131ner Ketenci&nbsp; \u00c7a\u011fla \u00d6zcan B\u00fckem \u00d6z\u00e7eri Selda Salman Burkay \u015eim\u015fek Seniye Tilev Bilim Kurulu* Uygar Abac\u0131 Zehrag\u00fcl A\u015fk\u0131n Lale Levin Basut \u00dcnsal Do\u011fan Ba\u015fk\u0131r Elif \u00c7etink\u0131ran Elif \u00c7\u0131rakman Ayhan \u00c7itil Bet\u00fcl \u00c7otuks\u00f6ken Hakan \u00c7\u00f6rek\u00e7io\u011flu Baver Demircan \u00d6zlem Duva U\u011fur Ekren Toros G\u00fcne\u015f &hellip;<\/p>\n","protected":false},"author":1,"featured_media":0,"parent":0,"menu_order":0,"comment_status":"closed","ping_status":"closed","template":"","meta":{"spay_email":""},"_links":{"self":[{"href":"http:\/\/turkiyekanttoplulugu.org\/index.php?rest_route=\/wp\/v2\/pages\/8834"}],"collection":[{"href":"http:\/\/turkiyekanttoplulugu.org\/index.php?rest_route=\/wp\/v2\/pages"}],"about":[{"href":"http:\/\/turkiyekanttoplulugu.org\/index.php?rest_route=\/wp\/v2\/types\/page"}],"author":[{"embeddable":true,"href":"http:\/\/turkiyekanttoplulugu.org\/index.php?rest_route=\/wp\/v2\/users\/1"}],"replies":[{"embeddable":true,"href":"http:\/\/turkiyekanttoplulugu.org\/index.php?rest_route=%2Fwp%2Fv2%2Fcomments&post=8834"}],"version-history":[{"count":9,"href":"http:\/\/turkiyekanttoplulugu.org\/index.php?rest_route=\/wp\/v2\/pages\/8834\/revisions"}],"predecessor-version":[{"id":9042,"href":"http:\/\/turkiyekanttoplulugu.org\/index.php?rest_route=\/wp\/v2\/pages\/8834\/revisions\/9042"}],"wp:attachment":[{"href":"http:\/\/turkiyekanttoplulugu.org\/index.php?rest_route=%2Fwp%2Fv2%2Fmedia&parent=8834"}],"curies":[{"name":"wp","href":"https:\/\/api.w.org\/{rel}","templated":true}]}}