{"id":8832,"date":"2023-08-15T11:16:07","date_gmt":"2023-08-15T08:16:07","guid":{"rendered":"http:\/\/turkiyekanttoplulugu.org\/?page_id=8832"},"modified":"2023-10-31T14:09:28","modified_gmt":"2023-10-31T11:09:28","slug":"cagri-metni","status":"publish","type":"page","link":"http:\/\/turkiyekanttoplulugu.org\/?page_id=8832","title":{"rendered":"\u00c7a\u011fr\u0131 Metni"},"content":{"rendered":"\n<p>T\u00fcrkiye Kant Toplulu\u011fu, Kant\u2019\u0131n do\u011fumunun 300. Y\u0131l\u0131 kapsam\u0131nda 2024 y\u0131l\u0131 i\u00e7inde T\u00fcrkiye\u2019nin \u00e7e\u015fitli yerlerinde bir dizi etkinlik planlamaktad\u0131r. Kant 300 Ya\u015f\u0131nda! Konferans\u0131, T\u00fcrkiye Kant Toplulu\u011fu ve Mersin \u00dcniversitesi (Felsefe B\u00f6l\u00fcm\u00fc\/\u0130nsan ve Toplum Bilimleri Fak\u00fcltesi) i\u015fbirli\u011fi ile 2-3-4 May\u0131s 2024 tarihlerinde Mersin \u00dcniversitesi U\u011fur Oral K\u00fclt\u00fcr Merkezinde ger\u00e7ekle\u015fecektir. Kant felsefesi ile ilgisi kurulabilecek her t\u00fcrden bildiriye a\u00e7\u0131k olan konferansla ilgili \u00f6nemli tarihler a\u015fa\u011f\u0131da belirtilmi\u015ftir. Kat\u0131l\u0131mc\u0131lar\u0131n 900-1000 kelimelik ve k\u00f6r hakemlik s\u00fcreci i\u00e7in haz\u0131rlanm\u0131\u015f bir geni\u015fletilmi\u015f \u00f6zetle ba\u015fvurmas\u0131 beklenmektedir. Konu\u015fmac\u0131lar geni\u015fletilmi\u015f \u00f6zetleri ile birlikte ad, soyad, e-posta adresi, telefon, kurum\/unvanlar\u0131n\u0131 i\u00e7eren ayr\u0131 bir dosyay\u0131 <strong>kant300yasinda@gmail.com<\/strong> adresine yollayarak ba\u015fvuruda bulunabilirler.<\/p>\n\n\n\n<p><strong>Yer:<\/strong> Mersin \u00dcniversitesi U\u011fur Oral K\u00fclt\u00fcr Merkezi<\/p>\n\n\n\n<p><strong>Konferans tarihleri:<\/strong> 2-3-4 May\u0131s 2024&nbsp;<\/p>\n\n\n\n<p><strong>Bildiri \u00f6zeti son g\u00f6nderim tarihi: <\/strong>10 Kas\u0131m 2023<\/p>\n\n\n\n<p><strong>Hakem de\u011ferlendirmesinden ge\u00e7en bildirilerin ilan\u0131:<\/strong> 1 \u015eubat 2024<\/p>\n\n\n\n<p><strong>Konferans program\u0131n\u0131n ilan\u0131:<\/strong> 1 Nisan 2024<\/p>\n\n\n\n<p><strong>Kabul alan bildirilerin tam metin teslimi: <\/strong>1 Nisan 2024<\/p>\n","protected":false},"excerpt":{"rendered":"<p class=\"teaser\">T\u00fcrkiye Kant Toplulu\u011fu, Kant\u2019\u0131n do\u011fumunun 300. Y\u0131l\u0131 kapsam\u0131nda 2024 y\u0131l\u0131 i\u00e7inde T\u00fcrkiye\u2019nin \u00e7e\u015fitli yerlerinde bir dizi etkinlik planlamaktad\u0131r. Kant 300 Ya\u015f\u0131nda! Konferans\u0131, T\u00fcrkiye Kant Toplulu\u011fu ve Mersin \u00dcniversitesi (Felsefe B\u00f6l\u00fcm\u00fc\/\u0130nsan ve Toplum Bilimleri Fak\u00fcltesi) i\u015fbirli\u011fi ile 2-3-4 May\u0131s 2024 tarihlerinde Mersin \u00dcniversitesi U\u011fur Oral K\u00fclt\u00fcr Merkezinde ger\u00e7ekle\u015fecektir. Kant felsefesi ile ilgisi kurulabilecek her t\u00fcrden bildiriye &hellip;<\/p>\n","protected":false},"author":1,"featured_media":0,"parent":0,"menu_order":0,"comment_status":"closed","ping_status":"closed","template":"","meta":{"spay_email":""},"_links":{"self":[{"href":"http:\/\/turkiyekanttoplulugu.org\/index.php?rest_route=\/wp\/v2\/pages\/8832"}],"collection":[{"href":"http:\/\/turkiyekanttoplulugu.org\/index.php?rest_route=\/wp\/v2\/pages"}],"about":[{"href":"http:\/\/turkiyekanttoplulugu.org\/index.php?rest_route=\/wp\/v2\/types\/page"}],"author":[{"embeddable":true,"href":"http:\/\/turkiyekanttoplulugu.org\/index.php?rest_route=\/wp\/v2\/users\/1"}],"replies":[{"embeddable":true,"href":"http:\/\/turkiyekanttoplulugu.org\/index.php?rest_route=%2Fwp%2Fv2%2Fcomments&post=8832"}],"version-history":[{"count":4,"href":"http:\/\/turkiyekanttoplulugu.org\/index.php?rest_route=\/wp\/v2\/pages\/8832\/revisions"}],"predecessor-version":[{"id":8947,"href":"http:\/\/turkiyekanttoplulugu.org\/index.php?rest_route=\/wp\/v2\/pages\/8832\/revisions\/8947"}],"wp:attachment":[{"href":"http:\/\/turkiyekanttoplulugu.org\/index.php?rest_route=%2Fwp%2Fv2%2Fmedia&parent=8832"}],"curies":[{"name":"wp","href":"https:\/\/api.w.org\/{rel}","templated":true}]}}