{"id":8830,"date":"2023-08-15T11:14:05","date_gmt":"2023-08-15T08:14:05","guid":{"rendered":"http:\/\/turkiyekanttoplulugu.org\/?page_id=8830"},"modified":"2023-08-17T17:43:38","modified_gmt":"2023-08-17T14:43:38","slug":"kant-300-yasinda","status":"publish","type":"page","link":"http:\/\/turkiyekanttoplulugu.org\/?page_id=8830","title":{"rendered":"Kant 300 Ya\u015f\u0131nda!"},"content":{"rendered":"\n<p>Kant\u2019\u0131n do\u011fumundan 300 y\u0131l sonra bile onun felsefi miras\u0131n\u0131n b\u00fct\u00fcn verimlili\u011fi ve canl\u0131l\u0131\u011f\u0131yla kar\u015f\u0131m\u0131zda durdu\u011fu s\u00f6ylenebilir. Her y\u0131l Kant felsefesi \u00fczerine onlarca kitap ve makale bas\u0131lmakta, d\u00fcnya \u00e7ap\u0131nda konferanslar, paneller ve konu\u015fmalar d\u00fczenlenmektedir. T\u00fcrkiye Kant Toplulu\u011fu da bu \u00e7al\u0131\u015fmalar\u0131 destekleyen ve g\u00fcncel Kant tart\u0131\u015fmalar\u0131n\u0131n T\u00fcrkiye\u2019de takip edilebilmesini ama\u00e7layan, bu ba\u011flamda uluslararas\u0131 yap\u0131larla da i\u015f birli\u011fi i\u00e7inde faaliyetlerini s\u00fcrd\u00fcrmektedir. Bu ba\u011flamda Kant\u2019\u0131n do\u011fumunun 300. Y\u0131l\u0131 kapsam\u0131nda 2024 y\u0131l\u0131 i\u00e7inde T\u00fcrkiye\u2019nin \u00e7e\u015fitli yerlerinde bir dizi etkinlik planlamaktad\u0131r.<\/p>\n\n\n\n<p>Bu etkinliklerin ba\u015fl\u0131cas\u0131 ise T\u00fcrkiye Kant Toplulu\u011fu ve Mersin \u00dcniversitesi (Felsefe B\u00f6l\u00fcm\u00fc\/\u0130nsan ve Toplum Bilimleri Fak\u00fcltesi) i\u015fbirli\u011fi ile 2-3-4 May\u0131s 2024 tarihlerinde Mersin \u00dcniversitesi U\u011fur Oral K\u00fclt\u00fcr Merkezinde ger\u00e7ekle\u015fecek olan \u201cKant 300 Ya\u015f\u0131nda!\u201d Konferans\u0131d\u0131r.<\/p>\n\n\n\n<p>\u201cKant 300 Ya\u015f\u0131nda!\u201d Konferans\u0131, Kant\u2019\u0131n felsefi miras\u0131n\u0131n b\u00fct\u00fcn ve\u00e7helerine ili\u015fkin kapsaml\u0131 bir konferans olarak tasarland\u0131. Ayr\u0131ca bu konferans T\u00fcrkiye\u2019de Kant \u00e7al\u0131\u015fan akademisyenlerin bir araya gelip g\u00f6r\u00fc\u015f al\u0131\u015fveri\u015finde bulunabilecekleri, \u00e7al\u0131\u015fmalar\u0131ndan birbirlerini haberdar edebilecekleri ve gelece\u011fe y\u00f6nelik akademik ya da akademi d\u0131\u015f\u0131 \u00e7al\u0131\u015fma, i\u015f birlikleri olu\u015fturabilecekleri bir zemin yaratma ve doktora \u00f6\u011frencilerinin de \u00e7al\u0131\u015fmalar\u0131n\u0131 sunmalar\u0131na vesile olma amac\u0131 ta\u015f\u0131yor. Bunun yan\u0131 s\u0131ra T\u00fcrkiye Kant Toplulu\u011fu olarak bu b\u00fcy\u00fck d\u00fc\u015f\u00fcn\u00fcr\u00fc ve felsefi miras\u0131n\u0131 hem takdir etmek hem de ele\u015ftirmek i\u00e7in olanaklar yaratmay\u0131 s\u00fcrd\u00fcrmek de ba\u015fl\u0131ca hedeflerimiz aras\u0131ndad\u0131r.&nbsp;<\/p>\n\n\n\n<p class=\"has-text-align-right\"><strong>Konferans D\u00fczenleme Kurulu<\/strong><\/p>\n","protected":false},"excerpt":{"rendered":"<p class=\"teaser\">Kant\u2019\u0131n do\u011fumundan 300 y\u0131l sonra bile onun felsefi miras\u0131n\u0131n b\u00fct\u00fcn verimlili\u011fi ve canl\u0131l\u0131\u011f\u0131yla kar\u015f\u0131m\u0131zda durdu\u011fu s\u00f6ylenebilir. Her y\u0131l Kant felsefesi \u00fczerine onlarca kitap ve makale bas\u0131lmakta, d\u00fcnya \u00e7ap\u0131nda konferanslar, paneller ve konu\u015fmalar d\u00fczenlenmektedir. T\u00fcrkiye Kant Toplulu\u011fu da bu \u00e7al\u0131\u015fmalar\u0131 destekleyen ve g\u00fcncel Kant tart\u0131\u015fmalar\u0131n\u0131n T\u00fcrkiye\u2019de takip edilebilmesini ama\u00e7layan, bu ba\u011flamda uluslararas\u0131 yap\u0131larla da i\u015f birli\u011fi &hellip;<\/p>\n","protected":false},"author":1,"featured_media":0,"parent":0,"menu_order":0,"comment_status":"closed","ping_status":"closed","template":"","meta":{"spay_email":""},"_links":{"self":[{"href":"http:\/\/turkiyekanttoplulugu.org\/index.php?rest_route=\/wp\/v2\/pages\/8830"}],"collection":[{"href":"http:\/\/turkiyekanttoplulugu.org\/index.php?rest_route=\/wp\/v2\/pages"}],"about":[{"href":"http:\/\/turkiyekanttoplulugu.org\/index.php?rest_route=\/wp\/v2\/types\/page"}],"author":[{"embeddable":true,"href":"http:\/\/turkiyekanttoplulugu.org\/index.php?rest_route=\/wp\/v2\/users\/1"}],"replies":[{"embeddable":true,"href":"http:\/\/turkiyekanttoplulugu.org\/index.php?rest_route=%2Fwp%2Fv2%2Fcomments&post=8830"}],"version-history":[{"count":3,"href":"http:\/\/turkiyekanttoplulugu.org\/index.php?rest_route=\/wp\/v2\/pages\/8830\/revisions"}],"predecessor-version":[{"id":8850,"href":"http:\/\/turkiyekanttoplulugu.org\/index.php?rest_route=\/wp\/v2\/pages\/8830\/revisions\/8850"}],"wp:attachment":[{"href":"http:\/\/turkiyekanttoplulugu.org\/index.php?rest_route=%2Fwp%2Fv2%2Fmedia&parent=8830"}],"curies":[{"name":"wp","href":"https:\/\/api.w.org\/{rel}","templated":true}]}}