{"id":6319,"date":"2021-10-01T12:09:00","date_gmt":"2021-10-01T09:09:00","guid":{"rendered":"http:\/\/turkiyekanttoplulugu.org\/?page_id=6319"},"modified":"2021-10-01T12:10:02","modified_gmt":"2021-10-01T09:10:02","slug":"design","status":"publish","type":"page","link":"http:\/\/turkiyekanttoplulugu.org\/?page_id=6319&lang=en","title":{"rendered":"Design"},"content":{"rendered":"\n<p>\u00d6zge \u00d6zt\u00fcrk<br>Y\u0131ld\u0131z Technical University, PhD candidate\/ Department of Architecture<br>ozgeozturk014@gmail.com<\/p>\n\n\n\n<p>Muharrem Burkay \u015eim\u015fek<br>Yeditepe University, Master student\/ Department of Graphic Design<br>m.burkaysimsek@gmail.com<\/p>\n","protected":false},"excerpt":{"rendered":"<p class=\"teaser\">\u00d6zge \u00d6zt\u00fcrkY\u0131ld\u0131z Technical University, PhD candidate\/ Department of Architectureozgeozturk014@gmail.com Muharrem Burkay \u015eim\u015fekYeditepe University, Master student\/ Department of Graphic Designm.burkaysimsek@gmail.com<\/p>\n","protected":false},"author":1,"featured_media":0,"parent":0,"menu_order":0,"comment_status":"closed","ping_status":"closed","template":"","meta":{"spay_email":""},"_links":{"self":[{"href":"http:\/\/turkiyekanttoplulugu.org\/index.php?rest_route=\/wp\/v2\/pages\/6319"}],"collection":[{"href":"http:\/\/turkiyekanttoplulugu.org\/index.php?rest_route=\/wp\/v2\/pages"}],"about":[{"href":"http:\/\/turkiyekanttoplulugu.org\/index.php?rest_route=\/wp\/v2\/types\/page"}],"author":[{"embeddable":true,"href":"http:\/\/turkiyekanttoplulugu.org\/index.php?rest_route=\/wp\/v2\/users\/1"}],"replies":[{"embeddable":true,"href":"http:\/\/turkiyekanttoplulugu.org\/index.php?rest_route=%2Fwp%2Fv2%2Fcomments&post=6319"}],"version-history":[{"count":1,"href":"http:\/\/turkiyekanttoplulugu.org\/index.php?rest_route=\/wp\/v2\/pages\/6319\/revisions"}],"predecessor-version":[{"id":6320,"href":"http:\/\/turkiyekanttoplulugu.org\/index.php?rest_route=\/wp\/v2\/pages\/6319\/revisions\/6320"}],"wp:attachment":[{"href":"http:\/\/turkiyekanttoplulugu.org\/index.php?rest_route=%2Fwp%2Fv2%2Fmedia&parent=6319"}],"curies":[{"name":"wp","href":"https:\/\/api.w.org\/{rel}","templated":true}]}}