{"id":6313,"date":"2021-10-01T12:01:38","date_gmt":"2021-10-01T09:01:38","guid":{"rendered":"http:\/\/turkiyekanttoplulugu.org\/?page_id=6313"},"modified":"2021-10-01T12:01:40","modified_gmt":"2021-10-01T09:01:40","slug":"tasarim","status":"publish","type":"page","link":"http:\/\/turkiyekanttoplulugu.org\/?page_id=6313","title":{"rendered":"Tasar\u0131m"},"content":{"rendered":"\n<p>\u00d6zge \u00d6zt\u00fcrk<br>Y\u0131ld\u0131z Teknik \u00dcniversitesi, Mimarl\u0131k Doktora \u00d6\u011frencisi<br>ozgeozturk014@gmail.com<\/p>\n\n\n\n<p>Muharrem Burkay \u015eim\u015fek<br>Yeditepe \u00dcniversite Grafik Tasar\u0131m\u0131 Y\u00fcksek Lisans \u00d6\u011frencisi<br>m.burkaysimsek@gmail.com<\/p>\n","protected":false},"excerpt":{"rendered":"<p class=\"teaser\">\u00d6zge \u00d6zt\u00fcrkY\u0131ld\u0131z Teknik \u00dcniversitesi, Mimarl\u0131k Doktora \u00d6\u011frencisiozgeozturk014@gmail.com Muharrem Burkay \u015eim\u015fekYeditepe \u00dcniversite Grafik Tasar\u0131m\u0131 Y\u00fcksek Lisans \u00d6\u011frencisim.burkaysimsek@gmail.com<\/p>\n","protected":false},"author":1,"featured_media":0,"parent":0,"menu_order":0,"comment_status":"closed","ping_status":"closed","template":"","meta":{"spay_email":""},"_links":{"self":[{"href":"http:\/\/turkiyekanttoplulugu.org\/index.php?rest_route=\/wp\/v2\/pages\/6313"}],"collection":[{"href":"http:\/\/turkiyekanttoplulugu.org\/index.php?rest_route=\/wp\/v2\/pages"}],"about":[{"href":"http:\/\/turkiyekanttoplulugu.org\/index.php?rest_route=\/wp\/v2\/types\/page"}],"author":[{"embeddable":true,"href":"http:\/\/turkiyekanttoplulugu.org\/index.php?rest_route=\/wp\/v2\/users\/1"}],"replies":[{"embeddable":true,"href":"http:\/\/turkiyekanttoplulugu.org\/index.php?rest_route=%2Fwp%2Fv2%2Fcomments&post=6313"}],"version-history":[{"count":1,"href":"http:\/\/turkiyekanttoplulugu.org\/index.php?rest_route=\/wp\/v2\/pages\/6313\/revisions"}],"predecessor-version":[{"id":6314,"href":"http:\/\/turkiyekanttoplulugu.org\/index.php?rest_route=\/wp\/v2\/pages\/6313\/revisions\/6314"}],"wp:attachment":[{"href":"http:\/\/turkiyekanttoplulugu.org\/index.php?rest_route=%2Fwp%2Fv2%2Fmedia&parent=6313"}],"curies":[{"name":"wp","href":"https:\/\/api.w.org\/{rel}","templated":true}]}}