{"id":6157,"date":"2021-05-22T16:48:08","date_gmt":"2021-05-22T13:48:08","guid":{"rendered":"http:\/\/turkiyekanttoplulugu.org\/?page_id=6157"},"modified":"2026-02-26T11:07:25","modified_gmt":"2026-02-26T08:07:25","slug":"uyelerimiz","status":"publish","type":"page","link":"http:\/\/turkiyekanttoplulugu.org\/?page_id=6157","title":{"rendered":"\u00dcyelerimiz"},"content":{"rendered":"\n<h2>\u00dcyelerimiz*<\/h2>\n\n\n\n<ol><li>Gamze Keskin<\/li><li>B\u00fclent Oskay<\/li><li>Umut Eldem<\/li><li>Berker Basmac\u0131<\/li><li>Ahmet Ayhan \u00c7itil<\/li><li>Fatma Berfu Kutlu<\/li><li>Muhammed Masum G\u00f6ky\u00fcz<\/li><li>Devrim Sezer<\/li><li>Halise Av\u015far<\/li><li>Seniye Tilev<\/li><li>\u00c7etin T\u00fcrky\u0131lmaz<\/li><li>Furkan Yasin K\u00f6z<\/li><li>Sefa Melih Akg\u00fcn<\/li><li>Eda Tuncel<\/li><li>Ak\u0131n Kald\u0131ro\u011flu<\/li><li>Kenan Mutluer<\/li><li>Saniye Vatansever<\/li><li>\u00d6zlem Karag\u00f6z<\/li><li>Hakan \u00c7\u00f6rek\u00e7io\u011flu<\/li><li>Ece Sara\u00e7o\u011flu<\/li><li>Lale Levin Basut<\/li><li>Ece Anlar \u00c7\u00f6l<\/li><li>Dilek Fesli<\/li><li>Nefise Barak<\/li><li>Mehmet Arslan<\/li><li>Selda Salman<\/li><li>Bu\u011frahan Fertellio\u011flu<\/li><li>Didem Delice<\/li><li>Ebru Pehlivan<\/li><li>Kaan H. \u00d6kten<\/li><li>G\u00f6khan \u015eener<\/li><li>Berkay Kocak<\/li><li>Fatih Y\u0131ld\u0131z<\/li><li>Merve Karacan<\/li><li>Ta\u015fk\u0131ner Ketenci<\/li><li>A. Emre Da\u011fta\u015fo\u011flu<\/li><li>Nebil Reyhani<\/li><li>\u00d6zlem Duva<\/li><li>Nermin Urganc\u0131<\/li><li>Asl\u0131 \u00dcner<\/li><li>\u00c7a\u011flar Ko\u00e7<\/li><li>Ay\u015fe Hilal Ak\u0131n<\/li><li>Tuba \u0130lhan<\/li><li>Elif \u00c7etink\u0131ran Balc\u0131<\/li><li>Nawazad. J. Faraj<\/li><li>Ceyhan I\u015f\u0131k<\/li><li>\u015eilan Kesler<\/li><li>B\u00fckem \u00d6z\u00e7eri<\/li><li>Hazal Gemicio\u011flu<\/li><li>Burhan Serdar Ayd\u0131nalp<\/li><li>\u00d6mer Faruk Erdemir<\/li><li>S\u00fcmeyra Y\u0131lmaz Eker<\/li><li>Ece Tek\u00e7e<\/li><li>\u00c7a\u011fla \u00d6zcan<\/li><li>\u00c7a\u011flar \u00c7\u00f6mez<\/li><li>Merve Ertene<\/li><li>Harun Tepe<\/li><li>Uygar Abac\u0131<\/li><li>Yusuf \u00d6rnek<\/li><li>Elif \u00c7\u0131rakman<\/li><li>Ayd\u0131n Gelmez<\/li><li>Dilek Huseyinzadegan<\/li><li>G\u00f6khan Sava\u015f<\/li><li>Nur Bet\u00fcl Atakul<\/li><li>Celal Ye\u015fil\u00e7ay\u0131r<\/li><li>Andrew Fyfe<\/li><li>Naz\u0131m G\u00f6kel<\/li><li>B\u00fc\u015fra Sakar<\/li><li>Hasan B\u00fclent G\u00f6zk\u00e2n<\/li><li>Zeynep Sava\u015f\u00e7\u0131n<\/li><li>Onur \u00c7akan<\/li><li>Fatih K\u00f6k<\/li><li>Filiz \u00d6zdemir G\u00f6n\u00fcll\u00fc<\/li><li>Recep Serhat Saru<\/li><li>\u0130lker Kocael<\/li><li>Ne\u015fe Aksoy<\/li><li>Mehmet Bar\u0131\u015f Albayrak<\/li><li>Emine Sar\u0131kartal<\/li><li>Mehmet Eren Gedikli<\/li><li>Baver Demircan<\/li><li>Aysel Do\u011fan<\/li><li>U\u011fur \u00d6zbak<\/li><li>Sinan Okar<\/li><li>Tu\u011fba Sevin\u00e7<\/li><li>Fatih G\u00fcne\u015f<\/li><li>Caner Birdal<\/li><li>\u00d6zg\u00fc\u00e7 G\u00fcven<\/li><li>Cengiz \u00c7ebi<\/li><li>Tu\u011fba Ayas \u00d6nol<\/li><li>Mehmet \u00d6zdemir<\/li><li>G\u00f6nen\u00e7 \u00d6zdem Bacak<\/li><li>Mustafa Kartal \u00c7elikay<\/li><li>Ozan \u00c7\u0131lg\u0131n<\/li><li>\u00dcnsal Do\u011fan Ba\u015fk\u0131r<\/li><li>Eylem Y\u0131ld\u0131zer Mutluer<\/li><li>K\u00fcbra G\u00fcler<\/li><li>I\u015f\u0131lay Fariz<\/li><li>M\u00fcjdat Tak\u0131cak<\/li><li>Osman Gazi Birg\u00fcl<\/li><li>Ahmet Karaca<\/li><li>Ertan Aslan<\/li><li>Dilek Barut\u00e7u<\/li><li>G\u00fclben Salman<\/li><li>Resul Y\u00fcksel<\/li><li>Mammad Asgarov<\/li><li>\u0130smail \u00d6nder<\/li><li>Emre \u015ean<\/li><li>Kutlu Tuncel<\/li><li>Alper Hasano\u011flu<\/li><li>Ula\u015f Ayaz<\/li><li>Emin Oral<\/li><li>Maya Mandalinci<\/li><li>Murat \u015eamil \u015een<\/li><li>\u00d6zg\u00fcr U\u00e7ar<\/li><li>Hanife Kutgi<\/li><li>Asl\u0131 \u015eent\u00fcrk<\/li><li>Berdan Kaya<\/li><li>Ata Demir<\/li><li>Mehmet \u00d6zt\u00fcrk<\/li><li>El\u00e7in Esin Kayg\u0131n<\/li><li>G\u00fcrkan \u00c7avu\u015f<\/li><\/ol>\n\n\n\n<p>*Ba\u015fvuru s\u0131ras\u0131na g\u00f6re listelenmi\u015ftir.<\/p>\n\n\n\n<h2>Aday \u00dcyelerimiz<\/h2>\n\n\n\n<ol><li>Mustafa Kemal \u0130nce<\/li><li>Murat Gencay<\/li><li>Eric Rose<\/li><li>Abdullah Ba\u015faran<\/li><li>Sinem Mollamehmeto\u011flu \u00d6zbay<\/li><li>\u0130lker Kapanc\u0131gil<\/li><li>Merve Nur Yaman<\/li><li>Naz Tekino\u011flu<\/li><li>Vehbi Metin Demir<\/li><li>U\u011fur Polat<\/li><li>Hakan Agade<\/li><li>B\u00fc\u015fra Seyhan<\/li><li>Maruf Udul<\/li><li>Vedat Kamer<\/li><li>Ersin G\u00fcrocak<\/li><li>Mahsuni Korkmaz<\/li><li>Levent Se\u00e7kin<\/li><li>Veli Erkan<\/li><li>Mizgin Halilo\u011flu<\/li><li>Serdar Bora Bayraktaro\u011flu<\/li><li>Gamze Demirok<\/li><li>Osman \u00c7orluk<\/li><li>Yusuf Arslan<\/li><li>Mehmet Yaz\u0131c\u0131<\/li><li>Serkan Korkmaz<\/li><\/ol>\n","protected":false},"excerpt":{"rendered":"<p class=\"teaser\">\u00dcyelerimiz* Gamze Keskin B\u00fclent Oskay Umut Eldem Berker Basmac\u0131 Ahmet Ayhan \u00c7itil Fatma Berfu Kutlu Muhammed Masum G\u00f6ky\u00fcz Devrim Sezer Halise Av\u015far Seniye Tilev \u00c7etin T\u00fcrky\u0131lmaz Furkan Yasin K\u00f6z Sefa Melih Akg\u00fcn Eda Tuncel Ak\u0131n Kald\u0131ro\u011flu Kenan Mutluer Saniye Vatansever \u00d6zlem Karag\u00f6z Hakan \u00c7\u00f6rek\u00e7io\u011flu Ece Sara\u00e7o\u011flu Lale Levin Basut Ece Anlar \u00c7\u00f6l Dilek Fesli Nefise &hellip;<\/p>\n","protected":false},"author":1,"featured_media":0,"parent":0,"menu_order":0,"comment_status":"closed","ping_status":"closed","template":"","meta":{"spay_email":""},"_links":{"self":[{"href":"http:\/\/turkiyekanttoplulugu.org\/index.php?rest_route=\/wp\/v2\/pages\/6157"}],"collection":[{"href":"http:\/\/turkiyekanttoplulugu.org\/index.php?rest_route=\/wp\/v2\/pages"}],"about":[{"href":"http:\/\/turkiyekanttoplulugu.org\/index.php?rest_route=\/wp\/v2\/types\/page"}],"author":[{"embeddable":true,"href":"http:\/\/turkiyekanttoplulugu.org\/index.php?rest_route=\/wp\/v2\/users\/1"}],"replies":[{"embeddable":true,"href":"http:\/\/turkiyekanttoplulugu.org\/index.php?rest_route=%2Fwp%2Fv2%2Fcomments&post=6157"}],"version-history":[{"count":51,"href":"http:\/\/turkiyekanttoplulugu.org\/index.php?rest_route=\/wp\/v2\/pages\/6157\/revisions"}],"predecessor-version":[{"id":11608,"href":"http:\/\/turkiyekanttoplulugu.org\/index.php?rest_route=\/wp\/v2\/pages\/6157\/revisions\/11608"}],"wp:attachment":[{"href":"http:\/\/turkiyekanttoplulugu.org\/index.php?rest_route=%2Fwp%2Fv2%2Fmedia&parent=6157"}],"curies":[{"name":"wp","href":"https:\/\/api.w.org\/{rel}","templated":true}]}}