{"id":6001,"date":"2021-04-18T00:31:27","date_gmt":"2021-04-17T21:31:27","guid":{"rendered":"http:\/\/turkiyekanttoplulugu.org\/?page_id=6001"},"modified":"2022-01-04T12:48:20","modified_gmt":"2022-01-04T09:48:20","slug":"blog","status":"publish","type":"page","link":"http:\/\/turkiyekanttoplulugu.org\/?page_id=6001&lang=en","title":{"rendered":"Blog"},"content":{"rendered":"\t\t<div data-elementor-type=\"wp-page\" data-elementor-id=\"6001\" class=\"elementor elementor-6001\" data-elementor-settings=\"[]\">\n\t\t\t\t\t\t<div class=\"elementor-inner\">\n\t\t\t\t\t\t\t<div class=\"elementor-section-wrap\">\n\t\t\t\t\t\t\t<section class=\"elementor-section elementor-top-section elementor-element elementor-element-afc9370 elementor-section-boxed elementor-section-height-default elementor-section-height-default\" data-id=\"afc9370\" data-element_type=\"section\">\n\t\t\t\t\t\t<div class=\"elementor-container elementor-column-gap-default\">\n\t\t\t\t\t\t\t<div class=\"elementor-row\">\n\t\t\t\t\t<div class=\"elementor-column elementor-col-100 elementor-top-column elementor-element elementor-element-e178982\" data-id=\"e178982\" data-element_type=\"column\">\n\t\t\t<div class=\"elementor-column-wrap elementor-element-populated\">\n\t\t\t\t\t\t\t<div class=\"elementor-widget-wrap\">\n\t\t\t\t\t\t<div class=\"elementor-element elementor-element-199c54a elementor-grid-eael-col-3 elementor-grid-tablet-eael-col-2 elementor-grid-mobile-eael-col-1 elementor-widget elementor-widget-eael-post-grid\" data-id=\"199c54a\" data-element_type=\"widget\" data-settings=\"{&quot;eael_post_grid_columns&quot;:&quot;eael-col-3&quot;,&quot;eael_post_grid_columns_tablet&quot;:&quot;eael-col-2&quot;,&quot;eael_post_grid_columns_mobile&quot;:&quot;eael-col-1&quot;}\" data-widget_type=\"eael-post-grid.default\">\n\t\t\t\t<div class=\"elementor-widget-container\">\n\t\t\t<div id=\"eael-post-grid-199c54a\" class=\"eael-post-grid-container\">\n            <div class=\"eael-post-grid eael-post-appender eael-post-appender-199c54a eael-post-grid-style-two\" data-layout-mode=\"grid\"><article class=\"eael-grid-post eael-post-grid-column\" data-id=\"11727\">\n        <div class=\"eael-grid-post-holder\">\n            <div class=\"eael-grid-post-holder-inner\"><div class=\"eael-entry-media\"><div class=\"eael-entry-overlay fade-in\"><i class=\"fas fa-long-arrow-alt-right\" aria-hidden=\"true\"><\/i><a\n                                href=\"http:\/\/turkiyekanttoplulugu.org\/?p=11727\"\n                                \n                                \n                            ><\/a><\/div><div class=\"eael-entry-thumbnail\">\n                            <img src=\"https:\/\/i2.wp.com\/turkiyekanttoplulugu.org\/wp-content\/uploads\/2026\/04\/WhatsApp-Image-2026-04-08-at-14.16.29.jpeg?resize=299%2C225\" alt=\"\">\n                        <\/div><\/div><div class=\"eael-entry-wrapper\"><header class=\"eael-entry-header\"><h2 class=\"eael-entry-title\"><a\n                                    class=\"eael-grid-post-link\"\n                                    href=\"http:\/\/turkiyekanttoplulugu.org\/?p=11727\"\n                                    title=\"Dilin Sessiz Ko\u015fullar\u0131: Transandantal Bir Dil Felsefesine Do\u011fru\"\n                                    \n                                    \n                                    >Dilin Sessiz Ko\u015fullar\u0131: Transandantal Bir Dil Felsefesine Do\u011fru<\/a><\/h2><\/header><div class=\"eael-entry-meta\"><span class=\"eael-meta-posted-on\"><i class=\"far fa-clock\"><\/i><time datetime=\"12 Nisan 2026\">12 Nisan 2026<\/time><\/span><\/div><\/div><\/div>\n        <\/div>\n    <\/article><article class=\"eael-grid-post eael-post-grid-column\" data-id=\"11494\">\n        <div class=\"eael-grid-post-holder\">\n            <div class=\"eael-grid-post-holder-inner\"><div class=\"eael-entry-media\"><div class=\"eael-entry-overlay fade-in\"><i class=\"fas fa-long-arrow-alt-right\" aria-hidden=\"true\"><\/i><a\n                                href=\"http:\/\/turkiyekanttoplulugu.org\/?p=11494\"\n                                \n                                \n                            ><\/a><\/div><div class=\"eael-entry-thumbnail\">\n                            <img src=\"https:\/\/i2.wp.com\/turkiyekanttoplulugu.org\/wp-content\/uploads\/2026\/01\/Fotog\u0306raf_Kutlu-Tuncel.jpeg?resize=299%2C225\" alt=\"\">\n                        <\/div><\/div><div class=\"eael-entry-wrapper\"><header class=\"eael-entry-header\"><h2 class=\"eael-entry-title\"><a\n                                    class=\"eael-grid-post-link\"\n                                    href=\"http:\/\/turkiyekanttoplulugu.org\/?p=11494\"\n                                    title=\"Kant\u00e7\u0131 Eti\u011fin Sorunlar\u0131\"\n                                    \n                                    \n                                    >Kant\u00e7\u0131 Eti\u011fin Sorunlar\u0131<\/a><\/h2><\/header><div class=\"eael-entry-meta\"><span class=\"eael-meta-posted-on\"><i class=\"far fa-clock\"><\/i><time datetime=\"6 Ocak 2026\">6 Ocak 2026<\/time><\/span><\/div><\/div><\/div>\n        <\/div>\n    <\/article><article class=\"eael-grid-post eael-post-grid-column\" data-id=\"11454\">\n        <div class=\"eael-grid-post-holder\">\n            <div class=\"eael-grid-post-holder-inner\"><div class=\"eael-entry-media\"><div class=\"eael-entry-overlay fade-in\"><i class=\"fas fa-long-arrow-alt-right\" aria-hidden=\"true\"><\/i><a\n                                href=\"http:\/\/turkiyekanttoplulugu.org\/?p=11454\"\n                                \n                                \n                            ><\/a><\/div><div class=\"eael-entry-thumbnail\">\n                            <img src=\"https:\/\/i2.wp.com\/turkiyekanttoplulugu.org\/wp-content\/uploads\/2025\/12\/Asli-S\u0327entu\u0308rk.jpg?resize=299%2C225\" alt=\"\">\n                        <\/div><\/div><div class=\"eael-entry-wrapper\"><header class=\"eael-entry-header\"><h2 class=\"eael-entry-title\"><a\n                                    class=\"eael-grid-post-link\"\n                                    href=\"http:\/\/turkiyekanttoplulugu.org\/?p=11454\"\n                                    title=\"S\u0131n\u0131rlar ve \u0130nsanl\u0131k: Kant G\u00f6\u00e7menleri Nas\u0131l G\u00f6r\u00fcrd\u00fc?\"\n                                    \n                                    \n                                    >S\u0131n\u0131rlar ve \u0130nsanl\u0131k: Kant G\u00f6\u00e7menleri Nas\u0131l G\u00f6r\u00fcrd\u00fc?<\/a><\/h2><\/header><div class=\"eael-entry-meta\"><span class=\"eael-meta-posted-on\"><i class=\"far fa-clock\"><\/i><time datetime=\"9 Aral\u0131k 2025\">9 Aral\u0131k 2025<\/time><\/span><\/div><\/div><\/div>\n        <\/div>\n    <\/article><article class=\"eael-grid-post eael-post-grid-column\" data-id=\"11275\">\n        <div class=\"eael-grid-post-holder\">\n            <div class=\"eael-grid-post-holder-inner\"><div class=\"eael-entry-media\"><div class=\"eael-entry-overlay fade-in\"><i class=\"fas fa-long-arrow-alt-right\" aria-hidden=\"true\"><\/i><a\n                                href=\"http:\/\/turkiyekanttoplulugu.org\/?p=11275\"\n                                \n                                \n                            ><\/a><\/div><div class=\"eael-entry-thumbnail\">\n                            <img src=\"https:\/\/i0.wp.com\/turkiyekanttoplulugu.org\/wp-content\/uploads\/2025\/10\/alpaslan-ertungealp.jpg?resize=299%2C225\" alt=\"\">\n                        <\/div><\/div><div class=\"eael-entry-wrapper\"><header class=\"eael-entry-header\"><h2 class=\"eael-entry-title\"><a\n                                    class=\"eael-grid-post-link\"\n                                    href=\"http:\/\/turkiyekanttoplulugu.org\/?p=11275\"\n                                    title=\"M\u00fczik ve Felsefe \u00dczerine Kant Ba\u011flam\u0131nda D\u00fc\u015f\u00fcnceler\"\n                                    \n                                    \n                                    >M\u00fczik ve Felsefe \u00dczerine Kant Ba\u011flam\u0131nda D\u00fc\u015f\u00fcnceler<\/a><\/h2><\/header><div class=\"eael-entry-meta\"><span class=\"eael-meta-posted-on\"><i class=\"far fa-clock\"><\/i><time datetime=\"10 Ekim 2025\">10 Ekim 2025<\/time><\/span><\/div><\/div><\/div>\n        <\/div>\n    <\/article><article class=\"eael-grid-post eael-post-grid-column\" data-id=\"11208\">\n        <div class=\"eael-grid-post-holder\">\n            <div class=\"eael-grid-post-holder-inner\"><div class=\"eael-entry-media\"><div class=\"eael-entry-overlay fade-in\"><i class=\"fas fa-long-arrow-alt-right\" aria-hidden=\"true\"><\/i><a\n                                href=\"http:\/\/turkiyekanttoplulugu.org\/?p=11208\"\n                                \n                                \n                            ><\/a><\/div><div class=\"eael-entry-thumbnail\">\n                            <img src=\"https:\/\/i0.wp.com\/turkiyekanttoplulugu.org\/wp-content\/uploads\/2025\/09\/HaticeKaya-scaled.jpg?resize=299%2C225\" alt=\"\">\n                        <\/div><\/div><div class=\"eael-entry-wrapper\"><header class=\"eael-entry-header\"><h2 class=\"eael-entry-title\"><a\n                                    class=\"eael-grid-post-link\"\n                                    href=\"http:\/\/turkiyekanttoplulugu.org\/?p=11208\"\n                                    title=\"Kant Hipokondriyak (Hastal\u0131k Hastas\u0131) m\u0131yd\u0131?\"\n                                    \n                                    \n                                    >Kant Hipokondriyak (Hastal\u0131k Hastas\u0131) m\u0131yd\u0131?<\/a><\/h2><\/header><div class=\"eael-entry-meta\"><span class=\"eael-meta-posted-on\"><i class=\"far fa-clock\"><\/i><time datetime=\"25 Eyl\u00fcl 2025\">25 Eyl\u00fcl 2025<\/time><\/span><\/div><\/div><\/div>\n        <\/div>\n    <\/article><article class=\"eael-grid-post eael-post-grid-column\" data-id=\"10890\">\n        <div class=\"eael-grid-post-holder\">\n            <div class=\"eael-grid-post-holder-inner\"><div class=\"eael-entry-media\"><div class=\"eael-entry-overlay fade-in\"><i class=\"fas fa-long-arrow-alt-right\" aria-hidden=\"true\"><\/i><a\n                                href=\"http:\/\/turkiyekanttoplulugu.org\/?p=10890\"\n                                \n                                \n                            ><\/a><\/div><div class=\"eael-entry-thumbnail\">\n                            <img src=\"https:\/\/i1.wp.com\/turkiyekanttoplulugu.org\/wp-content\/uploads\/2025\/05\/WhatsApp-Image-2025-05-03-at-19.54.22.jpeg?resize=299%2C225\" alt=\"\">\n                        <\/div><\/div><div class=\"eael-entry-wrapper\"><header class=\"eael-entry-header\"><h2 class=\"eael-entry-title\"><a\n                                    class=\"eael-grid-post-link\"\n                                    href=\"http:\/\/turkiyekanttoplulugu.org\/?p=10890\"\n                                    title=\"Kant, Swedenborg ve Dr. Vogler\u2019in Manyetizma Tiyatrosu\"\n                                    \n                                    \n                                    >Kant, Swedenborg ve Dr. Vogler\u2019in Manyetizma Tiyatrosu<\/a><\/h2><\/header><div class=\"eael-entry-meta\"><span class=\"eael-meta-posted-on\"><i class=\"far fa-clock\"><\/i><time datetime=\"17 May\u0131s 2025\">17 May\u0131s 2025<\/time><\/span><\/div><\/div><\/div>\n        <\/div>\n    <\/article><article class=\"eael-grid-post eael-post-grid-column\" data-id=\"10800\">\n        <div class=\"eael-grid-post-holder\">\n            <div class=\"eael-grid-post-holder-inner\"><div class=\"eael-entry-media\"><div class=\"eael-entry-overlay fade-in\"><i class=\"fas fa-long-arrow-alt-right\" aria-hidden=\"true\"><\/i><a\n                                href=\"http:\/\/turkiyekanttoplulugu.org\/?p=10800\"\n                                \n                                \n                            ><\/a><\/div><div class=\"eael-entry-thumbnail\">\n                            <img src=\"https:\/\/i0.wp.com\/turkiyekanttoplulugu.org\/wp-content\/uploads\/2025\/04\/WhatsApp-Image-2025-04-10-at-08.02.20.jpeg?resize=299%2C225\" alt=\"\">\n                        <\/div><\/div><div class=\"eael-entry-wrapper\"><header class=\"eael-entry-header\"><h2 class=\"eael-entry-title\"><a\n                                    class=\"eael-grid-post-link\"\n                                    href=\"http:\/\/turkiyekanttoplulugu.org\/?p=10800\"\n                                    title=\"G\u00fczelli\u011fin On Par\u2019 Etmez, Sensus Communis Olmasa\"\n                                    \n                                    \n                                    >G\u00fczelli\u011fin On Par\u2019 Etmez, Sensus Communis Olmasa<\/a><\/h2><\/header><div class=\"eael-entry-meta\"><span class=\"eael-meta-posted-on\"><i class=\"far fa-clock\"><\/i><time datetime=\"10 Nisan 2025\">10 Nisan 2025<\/time><\/span><\/div><\/div><\/div>\n        <\/div>\n    <\/article><article class=\"eael-grid-post eael-post-grid-column\" data-id=\"10691\">\n        <div class=\"eael-grid-post-holder\">\n            <div class=\"eael-grid-post-holder-inner\"><div class=\"eael-entry-media\"><div class=\"eael-entry-overlay fade-in\"><i class=\"fas fa-long-arrow-alt-right\" aria-hidden=\"true\"><\/i><a\n                                href=\"http:\/\/turkiyekanttoplulugu.org\/?p=10691\"\n                                \n                                \n                            ><\/a><\/div><div class=\"eael-entry-thumbnail\">\n                            <img src=\"https:\/\/i1.wp.com\/turkiyekanttoplulugu.org\/wp-content\/uploads\/2025\/02\/5d6ec928-7760-4cb9-82d9-91bd6f67c5aa-2.jpg?resize=299%2C225\" alt=\"\">\n                        <\/div><\/div><div class=\"eael-entry-wrapper\"><header class=\"eael-entry-header\"><h2 class=\"eael-entry-title\"><a\n                                    class=\"eael-grid-post-link\"\n                                    href=\"http:\/\/turkiyekanttoplulugu.org\/?p=10691\"\n                                    title=\"Ayd\u0131nlanm\u0131\u015f Bir Dindarl\u0131kla D\u00fcnyada Yolunu Bulmak\"\n                                    \n                                    \n                                    >Ayd\u0131nlanm\u0131\u015f Bir Dindarl\u0131kla D\u00fcnyada Yolunu Bulmak<\/a><\/h2><\/header><div class=\"eael-entry-meta\"><span class=\"eael-meta-posted-on\"><i class=\"far fa-clock\"><\/i><time datetime=\"22 \u015eubat 2025\">22 \u015eubat 2025<\/time><\/span><\/div><\/div><\/div>\n        <\/div>\n    <\/article><article class=\"eael-grid-post eael-post-grid-column\" data-id=\"10545\">\n        <div class=\"eael-grid-post-holder\">\n            <div class=\"eael-grid-post-holder-inner\"><div class=\"eael-entry-media\"><div class=\"eael-entry-overlay fade-in\"><i class=\"fas fa-long-arrow-alt-right\" aria-hidden=\"true\"><\/i><a\n                                href=\"http:\/\/turkiyekanttoplulugu.org\/?p=10545\"\n                                \n                                \n                            ><\/a><\/div><div class=\"eael-entry-thumbnail\">\n                            <img src=\"https:\/\/i1.wp.com\/turkiyekanttoplulugu.org\/wp-content\/uploads\/2025\/01\/IMG_2673-scaled.jpg?resize=299%2C225\" alt=\"\">\n                        <\/div><\/div><div class=\"eael-entry-wrapper\"><header class=\"eael-entry-header\"><h2 class=\"eael-entry-title\"><a\n                                    class=\"eael-grid-post-link\"\n                                    href=\"http:\/\/turkiyekanttoplulugu.org\/?p=10545\"\n                                    title=\"T\u00fcrkiye Kant Toplulu\u011fu\u2019nun 5 Y\u0131l\u0131: Birlikte D\u00fc\u015f\u00fcnmek, Birlikte \u00dcretmek\"\n                                    \n                                    \n                                    >T\u00fcrkiye Kant Toplulu\u011fu\u2019nun 5 Y\u0131l\u0131: Birlikte D\u00fc\u015f\u00fcnmek, Birlikte \u00dcretmek<\/a><\/h2><\/header><div class=\"eael-entry-meta\"><span class=\"eael-meta-posted-on\"><i class=\"far fa-clock\"><\/i><time datetime=\"10 Ocak 2025\">10 Ocak 2025<\/time><\/span><\/div><\/div><\/div>\n        <\/div>\n    <\/article><article class=\"eael-grid-post eael-post-grid-column\" data-id=\"10427\">\n        <div class=\"eael-grid-post-holder\">\n            <div class=\"eael-grid-post-holder-inner\"><div class=\"eael-entry-media\"><div class=\"eael-entry-overlay fade-in\"><i class=\"fas fa-long-arrow-alt-right\" aria-hidden=\"true\"><\/i><a\n                                href=\"http:\/\/turkiyekanttoplulugu.org\/?p=10427\"\n                                \n                                \n                            ><\/a><\/div><div class=\"eael-entry-thumbnail\">\n                            <img src=\"https:\/\/i0.wp.com\/turkiyekanttoplulugu.org\/wp-content\/uploads\/2024\/12\/IMG-20241118-WA0001.jpg?resize=299%2C225\" alt=\"\">\n                        <\/div><\/div><div class=\"eael-entry-wrapper\"><header class=\"eael-entry-header\"><h2 class=\"eael-entry-title\"><a\n                                    class=\"eael-grid-post-link\"\n                                    href=\"http:\/\/turkiyekanttoplulugu.org\/?p=10427\"\n                                    title=\"Kant\u2019ta ve Fichte\u2019de \u00d6zneleraras\u0131 Ahlaki \u0130leti\u015fimin Diyalekti\u011fi\"\n                                    \n                                    \n                                    >Kant\u2019ta ve Fichte\u2019de \u00d6zneleraras\u0131 Ahlaki \u0130leti\u015fimin Diyalekti\u011fi<\/a><\/h2><\/header><div class=\"eael-entry-meta\"><span class=\"eael-meta-posted-on\"><i class=\"far fa-clock\"><\/i><time datetime=\"3 Aral\u0131k 2024\">3 Aral\u0131k 2024<\/time><\/span><\/div><\/div><\/div>\n        <\/div>\n    <\/article><article class=\"eael-grid-post eael-post-grid-column\" data-id=\"10351\">\n        <div class=\"eael-grid-post-holder\">\n            <div class=\"eael-grid-post-holder-inner\"><div class=\"eael-entry-media\"><div class=\"eael-entry-overlay fade-in\"><i class=\"fas fa-long-arrow-alt-right\" aria-hidden=\"true\"><\/i><a\n                                href=\"http:\/\/turkiyekanttoplulugu.org\/?p=10351\"\n                                \n                                \n                            ><\/a><\/div><div class=\"eael-entry-thumbnail\">\n                            <img src=\"https:\/\/i1.wp.com\/turkiyekanttoplulugu.org\/wp-content\/uploads\/2024\/11\/Blog-I\u0307c\u0327in-Fotog\u0306raf.jpg?resize=299%2C225\" alt=\"\">\n                        <\/div><\/div><div class=\"eael-entry-wrapper\"><header class=\"eael-entry-header\"><h2 class=\"eael-entry-title\"><a\n                                    class=\"eael-grid-post-link\"\n                                    href=\"http:\/\/turkiyekanttoplulugu.org\/?p=10351\"\n                                    title=\"Saatleri Ayarlama Enstit\u00fcs\u00fc M\u00fcd\u00fcr\u00fc Immanuel Kant\"\n                                    \n                                    \n                                    >Saatleri Ayarlama Enstit\u00fcs\u00fc M\u00fcd\u00fcr\u00fc Immanuel Kant<\/a><\/h2><\/header><div class=\"eael-entry-meta\"><span class=\"eael-meta-posted-on\"><i class=\"far fa-clock\"><\/i><time datetime=\"5 Kas\u0131m 2024\">5 Kas\u0131m 2024<\/time><\/span><\/div><\/div><\/div>\n        <\/div>\n    <\/article><article class=\"eael-grid-post eael-post-grid-column\" data-id=\"10236\">\n        <div class=\"eael-grid-post-holder\">\n            <div class=\"eael-grid-post-holder-inner\"><div class=\"eael-entry-media\"><div class=\"eael-entry-overlay fade-in\"><i class=\"fas fa-long-arrow-alt-right\" aria-hidden=\"true\"><\/i><a\n                                href=\"http:\/\/turkiyekanttoplulugu.org\/?p=10236\"\n                                \n                                \n                            ><\/a><\/div><div class=\"eael-entry-thumbnail\">\n                            <img src=\"https:\/\/i2.wp.com\/turkiyekanttoplulugu.org\/wp-content\/uploads\/2024\/10\/Fazilet.png?resize=299%2C225\" alt=\"\">\n                        <\/div><\/div><div class=\"eael-entry-wrapper\"><header class=\"eael-entry-header\"><h2 class=\"eael-entry-title\"><a\n                                    class=\"eael-grid-post-link\"\n                                    href=\"http:\/\/turkiyekanttoplulugu.org\/?p=10236\"\n                                    title=\"Kant, Opus Postumum ile Neyi \u00c7\u00f6zmeye \u00c7al\u0131\u015ft\u0131?\"\n                                    \n                                    \n                                    >Kant, Opus Postumum ile Neyi \u00c7\u00f6zmeye \u00c7al\u0131\u015ft\u0131?<\/a><\/h2><\/header><div class=\"eael-entry-meta\"><span class=\"eael-meta-posted-on\"><i class=\"far fa-clock\"><\/i><time datetime=\"5 Ekim 2024\">5 Ekim 2024<\/time><\/span><\/div><\/div><\/div>\n        <\/div>\n    <\/article><\/div>\n            <div class=\"clearfix\"><\/div>\n        <\/div>            <div class=\"eael-load-more-button-wrap\">\n                <button class=\"eael-load-more-button\" id=\"eael-load-more-btn-199c54a\" data-widget-id=\"199c54a\" data-widget=\"199c54a\" data-page-id=\"6001\" data-nonce=\"57341c748d\" data-template=\"{&quot;dir&quot;:&quot;free&quot;,&quot;file_name&quot;:&quot;default&quot;,&quot;name&quot;:&quot;Post-Grid&quot;}\" data-class=\"Essential_Addons_Elementor\\Elements\\Post_Grid\" data-layout=\"grid\" data-page=\"1\" data-args=\"orderby=date&amp;order=desc&amp;ignore_sticky_posts=1&amp;post_status=publish&amp;posts_per_page=12&amp;offset=0&amp;post_type=post&amp;tax_query%5B0%5D%5Btaxonomy%5D=category&amp;tax_query%5B0%5D%5Bfield%5D=term_id&amp;tax_query%5B0%5D%5Bterms%5D%5B0%5D=36&amp;tax_query%5Brelation%5D=AND\">\n                    <div class=\"eael-btn-loader button__loader\"><\/div>\n                    <span>Load More<\/span>\n                <\/button>\n            <\/div>\n        \t\t<\/div>\n\t\t\t\t<\/div>\n\t\t\t\t\t\t<\/div>\n\t\t\t\t\t<\/div>\n\t\t<\/div>\n\t\t\t\t\t\t\t\t<\/div>\n\t\t\t\t\t<\/div>\n\t\t<\/section>\n\t\t\t\t\t\t<\/div>\n\t\t\t\t\t\t<\/div>\n\t\t\t\t\t<\/div>\n\t\t","protected":false},"excerpt":{"rendered":"<p class=\"teaser\">Kant\u2019\u0131n Kozmopolitanizm D\u00fc\u015f\u00fcncesine Ne Kadar Yak\u0131n\u0131z? 13 Aral\u0131k 2021 Kant\u2019\u0131 Nas\u0131l Anlamal\u0131? Ahlak Felsefesinde Ger\u00e7ek\u00e7ilik ve \u0130n\u015fac\u0131l\u0131k \u00dczerine 8 Kas\u0131m 2021 \u201cElleri Var \u00d6zg\u00fcrl\u00fc\u011f\u00fcn\u201d: Kant ve G\u00f6n\u00fcll\u00fc Kulluk 8 Ekim 2021 Kant\u2019\u0131n Siyaset Felsefesini Nas\u0131l Bilirsiniz? Veya Tarih, Co\u011frafya, ve Antropolojinin Toplum ve Siyaset Felsefesindeki Yeri ve \u00d6nemi 15 Eyl\u00fcl 2021 \u201cD\u00fc\u015f\u00fcn\u00fcyorum, \u00f6yleyse \u00f6zg\u00fcr\u00fcm\u201d: Kant\u2019\u0131n &hellip;<\/p>\n","protected":false},"author":1,"featured_media":0,"parent":0,"menu_order":0,"comment_status":"closed","ping_status":"closed","template":"","meta":{"spay_email":""},"_links":{"self":[{"href":"http:\/\/turkiyekanttoplulugu.org\/index.php?rest_route=\/wp\/v2\/pages\/6001"}],"collection":[{"href":"http:\/\/turkiyekanttoplulugu.org\/index.php?rest_route=\/wp\/v2\/pages"}],"about":[{"href":"http:\/\/turkiyekanttoplulugu.org\/index.php?rest_route=\/wp\/v2\/types\/page"}],"author":[{"embeddable":true,"href":"http:\/\/turkiyekanttoplulugu.org\/index.php?rest_route=\/wp\/v2\/users\/1"}],"replies":[{"embeddable":true,"href":"http:\/\/turkiyekanttoplulugu.org\/index.php?rest_route=%2Fwp%2Fv2%2Fcomments&post=6001"}],"version-history":[{"count":5,"href":"http:\/\/turkiyekanttoplulugu.org\/index.php?rest_route=\/wp\/v2\/pages\/6001\/revisions"}],"predecessor-version":[{"id":6450,"href":"http:\/\/turkiyekanttoplulugu.org\/index.php?rest_route=\/wp\/v2\/pages\/6001\/revisions\/6450"}],"wp:attachment":[{"href":"http:\/\/turkiyekanttoplulugu.org\/index.php?rest_route=%2Fwp%2Fv2%2Fmedia&parent=6001"}],"curies":[{"name":"wp","href":"https:\/\/api.w.org\/{rel}","templated":true}]}}