{"id":5894,"date":"2021-04-15T23:03:02","date_gmt":"2021-04-15T20:03:02","guid":{"rendered":"http:\/\/turkiyekanttoplulugu.org\/?page_id=5894"},"modified":"2023-11-30T11:30:05","modified_gmt":"2023-11-30T08:30:05","slug":"journal-of-kant-calismalari","status":"publish","type":"page","link":"http:\/\/turkiyekanttoplulugu.org\/?page_id=5894&lang=en","title":{"rendered":"Kant \u00c7al\u0131\u015fmalar\u0131 Journal"},"content":{"rendered":"<p><em>Kant \u00c7al\u0131\u015fmalar\u0131<\/em> is a biannual international academic journal based on a blind-review system. The journal publishes original articles, book reviews, and translations on every aspect of Kant\u2019s philosophy, including how it relates to the thought of other thinkers and contemporary philosophical debates. Our main aim is to ensure that Kant\u2019s philosophy is more widely known and understood. To this end, the board of referees and the editorial board of the journal consist of scholars who conduct research with a focus on Kant\u2019s philosophy in Turkey and abroad. The publication policy of <em>Kant \u00c7al\u0131\u015fmalar\u0131<\/em> is grounded upon academic standards that are commonly recognized nationally and internationally. The journal publishes works in Turkish, English, and German.<\/p>\n<p>Please <a href=\"https:\/\/en.kantcalismalari.org\/kurullar\">click here<\/a> to reach the Journal&#8217;s boards.<\/p>\n<p>For more information please visit Journal&#8217;s website: <a href=\"https:\/\/en.kantcalismalari.org\/\">https:\/\/en.kantcalismalari.org\/<\/a><\/p>\n\n\n<p><\/p>\n","protected":false},"excerpt":{"rendered":"<p class=\"teaser\">Kant \u00c7al\u0131\u015fmalar\u0131 is a biannual international academic journal based on a blind-review system. The journal publishes original articles, book reviews, and translations on every aspect of Kant\u2019s philosophy, including how it relates to the thought of other thinkers and contemporary philosophical debates. Our main aim is to ensure that Kant\u2019s philosophy is more widely known &hellip;<\/p>\n","protected":false},"author":1,"featured_media":0,"parent":0,"menu_order":0,"comment_status":"closed","ping_status":"closed","template":"","meta":{"spay_email":""},"_links":{"self":[{"href":"http:\/\/turkiyekanttoplulugu.org\/index.php?rest_route=\/wp\/v2\/pages\/5894"}],"collection":[{"href":"http:\/\/turkiyekanttoplulugu.org\/index.php?rest_route=\/wp\/v2\/pages"}],"about":[{"href":"http:\/\/turkiyekanttoplulugu.org\/index.php?rest_route=\/wp\/v2\/types\/page"}],"author":[{"embeddable":true,"href":"http:\/\/turkiyekanttoplulugu.org\/index.php?rest_route=\/wp\/v2\/users\/1"}],"replies":[{"embeddable":true,"href":"http:\/\/turkiyekanttoplulugu.org\/index.php?rest_route=%2Fwp%2Fv2%2Fcomments&post=5894"}],"version-history":[{"count":7,"href":"http:\/\/turkiyekanttoplulugu.org\/index.php?rest_route=\/wp\/v2\/pages\/5894\/revisions"}],"predecessor-version":[{"id":9096,"href":"http:\/\/turkiyekanttoplulugu.org\/index.php?rest_route=\/wp\/v2\/pages\/5894\/revisions\/9096"}],"wp:attachment":[{"href":"http:\/\/turkiyekanttoplulugu.org\/index.php?rest_route=%2Fwp%2Fv2%2Fmedia&parent=5894"}],"curies":[{"name":"wp","href":"https:\/\/api.w.org\/{rel}","templated":true}]}}