{"id":5888,"date":"2021-04-15T23:00:04","date_gmt":"2021-04-15T20:00:04","guid":{"rendered":"http:\/\/turkiyekanttoplulugu.org\/?page_id=5888"},"modified":"2026-01-15T11:04:34","modified_gmt":"2026-01-15T08:04:34","slug":"ethical-board","status":"publish","type":"page","link":"http:\/\/turkiyekanttoplulugu.org\/?page_id=5888&lang=en","title":{"rendered":"Ethics Committee"},"content":{"rendered":"\n<div class=\"wp-block-media-text alignwide is-stacked-on-mobile\"><figure class=\"wp-block-media-text__media\"><img data-attachment-id=\"9449\" data-permalink=\"http:\/\/turkiyekanttoplulugu.org\/?attachment_id=9449\" data-orig-file=\"https:\/\/i0.wp.com\/turkiyekanttoplulugu.org\/wp-content\/uploads\/2021\/04\/20220902_194126.jpg?fit=1519%2C1920\" data-orig-size=\"1519,1920\" data-comments-opened=\"1\" data-image-meta=\"{&quot;aperture&quot;:&quot;0&quot;,&quot;credit&quot;:&quot;&quot;,&quot;camera&quot;:&quot;&quot;,&quot;caption&quot;:&quot;&quot;,&quot;created_timestamp&quot;:&quot;0&quot;,&quot;copyright&quot;:&quot;&quot;,&quot;focal_length&quot;:&quot;0&quot;,&quot;iso&quot;:&quot;0&quot;,&quot;shutter_speed&quot;:&quot;0&quot;,&quot;title&quot;:&quot;&quot;,&quot;orientation&quot;:&quot;0&quot;}\" data-image-title=\"20220902_194126\" data-image-description=\"\" data-medium-file=\"https:\/\/i0.wp.com\/turkiyekanttoplulugu.org\/wp-content\/uploads\/2021\/04\/20220902_194126.jpg?fit=237%2C300\" data-large-file=\"https:\/\/i0.wp.com\/turkiyekanttoplulugu.org\/wp-content\/uploads\/2021\/04\/20220902_194126.jpg?fit=810%2C1024\" loading=\"lazy\" width=\"1110\" height=\"1403\" src=\"https:\/\/i0.wp.com\/turkiyekanttoplulugu.org\/wp-content\/uploads\/2021\/04\/20220902_194126.jpg?resize=1110%2C1403\" alt=\"\" class=\"wp-image-9449 size-full\" srcset=\"https:\/\/i0.wp.com\/turkiyekanttoplulugu.org\/wp-content\/uploads\/2021\/04\/20220902_194126.jpg?w=1519 1519w, https:\/\/i0.wp.com\/turkiyekanttoplulugu.org\/wp-content\/uploads\/2021\/04\/20220902_194126.jpg?resize=237%2C300 237w, https:\/\/i0.wp.com\/turkiyekanttoplulugu.org\/wp-content\/uploads\/2021\/04\/20220902_194126.jpg?resize=810%2C1024 810w, https:\/\/i0.wp.com\/turkiyekanttoplulugu.org\/wp-content\/uploads\/2021\/04\/20220902_194126.jpg?resize=768%2C971 768w, https:\/\/i0.wp.com\/turkiyekanttoplulugu.org\/wp-content\/uploads\/2021\/04\/20220902_194126.jpg?resize=1215%2C1536 1215w\" sizes=\"(max-width: 1110px) 100vw, 1110px\" data-recalc-dims=\"1\" \/><\/figure><div class=\"wp-block-media-text__content\">\n<blockquote class=\"wp-block-quote\"><p>Elif \u00c7etink\u0131ran<\/p><p>K\u0131rklareli University<\/p><p>Kantian ethics<\/p><\/blockquote>\n<\/div><\/div>\n\n\n\n<div class=\"wp-block-media-text alignwide is-stacked-on-mobile\"><figure class=\"wp-block-media-text__media\"><img data-attachment-id=\"9448\" data-permalink=\"http:\/\/turkiyekanttoplulugu.org\/?attachment_id=9448\" data-orig-file=\"https:\/\/i2.wp.com\/turkiyekanttoplulugu.org\/wp-content\/uploads\/2021\/04\/o\u0308zlem-duva.jpg?fit=1562%2C1226\" data-orig-size=\"1562,1226\" data-comments-opened=\"1\" data-image-meta=\"{&quot;aperture&quot;:&quot;0&quot;,&quot;credit&quot;:&quot;&quot;,&quot;camera&quot;:&quot;&quot;,&quot;caption&quot;:&quot;&quot;,&quot;created_timestamp&quot;:&quot;0&quot;,&quot;copyright&quot;:&quot;&quot;,&quot;focal_length&quot;:&quot;0&quot;,&quot;iso&quot;:&quot;0&quot;,&quot;shutter_speed&quot;:&quot;0&quot;,&quot;title&quot;:&quot;&quot;,&quot;orientation&quot;:&quot;0&quot;}\" data-image-title=\"o\u0308zlem-duva\" data-image-description=\"\" data-medium-file=\"https:\/\/i2.wp.com\/turkiyekanttoplulugu.org\/wp-content\/uploads\/2021\/04\/o\u0308zlem-duva.jpg?fit=300%2C235\" data-large-file=\"https:\/\/i2.wp.com\/turkiyekanttoplulugu.org\/wp-content\/uploads\/2021\/04\/o\u0308zlem-duva.jpg?fit=1024%2C804\" loading=\"lazy\" width=\"1110\" height=\"871\" src=\"https:\/\/i2.wp.com\/turkiyekanttoplulugu.org\/wp-content\/uploads\/2021\/04\/o\u0308zlem-duva.jpg?resize=1110%2C871\" alt=\"\" class=\"wp-image-9448 size-full\" srcset=\"https:\/\/i2.wp.com\/turkiyekanttoplulugu.org\/wp-content\/uploads\/2021\/04\/o\u0308zlem-duva.jpg?w=1562 1562w, https:\/\/i2.wp.com\/turkiyekanttoplulugu.org\/wp-content\/uploads\/2021\/04\/o\u0308zlem-duva.jpg?resize=300%2C235 300w, https:\/\/i2.wp.com\/turkiyekanttoplulugu.org\/wp-content\/uploads\/2021\/04\/o\u0308zlem-duva.jpg?resize=1024%2C804 1024w, https:\/\/i2.wp.com\/turkiyekanttoplulugu.org\/wp-content\/uploads\/2021\/04\/o\u0308zlem-duva.jpg?resize=768%2C603 768w, https:\/\/i2.wp.com\/turkiyekanttoplulugu.org\/wp-content\/uploads\/2021\/04\/o\u0308zlem-duva.jpg?resize=1536%2C1206 1536w\" sizes=\"(max-width: 1110px) 100vw, 1110px\" data-recalc-dims=\"1\" \/><\/figure><div class=\"wp-block-media-text__content\">\n<blockquote class=\"wp-block-quote\"><p>\u00d6zlem Duva<\/p><p>Dokuz Eyl\u00fcl University<\/p><p>Kant\u2019s philosophical anthropology, political philosophy, Enlightenment and Kant<\/p><\/blockquote>\n<\/div><\/div>\n\n\n\n<div class=\"wp-block-media-text alignwide is-stacked-on-mobile\"><figure class=\"wp-block-media-text__media\"><img data-attachment-id=\"11522\" data-permalink=\"http:\/\/turkiyekanttoplulugu.org\/?attachment_id=11522\" data-orig-file=\"https:\/\/i0.wp.com\/turkiyekanttoplulugu.org\/wp-content\/uploads\/2026\/01\/Sefa-Melih-Akgu\u0308n.jpeg?fit=1122%2C1506\" data-orig-size=\"1122,1506\" data-comments-opened=\"1\" data-image-meta=\"{&quot;aperture&quot;:&quot;0&quot;,&quot;credit&quot;:&quot;&quot;,&quot;camera&quot;:&quot;&quot;,&quot;caption&quot;:&quot;&quot;,&quot;created_timestamp&quot;:&quot;0&quot;,&quot;copyright&quot;:&quot;&quot;,&quot;focal_length&quot;:&quot;0&quot;,&quot;iso&quot;:&quot;0&quot;,&quot;shutter_speed&quot;:&quot;0&quot;,&quot;title&quot;:&quot;&quot;,&quot;orientation&quot;:&quot;0&quot;}\" data-image-title=\"Sefa-Melih-Akgu\u0308n\" data-image-description=\"\" data-medium-file=\"https:\/\/i0.wp.com\/turkiyekanttoplulugu.org\/wp-content\/uploads\/2026\/01\/Sefa-Melih-Akgu\u0308n.jpeg?fit=224%2C300\" data-large-file=\"https:\/\/i0.wp.com\/turkiyekanttoplulugu.org\/wp-content\/uploads\/2026\/01\/Sefa-Melih-Akgu\u0308n.jpeg?fit=763%2C1024\" loading=\"lazy\" width=\"763\" height=\"1024\" src=\"https:\/\/i0.wp.com\/turkiyekanttoplulugu.org\/wp-content\/uploads\/2026\/01\/Sefa-Melih-Akgu\u0308n.jpeg?resize=763%2C1024\" alt=\"\" class=\"wp-image-11522 size-full\" srcset=\"https:\/\/i0.wp.com\/turkiyekanttoplulugu.org\/wp-content\/uploads\/2026\/01\/Sefa-Melih-Akgu\u0308n.jpeg?resize=763%2C1024 763w, https:\/\/i0.wp.com\/turkiyekanttoplulugu.org\/wp-content\/uploads\/2026\/01\/Sefa-Melih-Akgu\u0308n.jpeg?resize=224%2C300 224w, https:\/\/i0.wp.com\/turkiyekanttoplulugu.org\/wp-content\/uploads\/2026\/01\/Sefa-Melih-Akgu\u0308n.jpeg?resize=768%2C1031 768w, https:\/\/i0.wp.com\/turkiyekanttoplulugu.org\/wp-content\/uploads\/2026\/01\/Sefa-Melih-Akgu\u0308n.jpeg?w=1122 1122w\" sizes=\"(max-width: 763px) 100vw, 763px\" data-recalc-dims=\"1\" \/><\/figure><div class=\"wp-block-media-text__content\">\n<blockquote class=\"wp-block-quote\"><p>Sefa Melih Akg\u00fcn<\/p><p>Mimar Sinan Fine Arts University<\/p><p>Kant&#8217;s critical philosophy<\/p><\/blockquote>\n\n\n\n<p><\/p>\n<\/div><\/div>\n\n\n\n<div class=\"wp-block-media-text alignwide is-stacked-on-mobile\"><figure class=\"wp-block-media-text__media\"><img data-attachment-id=\"11523\" data-permalink=\"http:\/\/turkiyekanttoplulugu.org\/?attachment_id=11523\" data-orig-file=\"https:\/\/i2.wp.com\/turkiyekanttoplulugu.org\/wp-content\/uploads\/2026\/01\/Image.jpg?fit=620%2C675\" data-orig-size=\"620,675\" data-comments-opened=\"1\" data-image-meta=\"{&quot;aperture&quot;:&quot;0&quot;,&quot;credit&quot;:&quot;&quot;,&quot;camera&quot;:&quot;&quot;,&quot;caption&quot;:&quot;&quot;,&quot;created_timestamp&quot;:&quot;0&quot;,&quot;copyright&quot;:&quot;&quot;,&quot;focal_length&quot;:&quot;0&quot;,&quot;iso&quot;:&quot;0&quot;,&quot;shutter_speed&quot;:&quot;0&quot;,&quot;title&quot;:&quot;&quot;,&quot;orientation&quot;:&quot;1&quot;}\" data-image-title=\"Image\" data-image-description=\"\" data-medium-file=\"https:\/\/i2.wp.com\/turkiyekanttoplulugu.org\/wp-content\/uploads\/2026\/01\/Image.jpg?fit=276%2C300\" data-large-file=\"https:\/\/i2.wp.com\/turkiyekanttoplulugu.org\/wp-content\/uploads\/2026\/01\/Image.jpg?fit=620%2C675\" loading=\"lazy\" width=\"620\" height=\"675\" src=\"https:\/\/i2.wp.com\/turkiyekanttoplulugu.org\/wp-content\/uploads\/2026\/01\/Image.jpg?resize=620%2C675\" alt=\"\" class=\"wp-image-11523 size-full\" srcset=\"https:\/\/i2.wp.com\/turkiyekanttoplulugu.org\/wp-content\/uploads\/2026\/01\/Image.jpg?w=620 620w, https:\/\/i2.wp.com\/turkiyekanttoplulugu.org\/wp-content\/uploads\/2026\/01\/Image.jpg?resize=276%2C300 276w\" sizes=\"(max-width: 620px) 100vw, 620px\" data-recalc-dims=\"1\" \/><\/figure><div class=\"wp-block-media-text__content\">\n<blockquote class=\"wp-block-quote\"><p>El\u00e7in Esin Kayg\u0131n<\/p><p>Independent Researcher<\/p><p>Kant and the philosophy of language<\/p><\/blockquote>\n<\/div><\/div>\n","protected":false},"excerpt":{"rendered":"<p class=\"teaser\">Elif \u00c7etink\u0131ran K\u0131rklareli University Kantian ethics \u00d6zlem Duva Dokuz Eyl\u00fcl University Kant\u2019s philosophical anthropology, political philosophy, Enlightenment and Kant Sefa Melih Akg\u00fcn Mimar Sinan Fine Arts University Kant&#8217;s critical philosophy El\u00e7in Esin Kayg\u0131n Independent Researcher Kant and the philosophy of language<\/p>\n","protected":false},"author":1,"featured_media":0,"parent":0,"menu_order":0,"comment_status":"closed","ping_status":"closed","template":"","meta":{"spay_email":""},"_links":{"self":[{"href":"http:\/\/turkiyekanttoplulugu.org\/index.php?rest_route=\/wp\/v2\/pages\/5888"}],"collection":[{"href":"http:\/\/turkiyekanttoplulugu.org\/index.php?rest_route=\/wp\/v2\/pages"}],"about":[{"href":"http:\/\/turkiyekanttoplulugu.org\/index.php?rest_route=\/wp\/v2\/types\/page"}],"author":[{"embeddable":true,"href":"http:\/\/turkiyekanttoplulugu.org\/index.php?rest_route=\/wp\/v2\/users\/1"}],"replies":[{"embeddable":true,"href":"http:\/\/turkiyekanttoplulugu.org\/index.php?rest_route=%2Fwp%2Fv2%2Fcomments&post=5888"}],"version-history":[{"count":6,"href":"http:\/\/turkiyekanttoplulugu.org\/index.php?rest_route=\/wp\/v2\/pages\/5888\/revisions"}],"predecessor-version":[{"id":11525,"href":"http:\/\/turkiyekanttoplulugu.org\/index.php?rest_route=\/wp\/v2\/pages\/5888\/revisions\/11525"}],"wp:attachment":[{"href":"http:\/\/turkiyekanttoplulugu.org\/index.php?rest_route=%2Fwp%2Fv2%2Fmedia&parent=5888"}],"curies":[{"name":"wp","href":"https:\/\/api.w.org\/{rel}","templated":true}]}}