{"id":5881,"date":"2021-04-15T22:55:00","date_gmt":"2021-04-15T19:55:00","guid":{"rendered":"http:\/\/turkiyekanttoplulugu.org\/?page_id=5881"},"modified":"2026-01-15T14:16:12","modified_gmt":"2026-01-15T11:16:12","slug":"steering-committee","status":"publish","type":"page","link":"http:\/\/turkiyekanttoplulugu.org\/?page_id=5881&lang=en","title":{"rendered":"Steering Committee"},"content":{"rendered":"\n<div class=\"wp-block-media-text alignwide is-stacked-on-mobile\"><figure class=\"wp-block-media-text__media\"><img data-attachment-id=\"9439\" data-permalink=\"http:\/\/turkiyekanttoplulugu.org\/?attachment_id=9439\" data-orig-file=\"https:\/\/i2.wp.com\/turkiyekanttoplulugu.org\/wp-content\/uploads\/2024\/03\/IMG_2422-1-scaled.jpg?fit=1920%2C2560\" data-orig-size=\"1920,2560\" data-comments-opened=\"1\" data-image-meta=\"{&quot;aperture&quot;:&quot;1.9&quot;,&quot;credit&quot;:&quot;&quot;,&quot;camera&quot;:&quot;iPhone 14 Pro Max&quot;,&quot;caption&quot;:&quot;&quot;,&quot;created_timestamp&quot;:&quot;1710248585&quot;,&quot;copyright&quot;:&quot;&quot;,&quot;focal_length&quot;:&quot;2.69&quot;,&quot;iso&quot;:&quot;200&quot;,&quot;shutter_speed&quot;:&quot;0.02&quot;,&quot;title&quot;:&quot;&quot;,&quot;orientation&quot;:&quot;1&quot;}\" data-image-title=\"IMG_2422-1\" data-image-description=\"\" data-medium-file=\"https:\/\/i2.wp.com\/turkiyekanttoplulugu.org\/wp-content\/uploads\/2024\/03\/IMG_2422-1-scaled.jpg?fit=225%2C300\" data-large-file=\"https:\/\/i2.wp.com\/turkiyekanttoplulugu.org\/wp-content\/uploads\/2024\/03\/IMG_2422-1-scaled.jpg?fit=768%2C1024\" loading=\"lazy\" width=\"768\" height=\"1024\" src=\"https:\/\/i2.wp.com\/turkiyekanttoplulugu.org\/wp-content\/uploads\/2024\/03\/IMG_2422-1.jpg?resize=768%2C1024\" alt=\"\" class=\"wp-image-9439 size-full\" srcset=\"https:\/\/i2.wp.com\/turkiyekanttoplulugu.org\/wp-content\/uploads\/2024\/03\/IMG_2422-1-scaled.jpg?resize=768%2C1024 768w, https:\/\/i2.wp.com\/turkiyekanttoplulugu.org\/wp-content\/uploads\/2024\/03\/IMG_2422-1-scaled.jpg?resize=225%2C300 225w, https:\/\/i2.wp.com\/turkiyekanttoplulugu.org\/wp-content\/uploads\/2024\/03\/IMG_2422-1-scaled.jpg?resize=1152%2C1536 1152w, https:\/\/i2.wp.com\/turkiyekanttoplulugu.org\/wp-content\/uploads\/2024\/03\/IMG_2422-1-scaled.jpg?resize=1536%2C2048 1536w, https:\/\/i2.wp.com\/turkiyekanttoplulugu.org\/wp-content\/uploads\/2024\/03\/IMG_2422-1-scaled.jpg?w=1920 1920w\" sizes=\"(max-width: 768px) 100vw, 768px\" data-recalc-dims=\"1\" \/><\/figure><div class=\"wp-block-media-text__content\">\n<blockquote class=\"wp-block-quote\"><p>Gamze Keskin (President)<\/p><p>K\u0131rklareli University <\/p><p>Kantian aesthetics<\/p><\/blockquote>\n<\/div><\/div>\n\n\n\n<div class=\"wp-block-media-text alignwide is-stacked-on-mobile\"><figure class=\"wp-block-media-text__media\"><img data-attachment-id=\"9438\" data-permalink=\"http:\/\/turkiyekanttoplulugu.org\/?attachment_id=9438\" data-orig-file=\"https:\/\/i0.wp.com\/turkiyekanttoplulugu.org\/wp-content\/uploads\/2024\/03\/foto_1-1-scaled.jpg?fit=1920%2C2560\" data-orig-size=\"1920,2560\" data-comments-opened=\"1\" data-image-meta=\"{&quot;aperture&quot;:&quot;2&quot;,&quot;credit&quot;:&quot;&quot;,&quot;camera&quot;:&quot;SM-A305F&quot;,&quot;caption&quot;:&quot;&quot;,&quot;created_timestamp&quot;:&quot;1695646359&quot;,&quot;copyright&quot;:&quot;&quot;,&quot;focal_length&quot;:&quot;3.4&quot;,&quot;iso&quot;:&quot;40&quot;,&quot;shutter_speed&quot;:&quot;0.0084033613445378&quot;,&quot;title&quot;:&quot;&quot;,&quot;orientation&quot;:&quot;1&quot;}\" data-image-title=\"foto_1-1\" data-image-description=\"\" data-medium-file=\"https:\/\/i0.wp.com\/turkiyekanttoplulugu.org\/wp-content\/uploads\/2024\/03\/foto_1-1-scaled.jpg?fit=225%2C300\" data-large-file=\"https:\/\/i0.wp.com\/turkiyekanttoplulugu.org\/wp-content\/uploads\/2024\/03\/foto_1-1-scaled.jpg?fit=768%2C1024\" loading=\"lazy\" width=\"768\" height=\"1024\" src=\"https:\/\/i1.wp.com\/turkiyekanttoplulugu.org\/wp-content\/uploads\/2024\/03\/foto_1-1.jpg?resize=768%2C1024\" alt=\"\" class=\"wp-image-9438 size-full\" srcset=\"https:\/\/i0.wp.com\/turkiyekanttoplulugu.org\/wp-content\/uploads\/2024\/03\/foto_1-1-scaled.jpg?resize=768%2C1024 768w, https:\/\/i0.wp.com\/turkiyekanttoplulugu.org\/wp-content\/uploads\/2024\/03\/foto_1-1-scaled.jpg?resize=225%2C300 225w, https:\/\/i0.wp.com\/turkiyekanttoplulugu.org\/wp-content\/uploads\/2024\/03\/foto_1-1-scaled.jpg?resize=1152%2C1536 1152w, https:\/\/i0.wp.com\/turkiyekanttoplulugu.org\/wp-content\/uploads\/2024\/03\/foto_1-1-scaled.jpg?resize=1536%2C2048 1536w, https:\/\/i0.wp.com\/turkiyekanttoplulugu.org\/wp-content\/uploads\/2024\/03\/foto_1-1-scaled.jpg?w=1920 1920w\" sizes=\"(max-width: 768px) 100vw, 768px\" data-recalc-dims=\"1\" \/><\/figure><div class=\"wp-block-media-text__content\">\n<blockquote class=\"wp-block-quote\"><p><br>Ayhan \u00c7itil <\/p><p>\u0130stanbul 29 May\u0131s University <\/p><p>Kant\u2019s philosophy of mathematics<\/p><\/blockquote>\n<\/div><\/div>\n\n\n\n<div class=\"wp-block-media-text alignwide is-stacked-on-mobile\"><figure class=\"wp-block-media-text__media\"><img data-attachment-id=\"9437\" data-permalink=\"http:\/\/turkiyekanttoplulugu.org\/?attachment_id=9437\" data-orig-file=\"https:\/\/i0.wp.com\/turkiyekanttoplulugu.org\/wp-content\/uploads\/2024\/03\/WhatsApp-Go\u0308rsel-2024-02-29-saat-11.17.06_85f7f945-1.jpg?fit=1200%2C1600\" data-orig-size=\"1200,1600\" data-comments-opened=\"1\" data-image-meta=\"{&quot;aperture&quot;:&quot;0&quot;,&quot;credit&quot;:&quot;&quot;,&quot;camera&quot;:&quot;&quot;,&quot;caption&quot;:&quot;&quot;,&quot;created_timestamp&quot;:&quot;0&quot;,&quot;copyright&quot;:&quot;&quot;,&quot;focal_length&quot;:&quot;0&quot;,&quot;iso&quot;:&quot;0&quot;,&quot;shutter_speed&quot;:&quot;0&quot;,&quot;title&quot;:&quot;&quot;,&quot;orientation&quot;:&quot;0&quot;}\" data-image-title=\"WhatsApp-Go\u0308rsel-2024-02-29-saat-11.17.06_85f7f945-1\" data-image-description=\"\" data-medium-file=\"https:\/\/i0.wp.com\/turkiyekanttoplulugu.org\/wp-content\/uploads\/2024\/03\/WhatsApp-Go\u0308rsel-2024-02-29-saat-11.17.06_85f7f945-1.jpg?fit=225%2C300\" data-large-file=\"https:\/\/i0.wp.com\/turkiyekanttoplulugu.org\/wp-content\/uploads\/2024\/03\/WhatsApp-Go\u0308rsel-2024-02-29-saat-11.17.06_85f7f945-1.jpg?fit=768%2C1024\" loading=\"lazy\" width=\"768\" height=\"1024\" src=\"https:\/\/i0.wp.com\/turkiyekanttoplulugu.org\/wp-content\/uploads\/2024\/03\/WhatsApp-Go\u0308rsel-2024-02-29-saat-11.17.06_85f7f945-1.jpg?resize=768%2C1024\" alt=\"\" class=\"wp-image-9437 size-full\" srcset=\"https:\/\/i0.wp.com\/turkiyekanttoplulugu.org\/wp-content\/uploads\/2024\/03\/WhatsApp-Go\u0308rsel-2024-02-29-saat-11.17.06_85f7f945-1.jpg?resize=768%2C1024 768w, https:\/\/i0.wp.com\/turkiyekanttoplulugu.org\/wp-content\/uploads\/2024\/03\/WhatsApp-Go\u0308rsel-2024-02-29-saat-11.17.06_85f7f945-1.jpg?resize=225%2C300 225w, https:\/\/i0.wp.com\/turkiyekanttoplulugu.org\/wp-content\/uploads\/2024\/03\/WhatsApp-Go\u0308rsel-2024-02-29-saat-11.17.06_85f7f945-1.jpg?resize=1152%2C1536 1152w, https:\/\/i0.wp.com\/turkiyekanttoplulugu.org\/wp-content\/uploads\/2024\/03\/WhatsApp-Go\u0308rsel-2024-02-29-saat-11.17.06_85f7f945-1.jpg?w=1200 1200w\" sizes=\"(max-width: 768px) 100vw, 768px\" data-recalc-dims=\"1\" \/><\/figure><div class=\"wp-block-media-text__content\">\n<blockquote class=\"wp-block-quote\"><p>Umut Eldem <\/p><p>Do\u011fu\u015f University <\/p><p>Kantian ethics, Social and Political philosophy<\/p><\/blockquote>\n<\/div><\/div>\n\n\n\n<div class=\"wp-block-media-text alignwide is-stacked-on-mobile\"><figure class=\"wp-block-media-text__media\"><img data-attachment-id=\"9436\" data-permalink=\"http:\/\/turkiyekanttoplulugu.org\/?attachment_id=9436\" data-orig-file=\"https:\/\/i0.wp.com\/turkiyekanttoplulugu.org\/wp-content\/uploads\/2024\/03\/IMG_2427-1.jpg?fit=1290%2C897\" data-orig-size=\"1290,897\" data-comments-opened=\"1\" data-image-meta=\"{&quot;aperture&quot;:&quot;0&quot;,&quot;credit&quot;:&quot;&quot;,&quot;camera&quot;:&quot;&quot;,&quot;caption&quot;:&quot;&quot;,&quot;created_timestamp&quot;:&quot;0&quot;,&quot;copyright&quot;:&quot;&quot;,&quot;focal_length&quot;:&quot;0&quot;,&quot;iso&quot;:&quot;0&quot;,&quot;shutter_speed&quot;:&quot;0&quot;,&quot;title&quot;:&quot;&quot;,&quot;orientation&quot;:&quot;1&quot;}\" data-image-title=\"IMG_2427-1\" data-image-description=\"\" data-medium-file=\"https:\/\/i0.wp.com\/turkiyekanttoplulugu.org\/wp-content\/uploads\/2024\/03\/IMG_2427-1.jpg?fit=300%2C209\" data-large-file=\"https:\/\/i0.wp.com\/turkiyekanttoplulugu.org\/wp-content\/uploads\/2024\/03\/IMG_2427-1.jpg?fit=1024%2C712\" loading=\"lazy\" width=\"1024\" height=\"712\" src=\"https:\/\/i0.wp.com\/turkiyekanttoplulugu.org\/wp-content\/uploads\/2024\/03\/IMG_2427-1.jpg?resize=1024%2C712\" alt=\"\" class=\"wp-image-9436 size-full\" srcset=\"https:\/\/i0.wp.com\/turkiyekanttoplulugu.org\/wp-content\/uploads\/2024\/03\/IMG_2427-1.jpg?resize=1024%2C712 1024w, https:\/\/i0.wp.com\/turkiyekanttoplulugu.org\/wp-content\/uploads\/2024\/03\/IMG_2427-1.jpg?resize=300%2C209 300w, https:\/\/i0.wp.com\/turkiyekanttoplulugu.org\/wp-content\/uploads\/2024\/03\/IMG_2427-1.jpg?resize=768%2C534 768w, https:\/\/i0.wp.com\/turkiyekanttoplulugu.org\/wp-content\/uploads\/2024\/03\/IMG_2427-1.jpg?w=1290 1290w\" sizes=\"(max-width: 1024px) 100vw, 1024px\" data-recalc-dims=\"1\" \/><\/figure><div class=\"wp-block-media-text__content\">\n<blockquote class=\"wp-block-quote\"><p><br>Seniye Tilev <\/p><p>Kadir Has University <\/p><p>Kantian aesthetics, ethics, philosophy of religion<\/p><\/blockquote>\n<\/div><\/div>\n\n\n\n<div class=\"wp-block-media-text alignwide is-stacked-on-mobile\"><figure class=\"wp-block-media-text__media\"><img data-attachment-id=\"9435\" data-permalink=\"http:\/\/turkiyekanttoplulugu.org\/?attachment_id=9435\" data-orig-file=\"https:\/\/i0.wp.com\/turkiyekanttoplulugu.org\/wp-content\/uploads\/2024\/03\/Saniye-Vatansever-1.jpg?fit=589%2C653\" data-orig-size=\"589,653\" data-comments-opened=\"1\" data-image-meta=\"{&quot;aperture&quot;:&quot;0&quot;,&quot;credit&quot;:&quot;&quot;,&quot;camera&quot;:&quot;&quot;,&quot;caption&quot;:&quot;&quot;,&quot;created_timestamp&quot;:&quot;0&quot;,&quot;copyright&quot;:&quot;&quot;,&quot;focal_length&quot;:&quot;0&quot;,&quot;iso&quot;:&quot;0&quot;,&quot;shutter_speed&quot;:&quot;0&quot;,&quot;title&quot;:&quot;&quot;,&quot;orientation&quot;:&quot;0&quot;}\" data-image-title=\"Saniye-Vatansever-1\" data-image-description=\"\" data-medium-file=\"https:\/\/i0.wp.com\/turkiyekanttoplulugu.org\/wp-content\/uploads\/2024\/03\/Saniye-Vatansever-1.jpg?fit=271%2C300\" data-large-file=\"https:\/\/i0.wp.com\/turkiyekanttoplulugu.org\/wp-content\/uploads\/2024\/03\/Saniye-Vatansever-1.jpg?fit=589%2C653\" loading=\"lazy\" width=\"589\" height=\"653\" src=\"https:\/\/i0.wp.com\/turkiyekanttoplulugu.org\/wp-content\/uploads\/2024\/03\/Saniye-Vatansever-1.jpg?resize=589%2C653\" alt=\"\" class=\"wp-image-9435 size-full\" srcset=\"https:\/\/i0.wp.com\/turkiyekanttoplulugu.org\/wp-content\/uploads\/2024\/03\/Saniye-Vatansever-1.jpg?w=589 589w, https:\/\/i0.wp.com\/turkiyekanttoplulugu.org\/wp-content\/uploads\/2024\/03\/Saniye-Vatansever-1.jpg?resize=271%2C300 271w\" sizes=\"(max-width: 589px) 100vw, 589px\" data-recalc-dims=\"1\" \/><\/figure><div class=\"wp-block-media-text__content\">\n<blockquote class=\"wp-block-quote\"><p><br>Saniye Vatansever <\/p><p>Bo\u011fazi\u00e7i University <\/p><p>Kant\u2019s moral philosophy, philosophy of science<\/p><\/blockquote>\n<\/div><\/div>\n\n\n\n<p><\/p>\n\n\n\n<div class=\"wp-block-media-text alignwide is-stacked-on-mobile\"><figure class=\"wp-block-media-text__media\"><img data-attachment-id=\"11543\" data-permalink=\"http:\/\/turkiyekanttoplulugu.org\/?attachment_id=11543\" data-orig-file=\"https:\/\/i2.wp.com\/turkiyekanttoplulugu.org\/wp-content\/uploads\/2026\/01\/Selda-Salman-1.png?fit=1068%2C1195\" data-orig-size=\"1068,1195\" data-comments-opened=\"1\" data-image-meta=\"{&quot;aperture&quot;:&quot;0&quot;,&quot;credit&quot;:&quot;&quot;,&quot;camera&quot;:&quot;&quot;,&quot;caption&quot;:&quot;&quot;,&quot;created_timestamp&quot;:&quot;0&quot;,&quot;copyright&quot;:&quot;&quot;,&quot;focal_length&quot;:&quot;0&quot;,&quot;iso&quot;:&quot;0&quot;,&quot;shutter_speed&quot;:&quot;0&quot;,&quot;title&quot;:&quot;&quot;,&quot;orientation&quot;:&quot;0&quot;}\" data-image-title=\"Selda-Salman-1\" data-image-description=\"\" data-medium-file=\"https:\/\/i2.wp.com\/turkiyekanttoplulugu.org\/wp-content\/uploads\/2026\/01\/Selda-Salman-1.png?fit=268%2C300\" data-large-file=\"https:\/\/i2.wp.com\/turkiyekanttoplulugu.org\/wp-content\/uploads\/2026\/01\/Selda-Salman-1.png?fit=915%2C1024\" loading=\"lazy\" width=\"915\" height=\"1024\" src=\"https:\/\/i2.wp.com\/turkiyekanttoplulugu.org\/wp-content\/uploads\/2026\/01\/Selda-Salman-1.png?resize=915%2C1024\" alt=\"\" class=\"wp-image-11543 size-full\" srcset=\"https:\/\/i2.wp.com\/turkiyekanttoplulugu.org\/wp-content\/uploads\/2026\/01\/Selda-Salman-1.png?resize=915%2C1024 915w, https:\/\/i2.wp.com\/turkiyekanttoplulugu.org\/wp-content\/uploads\/2026\/01\/Selda-Salman-1.png?resize=268%2C300 268w, https:\/\/i2.wp.com\/turkiyekanttoplulugu.org\/wp-content\/uploads\/2026\/01\/Selda-Salman-1.png?resize=768%2C859 768w, https:\/\/i2.wp.com\/turkiyekanttoplulugu.org\/wp-content\/uploads\/2026\/01\/Selda-Salman-1.png?w=1068 1068w\" sizes=\"(max-width: 915px) 100vw, 915px\" data-recalc-dims=\"1\" \/><\/figure><div class=\"wp-block-media-text__content\">\n<blockquote class=\"wp-block-quote\"><p>Selda Salman<\/p><p>\u0130stanbul K\u00fclt\u00fcr University<\/p><p>Kant&#8217;s critical philosophy<\/p><\/blockquote>\n<\/div><\/div>\n","protected":false},"excerpt":{"rendered":"<p class=\"teaser\">Gamze Keskin (President) K\u0131rklareli University Kantian aesthetics Ayhan \u00c7itil \u0130stanbul 29 May\u0131s University Kant\u2019s philosophy of mathematics Umut Eldem Do\u011fu\u015f University Kantian ethics, Social and Political philosophy Seniye Tilev Kadir Has University Kantian aesthetics, ethics, philosophy of religion Saniye Vatansever Bo\u011fazi\u00e7i University Kant\u2019s moral philosophy, philosophy of science Selda Salman \u0130stanbul K\u00fclt\u00fcr University Kant&#8217;s critical &hellip;<\/p>\n","protected":false},"author":1,"featured_media":0,"parent":0,"menu_order":0,"comment_status":"closed","ping_status":"closed","template":"","meta":{"spay_email":""},"_links":{"self":[{"href":"http:\/\/turkiyekanttoplulugu.org\/index.php?rest_route=\/wp\/v2\/pages\/5881"}],"collection":[{"href":"http:\/\/turkiyekanttoplulugu.org\/index.php?rest_route=\/wp\/v2\/pages"}],"about":[{"href":"http:\/\/turkiyekanttoplulugu.org\/index.php?rest_route=\/wp\/v2\/types\/page"}],"author":[{"embeddable":true,"href":"http:\/\/turkiyekanttoplulugu.org\/index.php?rest_route=\/wp\/v2\/users\/1"}],"replies":[{"embeddable":true,"href":"http:\/\/turkiyekanttoplulugu.org\/index.php?rest_route=%2Fwp%2Fv2%2Fcomments&post=5881"}],"version-history":[{"count":7,"href":"http:\/\/turkiyekanttoplulugu.org\/index.php?rest_route=\/wp\/v2\/pages\/5881\/revisions"}],"predecessor-version":[{"id":11545,"href":"http:\/\/turkiyekanttoplulugu.org\/index.php?rest_route=\/wp\/v2\/pages\/5881\/revisions\/11545"}],"wp:attachment":[{"href":"http:\/\/turkiyekanttoplulugu.org\/index.php?rest_route=%2Fwp%2Fv2%2Fmedia&parent=5881"}],"curies":[{"name":"wp","href":"https:\/\/api.w.org\/{rel}","templated":true}]}}