{"id":5868,"date":"2021-04-15T17:13:02","date_gmt":"2021-04-15T14:13:02","guid":{"rendered":"http:\/\/turkiyekanttoplulugu.org\/?page_id=5868"},"modified":"2026-01-15T11:38:31","modified_gmt":"2026-01-15T08:38:31","slug":"supervisory-board","status":"publish","type":"page","link":"http:\/\/turkiyekanttoplulugu.org\/?page_id=5868&lang=en","title":{"rendered":"Supervisory Board"},"content":{"rendered":"\n<div class=\"wp-block-media-text alignwide is-stacked-on-mobile\"><figure class=\"wp-block-media-text__media\"><img data-attachment-id=\"9518\" data-permalink=\"http:\/\/turkiyekanttoplulugu.org\/?attachment_id=9518\" data-orig-file=\"https:\/\/i0.wp.com\/turkiyekanttoplulugu.org\/wp-content\/uploads\/2021\/04\/mehmetblog.jpg?fit=360%2C360\" data-orig-size=\"360,360\" data-comments-opened=\"1\" data-image-meta=\"{&quot;aperture&quot;:&quot;0&quot;,&quot;credit&quot;:&quot;&quot;,&quot;camera&quot;:&quot;&quot;,&quot;caption&quot;:&quot;&quot;,&quot;created_timestamp&quot;:&quot;0&quot;,&quot;copyright&quot;:&quot;&quot;,&quot;focal_length&quot;:&quot;0&quot;,&quot;iso&quot;:&quot;0&quot;,&quot;shutter_speed&quot;:&quot;0&quot;,&quot;title&quot;:&quot;&quot;,&quot;orientation&quot;:&quot;0&quot;}\" data-image-title=\"mehmetblog\" data-image-description=\"\" data-medium-file=\"https:\/\/i0.wp.com\/turkiyekanttoplulugu.org\/wp-content\/uploads\/2021\/04\/mehmetblog.jpg?fit=300%2C300\" data-large-file=\"https:\/\/i0.wp.com\/turkiyekanttoplulugu.org\/wp-content\/uploads\/2021\/04\/mehmetblog.jpg?fit=360%2C360\" loading=\"lazy\" width=\"360\" height=\"360\" src=\"https:\/\/i0.wp.com\/turkiyekanttoplulugu.org\/wp-content\/uploads\/2021\/04\/mehmetblog.jpg?resize=360%2C360\" alt=\"\" class=\"wp-image-9518 size-full\" srcset=\"https:\/\/i0.wp.com\/turkiyekanttoplulugu.org\/wp-content\/uploads\/2021\/04\/mehmetblog.jpg?w=360 360w, https:\/\/i0.wp.com\/turkiyekanttoplulugu.org\/wp-content\/uploads\/2021\/04\/mehmetblog.jpg?resize=300%2C300 300w, https:\/\/i0.wp.com\/turkiyekanttoplulugu.org\/wp-content\/uploads\/2021\/04\/mehmetblog.jpg?resize=150%2C150 150w, https:\/\/i0.wp.com\/turkiyekanttoplulugu.org\/wp-content\/uploads\/2021\/04\/mehmetblog.jpg?resize=70%2C70 70w\" sizes=\"(max-width: 360px) 100vw, 360px\" data-recalc-dims=\"1\" \/><\/figure><div class=\"wp-block-media-text__content\">\n<blockquote class=\"wp-block-quote\"><p>Mehmet Arslan<\/p><p>Samsun University<\/p><p>Kant\u2019s philosophy of mathematics<\/p><\/blockquote>\n<\/div><\/div>\n\n\n\n<div class=\"wp-block-media-text alignwide is-stacked-on-mobile\"><figure class=\"wp-block-media-text__media\"><img data-attachment-id=\"9519\" data-permalink=\"http:\/\/turkiyekanttoplulugu.org\/?attachment_id=9519\" data-orig-file=\"https:\/\/i2.wp.com\/turkiyekanttoplulugu.org\/wp-content\/uploads\/2021\/04\/aydingelmezblog.jpg?fit=1600%2C1171\" data-orig-size=\"1600,1171\" data-comments-opened=\"1\" data-image-meta=\"{&quot;aperture&quot;:&quot;0&quot;,&quot;credit&quot;:&quot;&quot;,&quot;camera&quot;:&quot;&quot;,&quot;caption&quot;:&quot;&quot;,&quot;created_timestamp&quot;:&quot;0&quot;,&quot;copyright&quot;:&quot;&quot;,&quot;focal_length&quot;:&quot;0&quot;,&quot;iso&quot;:&quot;0&quot;,&quot;shutter_speed&quot;:&quot;0&quot;,&quot;title&quot;:&quot;&quot;,&quot;orientation&quot;:&quot;0&quot;}\" data-image-title=\"aydingelmezblog\" data-image-description=\"\" data-medium-file=\"https:\/\/i2.wp.com\/turkiyekanttoplulugu.org\/wp-content\/uploads\/2021\/04\/aydingelmezblog.jpg?fit=300%2C220\" data-large-file=\"https:\/\/i2.wp.com\/turkiyekanttoplulugu.org\/wp-content\/uploads\/2021\/04\/aydingelmezblog.jpg?fit=1024%2C749\" loading=\"lazy\" width=\"1110\" height=\"812\" src=\"https:\/\/i2.wp.com\/turkiyekanttoplulugu.org\/wp-content\/uploads\/2021\/04\/aydingelmezblog.jpg?resize=1110%2C812\" alt=\"\" class=\"wp-image-9519 size-full\" srcset=\"https:\/\/i2.wp.com\/turkiyekanttoplulugu.org\/wp-content\/uploads\/2021\/04\/aydingelmezblog.jpg?w=1600 1600w, https:\/\/i2.wp.com\/turkiyekanttoplulugu.org\/wp-content\/uploads\/2021\/04\/aydingelmezblog.jpg?resize=300%2C220 300w, https:\/\/i2.wp.com\/turkiyekanttoplulugu.org\/wp-content\/uploads\/2021\/04\/aydingelmezblog.jpg?resize=1024%2C749 1024w, https:\/\/i2.wp.com\/turkiyekanttoplulugu.org\/wp-content\/uploads\/2021\/04\/aydingelmezblog.jpg?resize=768%2C562 768w, https:\/\/i2.wp.com\/turkiyekanttoplulugu.org\/wp-content\/uploads\/2021\/04\/aydingelmezblog.jpg?resize=1536%2C1124 1536w\" sizes=\"(max-width: 1110px) 100vw, 1110px\" data-recalc-dims=\"1\" \/><\/figure><div class=\"wp-block-media-text__content\">\n<blockquote class=\"wp-block-quote\"><p>Ayd\u0131n Gelmez<\/p><p>Independent Researcher<\/p><p>Kant\u2019s political philosophy<\/p><\/blockquote>\n<\/div><\/div>\n\n\n\n<div class=\"wp-block-media-text alignwide is-stacked-on-mobile\"><figure class=\"wp-block-media-text__media\"><img data-attachment-id=\"9862\" data-permalink=\"http:\/\/turkiyekanttoplulugu.org\/?attachment_id=9862\" data-orig-file=\"https:\/\/i1.wp.com\/turkiyekanttoplulugu.org\/wp-content\/uploads\/2021\/04\/IMG_1428-scaled.jpg?fit=2560%2C1707\" data-orig-size=\"2560,1707\" data-comments-opened=\"1\" data-image-meta=\"{&quot;aperture&quot;:&quot;0&quot;,&quot;credit&quot;:&quot;Bekir Levioglu&quot;,&quot;camera&quot;:&quot;&quot;,&quot;caption&quot;:&quot;&quot;,&quot;created_timestamp&quot;:&quot;0&quot;,&quot;copyright&quot;:&quot;&quot;,&quot;focal_length&quot;:&quot;0&quot;,&quot;iso&quot;:&quot;0&quot;,&quot;shutter_speed&quot;:&quot;0&quot;,&quot;title&quot;:&quot;&quot;,&quot;orientation&quot;:&quot;0&quot;}\" data-image-title=\"IMG_1428\" data-image-description=\"\" data-medium-file=\"https:\/\/i1.wp.com\/turkiyekanttoplulugu.org\/wp-content\/uploads\/2021\/04\/IMG_1428-scaled.jpg?fit=300%2C200\" data-large-file=\"https:\/\/i1.wp.com\/turkiyekanttoplulugu.org\/wp-content\/uploads\/2021\/04\/IMG_1428-scaled.jpg?fit=1024%2C683\" loading=\"lazy\" width=\"1110\" height=\"740\" src=\"https:\/\/i1.wp.com\/turkiyekanttoplulugu.org\/wp-content\/uploads\/2021\/04\/IMG_1428-scaled.jpg?resize=1110%2C740\" alt=\"\" class=\"wp-image-9862 size-full\" srcset=\"https:\/\/i1.wp.com\/turkiyekanttoplulugu.org\/wp-content\/uploads\/2021\/04\/IMG_1428-scaled.jpg?w=2560 2560w, https:\/\/i1.wp.com\/turkiyekanttoplulugu.org\/wp-content\/uploads\/2021\/04\/IMG_1428-scaled.jpg?resize=300%2C200 300w, https:\/\/i1.wp.com\/turkiyekanttoplulugu.org\/wp-content\/uploads\/2021\/04\/IMG_1428-scaled.jpg?resize=1024%2C683 1024w, https:\/\/i1.wp.com\/turkiyekanttoplulugu.org\/wp-content\/uploads\/2021\/04\/IMG_1428-scaled.jpg?resize=768%2C512 768w, https:\/\/i1.wp.com\/turkiyekanttoplulugu.org\/wp-content\/uploads\/2021\/04\/IMG_1428-scaled.jpg?resize=1536%2C1024 1536w, https:\/\/i1.wp.com\/turkiyekanttoplulugu.org\/wp-content\/uploads\/2021\/04\/IMG_1428-scaled.jpg?resize=2048%2C1366 2048w, https:\/\/i1.wp.com\/turkiyekanttoplulugu.org\/wp-content\/uploads\/2021\/04\/IMG_1428-scaled.jpg?w=2220 2220w\" sizes=\"(max-width: 1110px) 100vw, 1110px\" data-recalc-dims=\"1\" \/><\/figure><div class=\"wp-block-media-text__content\">\n<blockquote class=\"wp-block-quote\"><p>\u00d6zg\u00fc\u00e7 G\u00fcven, <\/p><p>\u0130stanbul University<\/p><p>Kant\u2019s theroretical philosophy, philosophy of mathematics, Pre-critical period<\/p><\/blockquote>\n<\/div><\/div>\n\n\n\n<p><\/p>\n\n\n\n<div class=\"wp-block-media-text alignwide is-stacked-on-mobile\"><figure class=\"wp-block-media-text__media\"><img data-attachment-id=\"11531\" data-permalink=\"http:\/\/turkiyekanttoplulugu.org\/?attachment_id=11531\" data-orig-file=\"https:\/\/i0.wp.com\/turkiyekanttoplulugu.org\/wp-content\/uploads\/2026\/01\/Fotog\u0306raf-1.jpg?fit=710%2C856\" data-orig-size=\"710,856\" data-comments-opened=\"1\" data-image-meta=\"{&quot;aperture&quot;:&quot;0&quot;,&quot;credit&quot;:&quot;&quot;,&quot;camera&quot;:&quot;&quot;,&quot;caption&quot;:&quot;&quot;,&quot;created_timestamp&quot;:&quot;1768326263&quot;,&quot;copyright&quot;:&quot;&quot;,&quot;focal_length&quot;:&quot;0&quot;,&quot;iso&quot;:&quot;0&quot;,&quot;shutter_speed&quot;:&quot;0&quot;,&quot;title&quot;:&quot;&quot;,&quot;orientation&quot;:&quot;0&quot;}\" data-image-title=\"Fotog\u0306raf-1\" data-image-description=\"\" data-medium-file=\"https:\/\/i0.wp.com\/turkiyekanttoplulugu.org\/wp-content\/uploads\/2026\/01\/Fotog\u0306raf-1.jpg?fit=249%2C300\" data-large-file=\"https:\/\/i0.wp.com\/turkiyekanttoplulugu.org\/wp-content\/uploads\/2026\/01\/Fotog\u0306raf-1.jpg?fit=710%2C856\" loading=\"lazy\" width=\"710\" height=\"856\" src=\"https:\/\/i0.wp.com\/turkiyekanttoplulugu.org\/wp-content\/uploads\/2026\/01\/Fotog\u0306raf-1.jpg?resize=710%2C856\" alt=\"\" class=\"wp-image-11531 size-full\" srcset=\"https:\/\/i0.wp.com\/turkiyekanttoplulugu.org\/wp-content\/uploads\/2026\/01\/Fotog\u0306raf-1.jpg?w=710 710w, https:\/\/i0.wp.com\/turkiyekanttoplulugu.org\/wp-content\/uploads\/2026\/01\/Fotog\u0306raf-1.jpg?resize=249%2C300 249w\" sizes=\"(max-width: 710px) 100vw, 710px\" data-recalc-dims=\"1\" \/><\/figure><div class=\"wp-block-media-text__content\">\n<blockquote class=\"wp-block-quote\"><p>G\u00f6khan Sava\u015f<\/p><p>\u0130stanbul 29 May\u0131s University<\/p><p>Transcendental philosophy<\/p><\/blockquote>\n<\/div><\/div>\n","protected":false},"excerpt":{"rendered":"<p class=\"teaser\">Mehmet Arslan Samsun University Kant\u2019s philosophy of mathematics Ayd\u0131n Gelmez Independent Researcher Kant\u2019s political philosophy \u00d6zg\u00fc\u00e7 G\u00fcven, \u0130stanbul University Kant\u2019s theroretical philosophy, philosophy of mathematics, Pre-critical period G\u00f6khan Sava\u015f \u0130stanbul 29 May\u0131s University Transcendental philosophy<\/p>\n","protected":false},"author":1,"featured_media":0,"parent":0,"menu_order":0,"comment_status":"closed","ping_status":"closed","template":"","meta":{"spay_email":""},"_links":{"self":[{"href":"http:\/\/turkiyekanttoplulugu.org\/index.php?rest_route=\/wp\/v2\/pages\/5868"}],"collection":[{"href":"http:\/\/turkiyekanttoplulugu.org\/index.php?rest_route=\/wp\/v2\/pages"}],"about":[{"href":"http:\/\/turkiyekanttoplulugu.org\/index.php?rest_route=\/wp\/v2\/types\/page"}],"author":[{"embeddable":true,"href":"http:\/\/turkiyekanttoplulugu.org\/index.php?rest_route=\/wp\/v2\/users\/1"}],"replies":[{"embeddable":true,"href":"http:\/\/turkiyekanttoplulugu.org\/index.php?rest_route=%2Fwp%2Fv2%2Fcomments&post=5868"}],"version-history":[{"count":6,"href":"http:\/\/turkiyekanttoplulugu.org\/index.php?rest_route=\/wp\/v2\/pages\/5868\/revisions"}],"predecessor-version":[{"id":11532,"href":"http:\/\/turkiyekanttoplulugu.org\/index.php?rest_route=\/wp\/v2\/pages\/5868\/revisions\/11532"}],"wp:attachment":[{"href":"http:\/\/turkiyekanttoplulugu.org\/index.php?rest_route=%2Fwp%2Fv2%2Fmedia&parent=5868"}],"curies":[{"name":"wp","href":"https:\/\/api.w.org\/{rel}","templated":true}]}}