{"id":5801,"date":"2021-03-07T15:49:44","date_gmt":"2021-03-07T12:49:44","guid":{"rendered":"http:\/\/turkiyekanttoplulugu.org\/?page_id=5801"},"modified":"2021-05-25T20:59:16","modified_gmt":"2021-05-25T17:59:16","slug":"ilkeler","status":"publish","type":"page","link":"http:\/\/turkiyekanttoplulugu.org\/?page_id=5801","title":{"rendered":"\u0130lkeler"},"content":{"rendered":"\n<p><strong>T\u00dcRK\u0130YE KANT TOPLULU\u011eU: \u00dcyelik ve \u0130lkeler<\/strong><\/p>\n\n\n\n<div class=\"wp-block-group\"><div class=\"wp-block-group__inner-container\">\n<p>T\u00fcrkiye Kant Toplulu\u011fu (TKT olarak k\u0131salt\u0131lacakt\u0131r) T\u00fcrkiye\u2019de Kant \u00e7al\u0131\u015fmalar\u0131na katk\u0131da bulunmak \u00fczere olu\u015fturulmu\u015f g\u00f6n\u00fcll\u00fcl\u00fck esas\u0131na dayal\u0131 bir topluluktur.<\/p>\n\n\n\n<p><strong>\u00dcYEL\u0130K<\/strong><\/p>\n\n\n\n<p>TKT Kant \u00e7al\u0131\u015fmalar\u0131na odaklanmakla toplulu\u011fa kat\u0131lmak isteyenlerin \u00e7al\u0131\u015fmalar\u0131n\u0131n merkezinde Kant felsefesi olmas\u0131n\u0131 bekler. Bu ilkeden hareketle \u00fcyelik i\u00e7in a\u015fa\u011f\u0131da belirtilen ko\u015fullardan en az bir tanesini sa\u011flamak gerekmektedir. &nbsp;Ancak bu kriterler kar\u015f\u0131lanmad\u0131\u011f\u0131 halde kat\u0131l\u0131m arzu edilirse, gerek\u00e7elerin ayr\u0131nt\u0131l\u0131 bir bi\u00e7imde a\u00e7\u0131kland\u0131\u011f\u0131 bir dilek\u00e7e ile Topluluk Y\u00f6netim Kurulu\u2019na ba\u015fvuruda bulunulabilir:<\/p>\n\n\n\n<p>(i) Y\u00fcksek lisans derecesini Kant felsefesi \u00fczerine yapt\u0131\u011f\u0131 bir \u00e7al\u0131\u015fmadan elde etmi\u015f olmak <\/p>\n\n\n\n<p>(ii) Doktora derecesini Kant felsefesi \u00fczerine yapt\u0131\u011f\u0131 bir \u00e7al\u0131\u015fmadan elde etmi\u015f olmak <\/p>\n\n\n\n<p>(iii) Post-doktora s\u00fcrecinde Kant Felsefesi odakl\u0131 \u00e7al\u0131\u015fm\u0131\u015f olmak <\/p>\n\n\n\n<p>(iv) Hakemli bir dergide Kant Felsefesi \u00fczerine en az bir yay\u0131n\/\u00e7eviri yapm\u0131\u015f olmak, <\/p>\n\n\n\n<p>(v)\u00a0 Kant felsefesi \u00fczerine telif veya \u00e7eviri kitap yay\u0131n\u0131 bulunmak.<\/p>\n\n\n\n<p><strong>TEMEL \u0130LKELER<\/strong><\/p>\n<\/div><\/div>\n\n\n\n<ul><li>TKT \u015feffafl\u0131k ve kat\u0131l\u0131m\u0131 temel prensip\nolarak benimser. T\u00fcm \u00e7al\u0131\u015fmalar\u0131nda bu prensibi esas al\u0131r.<\/li><li>TKT\nT\u00fcrkiye merkezlidir ancak Kant \u00e7al\u0131\u015fmalar\u0131n\u0131n geli\u015fmesi ad\u0131na yurtd\u0131\u015f\u0131ndan\nki\u015fi, kurum ve kurulu\u015flarla gerek T\u00fcrkiye\u2019de gerek yurtd\u0131\u015f\u0131nda i\u015fbirli\u011fi, ortak\nproje ve etkinlikler ger\u00e7ekle\u015ftirebilir.<\/li><li>TKT\n\u00e7al\u0131\u015fmalar\u0131nda kararlar konsens\u00fcs yoluyla al\u0131n\u0131r; tam bir mutabakat\u0131n\nsa\u011flanamad\u0131\u011f\u0131 durumlarda oy \u00e7oklu\u011funa g\u00f6re karar verilir.&nbsp; <\/li><li>TKT\nb\u00fcnyesinde karar al\u0131m s\u00fcre\u00e7lerini h\u0131zland\u0131rmak i\u00e7in komisyonlar kurulabilir.\nKomisyonlar\u0131n kurulmas\u0131 g\u00f6n\u00fcll\u00fcl\u00fck ve se\u00e7im esas\u0131na ba\u011fl\u0131d\u0131r. Se\u00e7ilmek sureti\nile bir komisyonda yer alan \u00fcyenin g\u00f6revi kabul etmeme hakk\u0131 sakl\u0131d\u0131r. B\u00f6ylesi\nbir durumda oy alanlar aras\u0131nda en y\u00fcksek oya sahip olan bir di\u011fer \u00fcye r\u0131zas\u0131\ndo\u011frultusunda komisyona dahil edilir.<\/li><li>TKT b\u00fcnyesinde dayan\u0131\u015fma ve i\u015fbirli\u011fi\ntemelli \u00e7al\u0131\u015fmalar desteklenir ve \u00f6zendirilir.<\/li><li>TKT, kitap ve dergi gibi matbu ve\/veya dijital,\ng\u00f6rsel-i\u015fitsel yay\u0131nlar\/yay\u0131mlar yapabilir, panel, konferans gibi etkinlikler\nd\u00fczenleyebilir, e\u011fitim faaliyetleri, projeler vb. faaliyetler ger\u00e7ekle\u015ftirebilir.\nT\u00fcm bu faaliyetlerde nesnel ve akademik \u00f6l\u00e7\u00fctler g\u00f6zetilir.<\/li><li>TKT b\u00fcnyesinde aktif kat\u0131l\u0131m te\u015fvik\nedilir ve \u00fcyelerin \u00e7al\u0131\u015fmalara aktif kat\u0131l\u0131m\u0131 beklenir. TKT \u00e7al\u0131\u015fmalar\u0131nda 2\ny\u0131l boyunca aktif g\u00f6rev almayan \u00fcyelerin \u00fcyelikleri ask\u0131ya al\u0131nabilir. <\/li><li>Her \u00fcye yaz\u0131l\u0131 olarak bildirerek, diledi\u011fi an\ntopluluktan \u00e7\u0131kma hakk\u0131na sahiptir.<\/li><li>Hi\u00e7 bir \u00fcye, topluluk y\u00f6netim kurulu\nbilgisi d\u0131\u015f\u0131nda topluluk ad\u0131na faaliyette bulunamaz.<\/li><\/ul>\n\n\n\n<p><strong>ET\u0130K \u0130LKELER<\/strong><strong><\/strong><\/p>\n\n\n\n<ul><li>TKT\ndil, din, renk, t\u00fcr, ya\u015f, etnik k\u00f6ken, cinsiyet, cinsel y\u00f6nelim, engellilik,\nsiyasi g\u00f6r\u00fc\u015f ve benzeri her t\u00fcrl\u00fc ayr\u0131mc\u0131l\u0131\u011fa, her t\u00fcrl\u00fc \u015fiddete, istismar ve\ntacize kar\u015f\u0131d\u0131r. <\/li><li>TKT \u0130ntihal ve benzeri su\u00e7lara tolerans\ng\u00f6stermez; mobbing, intihal, itibars\u0131zla\u015ft\u0131rma ve taciz su\u00e7lar\u0131na kar\u015f\u0131 uyar\u0131 ve\nihra\u00e7 mekanizmalar\u0131n\u0131 uygular. Bu mekanizmalar sadece TKT b\u00fcnyesinde\nger\u00e7ekle\u015ftirilen eylemlerle s\u0131n\u0131rl\u0131 olmay\u0131p,&nbsp;\nki\u015finin kamusal alanda aleniyet kazanm\u0131\u015f t\u00fcm eylem ve davran\u0131\u015flar\u0131n\u0131\nkapsar. B\u00f6ylesi bir durumda topluluk \u00fcyesi\/\u00fcyeleri etik kurula ba\u015fvuruda\nbulunabilece\u011fi gibi, etik kurul da kendi i\u00e7inde yapaca\u011f\u0131 de\u011ferlendirmelerle\ndurumu y\u00f6netim kuruluna iletip bu s\u00fcreci ba\u015flatabilir. <\/li><li>\u0130ntihal gibi ispat\u0131 m\u00fcmk\u00fcn olan\ndurumlarda kan\u0131t s\u00fcre\u00e7leri, taciz gibi ispat\u0131n zor oldu\u011fu durumlarda beyan esas\nal\u0131n\u0131r. <\/li><li>TKT \u00e7al\u0131\u015fmalar\u0131nda yatay ili\u015fkilenme\nesast\u0131r, TKT hiyerar\u015fik ve kat\u0131l\u0131ma kapal\u0131 uygulamalar\u0131 tasvip etmez. <\/li><li>TKT maddi kar amac\u0131 g\u00fctmez. \u00dcyeler\nherhangi bir \u015fekilde TKT kimli\u011finden maddi kazan\u00e7 elde edemez. Topluluk\nfaaliyetlerinden elde edilecek olan gelirler, yaln\u0131zca topluluk faaliyetlerinde\nkullan\u0131labilir. <\/li><li>Topluluk temel ilkelerine ve etik ilkelere uymayanlar topluluk t\u00fcz\u00fc\u011f\u00fcn\u00fcn 6.\nmaddesi uyar\u0131nca etik kurul taraf\u0131ndan yap\u0131lan de\u011ferlendirmeler de dikkate\nal\u0131narak topluluk y\u00f6netim kurulu taraf\u0131ndan ikaz veya ihra\u00e7 edilebilir.&nbsp;&nbsp; <\/li><\/ul>\n\n\n\n<p><strong>KURULLARIN OLU\u015eUMU\/ <\/strong><strong>Y\u00dcR\u00dcT\u00dcLMES\u0130<\/strong><strong><\/strong><\/p>\n\n\n\n<ul><li>T\u00fcm kurullar g\u00f6n\u00fcll\u00fcl\u00fck, aday\ng\u00f6sterme\/g\u00f6sterilme, se\u00e7im s\u00fcre\u00e7leri ile belirlenir.<\/li><li>T\u00fcm kurullar\u0131n \u00fcyelerinin belirlenmesinde ve\nyenilenmesinde farkl\u0131 isimlerin g\u00f6rev almas\u0131 olabildi\u011fince \u00f6zendirilir. Devir\ni\u015flemlerinde bilgi ve deneyim aktar\u0131m\u0131n\u0131n sa\u011flanmas\u0131 \u00f6nemsenir.<\/li><li>Etik kurul toplulu\u011fun en temel organlar\u0131ndan\nbiridir ve t\u00fcm di\u011fer kurullar etik ilkelere ba\u011fl\u0131 hareket etmek ve etik kurulun\nuyar\u0131lar\u0131na riayet etmekle y\u00fck\u00fcml\u00fcd\u00fcr. <\/li><li>Y\u00f6netim kurulu, etik kurul ve denetim kurulu d\u0131\u015f\u0131ndaki\nkurullar ihtiya\u00e7lar do\u011frultusunda kurulur ve ihtiya\u00e7 ortadan kalkt\u0131\u011f\u0131nda\nfeshedilebilir.<\/li><\/ul>\n","protected":false},"excerpt":{"rendered":"<p class=\"teaser\">T\u00dcRK\u0130YE KANT TOPLULU\u011eU: \u00dcyelik ve \u0130lkeler TKT \u015feffafl\u0131k ve kat\u0131l\u0131m\u0131 temel prensip olarak benimser. T\u00fcm \u00e7al\u0131\u015fmalar\u0131nda bu prensibi esas al\u0131r. TKT T\u00fcrkiye merkezlidir ancak Kant \u00e7al\u0131\u015fmalar\u0131n\u0131n geli\u015fmesi ad\u0131na yurtd\u0131\u015f\u0131ndan ki\u015fi, kurum ve kurulu\u015flarla gerek T\u00fcrkiye\u2019de gerek yurtd\u0131\u015f\u0131nda i\u015fbirli\u011fi, ortak proje ve etkinlikler ger\u00e7ekle\u015ftirebilir. TKT \u00e7al\u0131\u015fmalar\u0131nda kararlar konsens\u00fcs yoluyla al\u0131n\u0131r; tam bir mutabakat\u0131n sa\u011flanamad\u0131\u011f\u0131 durumlarda oy &hellip;<\/p>\n","protected":false},"author":1,"featured_media":0,"parent":0,"menu_order":0,"comment_status":"closed","ping_status":"closed","template":"","meta":{"spay_email":""},"_links":{"self":[{"href":"http:\/\/turkiyekanttoplulugu.org\/index.php?rest_route=\/wp\/v2\/pages\/5801"}],"collection":[{"href":"http:\/\/turkiyekanttoplulugu.org\/index.php?rest_route=\/wp\/v2\/pages"}],"about":[{"href":"http:\/\/turkiyekanttoplulugu.org\/index.php?rest_route=\/wp\/v2\/types\/page"}],"author":[{"embeddable":true,"href":"http:\/\/turkiyekanttoplulugu.org\/index.php?rest_route=\/wp\/v2\/users\/1"}],"replies":[{"embeddable":true,"href":"http:\/\/turkiyekanttoplulugu.org\/index.php?rest_route=%2Fwp%2Fv2%2Fcomments&post=5801"}],"version-history":[{"count":3,"href":"http:\/\/turkiyekanttoplulugu.org\/index.php?rest_route=\/wp\/v2\/pages\/5801\/revisions"}],"predecessor-version":[{"id":6191,"href":"http:\/\/turkiyekanttoplulugu.org\/index.php?rest_route=\/wp\/v2\/pages\/5801\/revisions\/6191"}],"wp:attachment":[{"href":"http:\/\/turkiyekanttoplulugu.org\/index.php?rest_route=%2Fwp%2Fv2%2Fmedia&parent=5801"}],"curies":[{"name":"wp","href":"https:\/\/api.w.org\/{rel}","templated":true}]}}