{"id":5759,"date":"2021-01-30T15:13:37","date_gmt":"2021-01-30T12:13:37","guid":{"rendered":"http:\/\/turkiyekanttoplulugu.org\/?page_id=5759"},"modified":"2026-01-15T10:19:16","modified_gmt":"2026-01-15T07:19:16","slug":"akademik-kurul","status":"publish","type":"page","link":"http:\/\/turkiyekanttoplulugu.org\/?page_id=5759","title":{"rendered":"Akademik Kurul"},"content":{"rendered":"\n<div class=\"wp-block-media-text alignwide is-stacked-on-mobile\"><figure class=\"wp-block-media-text__media\"><img data-attachment-id=\"9455\" data-permalink=\"http:\/\/turkiyekanttoplulugu.org\/?attachment_id=9455\" data-orig-file=\"https:\/\/i0.wp.com\/turkiyekanttoplulugu.org\/wp-content\/uploads\/2024\/03\/WhatsApp-Go\u0308rsel-2024-02-29-saat-11.17.06_85f7f945-2.jpg?fit=1200%2C1600\" data-orig-size=\"1200,1600\" data-comments-opened=\"1\" data-image-meta=\"{&quot;aperture&quot;:&quot;0&quot;,&quot;credit&quot;:&quot;&quot;,&quot;camera&quot;:&quot;&quot;,&quot;caption&quot;:&quot;&quot;,&quot;created_timestamp&quot;:&quot;0&quot;,&quot;copyright&quot;:&quot;&quot;,&quot;focal_length&quot;:&quot;0&quot;,&quot;iso&quot;:&quot;0&quot;,&quot;shutter_speed&quot;:&quot;0&quot;,&quot;title&quot;:&quot;&quot;,&quot;orientation&quot;:&quot;0&quot;}\" data-image-title=\"WhatsApp-Go\u0308rsel-2024-02-29-saat-11.17.06_85f7f945-2\" data-image-description=\"\" data-medium-file=\"https:\/\/i0.wp.com\/turkiyekanttoplulugu.org\/wp-content\/uploads\/2024\/03\/WhatsApp-Go\u0308rsel-2024-02-29-saat-11.17.06_85f7f945-2.jpg?fit=225%2C300\" data-large-file=\"https:\/\/i0.wp.com\/turkiyekanttoplulugu.org\/wp-content\/uploads\/2024\/03\/WhatsApp-Go\u0308rsel-2024-02-29-saat-11.17.06_85f7f945-2.jpg?fit=768%2C1024\" loading=\"lazy\" width=\"768\" height=\"1024\" src=\"https:\/\/i0.wp.com\/turkiyekanttoplulugu.org\/wp-content\/uploads\/2024\/03\/WhatsApp-Go\u0308rsel-2024-02-29-saat-11.17.06_85f7f945-2.jpg?resize=768%2C1024\" alt=\"\" class=\"wp-image-9455 size-full\" srcset=\"https:\/\/i0.wp.com\/turkiyekanttoplulugu.org\/wp-content\/uploads\/2024\/03\/WhatsApp-Go\u0308rsel-2024-02-29-saat-11.17.06_85f7f945-2.jpg?resize=768%2C1024 768w, https:\/\/i0.wp.com\/turkiyekanttoplulugu.org\/wp-content\/uploads\/2024\/03\/WhatsApp-Go\u0308rsel-2024-02-29-saat-11.17.06_85f7f945-2.jpg?resize=225%2C300 225w, https:\/\/i0.wp.com\/turkiyekanttoplulugu.org\/wp-content\/uploads\/2024\/03\/WhatsApp-Go\u0308rsel-2024-02-29-saat-11.17.06_85f7f945-2.jpg?resize=1152%2C1536 1152w, https:\/\/i0.wp.com\/turkiyekanttoplulugu.org\/wp-content\/uploads\/2024\/03\/WhatsApp-Go\u0308rsel-2024-02-29-saat-11.17.06_85f7f945-2.jpg?w=1200 1200w\" sizes=\"(max-width: 768px) 100vw, 768px\" data-recalc-dims=\"1\" \/><\/figure><div class=\"wp-block-media-text__content\">\n<blockquote class=\"wp-block-quote\"><p>Umut Eldem (Ba\u015fkan) <\/p><p>Do\u011fu\u015f \u00dcniversitesi <\/p><p>Kant Eti\u011fi, Toplumsal ve Politik Felsefe<\/p><\/blockquote>\n<\/div><\/div>\n\n\n\n<div class=\"wp-block-media-text alignwide is-stacked-on-mobile\"><figure class=\"wp-block-media-text__media\"><img data-attachment-id=\"9522\" data-permalink=\"http:\/\/turkiyekanttoplulugu.org\/?attachment_id=9522\" data-orig-file=\"https:\/\/i0.wp.com\/turkiyekanttoplulugu.org\/wp-content\/uploads\/2021\/01\/mehmetblog-1.jpg?fit=360%2C360\" data-orig-size=\"360,360\" data-comments-opened=\"1\" data-image-meta=\"{&quot;aperture&quot;:&quot;0&quot;,&quot;credit&quot;:&quot;&quot;,&quot;camera&quot;:&quot;&quot;,&quot;caption&quot;:&quot;&quot;,&quot;created_timestamp&quot;:&quot;0&quot;,&quot;copyright&quot;:&quot;&quot;,&quot;focal_length&quot;:&quot;0&quot;,&quot;iso&quot;:&quot;0&quot;,&quot;shutter_speed&quot;:&quot;0&quot;,&quot;title&quot;:&quot;&quot;,&quot;orientation&quot;:&quot;0&quot;}\" data-image-title=\"mehmetblog-1\" data-image-description=\"\" data-medium-file=\"https:\/\/i0.wp.com\/turkiyekanttoplulugu.org\/wp-content\/uploads\/2021\/01\/mehmetblog-1.jpg?fit=300%2C300\" data-large-file=\"https:\/\/i0.wp.com\/turkiyekanttoplulugu.org\/wp-content\/uploads\/2021\/01\/mehmetblog-1.jpg?fit=360%2C360\" loading=\"lazy\" width=\"360\" height=\"360\" src=\"https:\/\/i0.wp.com\/turkiyekanttoplulugu.org\/wp-content\/uploads\/2021\/01\/mehmetblog-1.jpg?resize=360%2C360\" alt=\"\" class=\"wp-image-9522 size-full\" srcset=\"https:\/\/i0.wp.com\/turkiyekanttoplulugu.org\/wp-content\/uploads\/2021\/01\/mehmetblog-1.jpg?w=360 360w, https:\/\/i0.wp.com\/turkiyekanttoplulugu.org\/wp-content\/uploads\/2021\/01\/mehmetblog-1.jpg?resize=300%2C300 300w, https:\/\/i0.wp.com\/turkiyekanttoplulugu.org\/wp-content\/uploads\/2021\/01\/mehmetblog-1.jpg?resize=150%2C150 150w, https:\/\/i0.wp.com\/turkiyekanttoplulugu.org\/wp-content\/uploads\/2021\/01\/mehmetblog-1.jpg?resize=70%2C70 70w\" sizes=\"(max-width: 360px) 100vw, 360px\" data-recalc-dims=\"1\" \/><\/figure><div class=\"wp-block-media-text__content\">\n<blockquote class=\"wp-block-quote\"><p>Mehmet Arslan <\/p><p>Samsun \u00dcniversitesi <\/p><p>Kant\u2019\u0131n Matematik Felsefesi<\/p><\/blockquote>\n<\/div><\/div>\n\n\n\n<div class=\"wp-block-media-text alignwide is-stacked-on-mobile\"><figure class=\"wp-block-media-text__media\"><img data-attachment-id=\"9454\" data-permalink=\"http:\/\/turkiyekanttoplulugu.org\/?attachment_id=9454\" data-orig-file=\"https:\/\/i2.wp.com\/turkiyekanttoplulugu.org\/wp-content\/uploads\/2021\/01\/o\u0308zlem-duva-1.jpg?fit=1562%2C1226\" data-orig-size=\"1562,1226\" data-comments-opened=\"1\" data-image-meta=\"{&quot;aperture&quot;:&quot;0&quot;,&quot;credit&quot;:&quot;&quot;,&quot;camera&quot;:&quot;&quot;,&quot;caption&quot;:&quot;&quot;,&quot;created_timestamp&quot;:&quot;0&quot;,&quot;copyright&quot;:&quot;&quot;,&quot;focal_length&quot;:&quot;0&quot;,&quot;iso&quot;:&quot;0&quot;,&quot;shutter_speed&quot;:&quot;0&quot;,&quot;title&quot;:&quot;&quot;,&quot;orientation&quot;:&quot;0&quot;}\" data-image-title=\"o\u0308zlem-duva-1\" data-image-description=\"\" data-medium-file=\"https:\/\/i2.wp.com\/turkiyekanttoplulugu.org\/wp-content\/uploads\/2021\/01\/o\u0308zlem-duva-1.jpg?fit=300%2C235\" data-large-file=\"https:\/\/i2.wp.com\/turkiyekanttoplulugu.org\/wp-content\/uploads\/2021\/01\/o\u0308zlem-duva-1.jpg?fit=1024%2C804\" loading=\"lazy\" width=\"1110\" height=\"871\" src=\"https:\/\/i2.wp.com\/turkiyekanttoplulugu.org\/wp-content\/uploads\/2021\/01\/o\u0308zlem-duva-1.jpg?resize=1110%2C871\" alt=\"\" class=\"wp-image-9454 size-full\" srcset=\"https:\/\/i2.wp.com\/turkiyekanttoplulugu.org\/wp-content\/uploads\/2021\/01\/o\u0308zlem-duva-1.jpg?w=1562 1562w, https:\/\/i2.wp.com\/turkiyekanttoplulugu.org\/wp-content\/uploads\/2021\/01\/o\u0308zlem-duva-1.jpg?resize=300%2C235 300w, https:\/\/i2.wp.com\/turkiyekanttoplulugu.org\/wp-content\/uploads\/2021\/01\/o\u0308zlem-duva-1.jpg?resize=1024%2C804 1024w, https:\/\/i2.wp.com\/turkiyekanttoplulugu.org\/wp-content\/uploads\/2021\/01\/o\u0308zlem-duva-1.jpg?resize=768%2C603 768w, https:\/\/i2.wp.com\/turkiyekanttoplulugu.org\/wp-content\/uploads\/2021\/01\/o\u0308zlem-duva-1.jpg?resize=1536%2C1206 1536w\" sizes=\"(max-width: 1110px) 100vw, 1110px\" data-recalc-dims=\"1\" \/><\/figure><div class=\"wp-block-media-text__content\">\n<blockquote class=\"wp-block-quote\"><p>\u00d6zlem Duva <\/p><p>Dokuz Eyl\u00fcl \u00dcniversitesi<\/p><p>Kant\u2019\u0131n Felsefi Antropolojisi, Politik Felsefesi, Ayd\u0131nlanma D\u00f6nemi ve Kant<\/p><\/blockquote>\n<\/div><\/div>\n\n\n\n<div class=\"wp-block-media-text alignwide is-stacked-on-mobile\"><figure class=\"wp-block-media-text__media\"><img data-attachment-id=\"10040\" data-permalink=\"http:\/\/turkiyekanttoplulugu.org\/?attachment_id=10040\" data-orig-file=\"https:\/\/i1.wp.com\/turkiyekanttoplulugu.org\/wp-content\/uploads\/2021\/01\/BG0002.jpg?fit=1413%2C1086\" data-orig-size=\"1413,1086\" data-comments-opened=\"1\" data-image-meta=\"{&quot;aperture&quot;:&quot;0&quot;,&quot;credit&quot;:&quot;&quot;,&quot;camera&quot;:&quot;&quot;,&quot;caption&quot;:&quot;&quot;,&quot;created_timestamp&quot;:&quot;0&quot;,&quot;copyright&quot;:&quot;&quot;,&quot;focal_length&quot;:&quot;0&quot;,&quot;iso&quot;:&quot;0&quot;,&quot;shutter_speed&quot;:&quot;0&quot;,&quot;title&quot;:&quot;&quot;,&quot;orientation&quot;:&quot;0&quot;}\" data-image-title=\"BG0002\" data-image-description=\"\" data-medium-file=\"https:\/\/i1.wp.com\/turkiyekanttoplulugu.org\/wp-content\/uploads\/2021\/01\/BG0002.jpg?fit=300%2C231\" data-large-file=\"https:\/\/i1.wp.com\/turkiyekanttoplulugu.org\/wp-content\/uploads\/2021\/01\/BG0002.jpg?fit=1024%2C787\" loading=\"lazy\" width=\"1110\" height=\"853\" src=\"https:\/\/i1.wp.com\/turkiyekanttoplulugu.org\/wp-content\/uploads\/2021\/01\/BG0002.jpg?resize=1110%2C853\" alt=\"\" class=\"wp-image-10040 size-full\" srcset=\"https:\/\/i1.wp.com\/turkiyekanttoplulugu.org\/wp-content\/uploads\/2021\/01\/BG0002.jpg?w=1413 1413w, https:\/\/i1.wp.com\/turkiyekanttoplulugu.org\/wp-content\/uploads\/2021\/01\/BG0002.jpg?resize=300%2C231 300w, https:\/\/i1.wp.com\/turkiyekanttoplulugu.org\/wp-content\/uploads\/2021\/01\/BG0002.jpg?resize=1024%2C787 1024w, https:\/\/i1.wp.com\/turkiyekanttoplulugu.org\/wp-content\/uploads\/2021\/01\/BG0002.jpg?resize=768%2C590 768w\" sizes=\"(max-width: 1110px) 100vw, 1110px\" data-recalc-dims=\"1\" \/><\/figure><div class=\"wp-block-media-text__content\">\n<blockquote class=\"wp-block-quote\"><p>B\u00fclent G\u00f6zk\u00e2n <\/p><p>Mimar Sinan G\u00fczel Sanatlar \u00dcniversitesi <\/p><p>Kant&#8217;\u0131n Ele\u015ftirel Felsefesi, Matematik Felsefesi<\/p><\/blockquote>\n<\/div><\/div>\n\n\n\n<div class=\"wp-block-media-text alignwide is-stacked-on-mobile\"><figure class=\"wp-block-media-text__media\"><img data-attachment-id=\"9453\" data-permalink=\"http:\/\/turkiyekanttoplulugu.org\/?attachment_id=9453\" data-orig-file=\"https:\/\/i2.wp.com\/turkiyekanttoplulugu.org\/wp-content\/uploads\/2024\/03\/IMG_2422-2-scaled.jpg?fit=1920%2C2560\" data-orig-size=\"1920,2560\" data-comments-opened=\"1\" data-image-meta=\"{&quot;aperture&quot;:&quot;1.9&quot;,&quot;credit&quot;:&quot;&quot;,&quot;camera&quot;:&quot;iPhone 14 Pro Max&quot;,&quot;caption&quot;:&quot;&quot;,&quot;created_timestamp&quot;:&quot;1710248585&quot;,&quot;copyright&quot;:&quot;&quot;,&quot;focal_length&quot;:&quot;2.69&quot;,&quot;iso&quot;:&quot;200&quot;,&quot;shutter_speed&quot;:&quot;0.02&quot;,&quot;title&quot;:&quot;&quot;,&quot;orientation&quot;:&quot;1&quot;}\" data-image-title=\"IMG_2422-2\" data-image-description=\"\" data-medium-file=\"https:\/\/i2.wp.com\/turkiyekanttoplulugu.org\/wp-content\/uploads\/2024\/03\/IMG_2422-2-scaled.jpg?fit=225%2C300\" data-large-file=\"https:\/\/i2.wp.com\/turkiyekanttoplulugu.org\/wp-content\/uploads\/2024\/03\/IMG_2422-2-scaled.jpg?fit=768%2C1024\" loading=\"lazy\" width=\"768\" height=\"1024\" src=\"https:\/\/i2.wp.com\/turkiyekanttoplulugu.org\/wp-content\/uploads\/2024\/03\/IMG_2422-2.jpg?resize=768%2C1024\" alt=\"\" class=\"wp-image-9453 size-full\" srcset=\"https:\/\/i2.wp.com\/turkiyekanttoplulugu.org\/wp-content\/uploads\/2024\/03\/IMG_2422-2-scaled.jpg?resize=768%2C1024 768w, https:\/\/i2.wp.com\/turkiyekanttoplulugu.org\/wp-content\/uploads\/2024\/03\/IMG_2422-2-scaled.jpg?resize=225%2C300 225w, https:\/\/i2.wp.com\/turkiyekanttoplulugu.org\/wp-content\/uploads\/2024\/03\/IMG_2422-2-scaled.jpg?resize=1152%2C1536 1152w, https:\/\/i2.wp.com\/turkiyekanttoplulugu.org\/wp-content\/uploads\/2024\/03\/IMG_2422-2-scaled.jpg?resize=1536%2C2048 1536w, https:\/\/i2.wp.com\/turkiyekanttoplulugu.org\/wp-content\/uploads\/2024\/03\/IMG_2422-2-scaled.jpg?w=1920 1920w\" sizes=\"(max-width: 768px) 100vw, 768px\" data-recalc-dims=\"1\" \/><\/figure><div class=\"wp-block-media-text__content\">\n<blockquote class=\"wp-block-quote\"><p>Gamze Keskin<\/p><p>K\u0131rklareli \u00dcniversitesi<\/p><p>Kant Esteti\u011fi<\/p><\/blockquote>\n<\/div><\/div>\n\n\n\n<div class=\"wp-block-media-text alignwide is-stacked-on-mobile\"><figure class=\"wp-block-media-text__media\"><img data-attachment-id=\"9452\" data-permalink=\"http:\/\/turkiyekanttoplulugu.org\/?attachment_id=9452\" data-orig-file=\"https:\/\/i1.wp.com\/turkiyekanttoplulugu.org\/wp-content\/uploads\/2021\/01\/selda-salman-foto1-1.jpg?fit=1440%2C1730\" data-orig-size=\"1440,1730\" data-comments-opened=\"1\" data-image-meta=\"{&quot;aperture&quot;:&quot;0&quot;,&quot;credit&quot;:&quot;&quot;,&quot;camera&quot;:&quot;&quot;,&quot;caption&quot;:&quot;&quot;,&quot;created_timestamp&quot;:&quot;0&quot;,&quot;copyright&quot;:&quot;&quot;,&quot;focal_length&quot;:&quot;0&quot;,&quot;iso&quot;:&quot;0&quot;,&quot;shutter_speed&quot;:&quot;0&quot;,&quot;title&quot;:&quot;&quot;,&quot;orientation&quot;:&quot;0&quot;}\" data-image-title=\"selda-salman-foto1-1\" data-image-description=\"\" data-medium-file=\"https:\/\/i1.wp.com\/turkiyekanttoplulugu.org\/wp-content\/uploads\/2021\/01\/selda-salman-foto1-1.jpg?fit=250%2C300\" data-large-file=\"https:\/\/i1.wp.com\/turkiyekanttoplulugu.org\/wp-content\/uploads\/2021\/01\/selda-salman-foto1-1.jpg?fit=852%2C1024\" loading=\"lazy\" width=\"1110\" height=\"1334\" src=\"https:\/\/i1.wp.com\/turkiyekanttoplulugu.org\/wp-content\/uploads\/2021\/01\/selda-salman-foto1-1.jpg?resize=1110%2C1334\" alt=\"\" class=\"wp-image-9452 size-full\" srcset=\"https:\/\/i1.wp.com\/turkiyekanttoplulugu.org\/wp-content\/uploads\/2021\/01\/selda-salman-foto1-1.jpg?w=1440 1440w, https:\/\/i1.wp.com\/turkiyekanttoplulugu.org\/wp-content\/uploads\/2021\/01\/selda-salman-foto1-1.jpg?resize=250%2C300 250w, https:\/\/i1.wp.com\/turkiyekanttoplulugu.org\/wp-content\/uploads\/2021\/01\/selda-salman-foto1-1.jpg?resize=852%2C1024 852w, https:\/\/i1.wp.com\/turkiyekanttoplulugu.org\/wp-content\/uploads\/2021\/01\/selda-salman-foto1-1.jpg?resize=768%2C923 768w, https:\/\/i1.wp.com\/turkiyekanttoplulugu.org\/wp-content\/uploads\/2021\/01\/selda-salman-foto1-1.jpg?resize=1279%2C1536 1279w\" sizes=\"(max-width: 1110px) 100vw, 1110px\" data-recalc-dims=\"1\" \/><\/figure><div class=\"wp-block-media-text__content\">\n<blockquote class=\"wp-block-quote\"><p>Selda Salman <\/p><p>\u0130stanbul K\u00fclt\u00fcr \u00dcniversitesi <\/p><p>Kant\u2019\u0131n Epistemolojisi, Eti\u011fi, Hayal g\u00fcc\u00fc<\/p><\/blockquote>\n<\/div><\/div>\n\n\n\n<div class=\"wp-block-media-text alignwide is-stacked-on-mobile\"><figure class=\"wp-block-media-text__media\"><\/figure><div class=\"wp-block-media-text__content\">\n<blockquote class=\"wp-block-quote\"><p>\u00c7a\u011fla \u00d6zcan<br><br>\u0130stanbul \u00dcniversitesi<\/p><\/blockquote>\n<\/div><\/div>\n\n\n\n<div class=\"wp-block-media-text alignwide is-stacked-on-mobile\"><figure class=\"wp-block-media-text__media\"><img data-attachment-id=\"11512\" data-permalink=\"http:\/\/turkiyekanttoplulugu.org\/?attachment_id=11512\" data-orig-file=\"https:\/\/i2.wp.com\/turkiyekanttoplulugu.org\/wp-content\/uploads\/2026\/01\/fazilet-alc\u0327ik.jpeg?fit=727%2C661\" data-orig-size=\"727,661\" data-comments-opened=\"1\" data-image-meta=\"{&quot;aperture&quot;:&quot;0&quot;,&quot;credit&quot;:&quot;&quot;,&quot;camera&quot;:&quot;&quot;,&quot;caption&quot;:&quot;&quot;,&quot;created_timestamp&quot;:&quot;0&quot;,&quot;copyright&quot;:&quot;&quot;,&quot;focal_length&quot;:&quot;0&quot;,&quot;iso&quot;:&quot;0&quot;,&quot;shutter_speed&quot;:&quot;0&quot;,&quot;title&quot;:&quot;&quot;,&quot;orientation&quot;:&quot;1&quot;}\" data-image-title=\"fazilet-alc\u0327ik\" data-image-description=\"\" data-medium-file=\"https:\/\/i2.wp.com\/turkiyekanttoplulugu.org\/wp-content\/uploads\/2026\/01\/fazilet-alc\u0327ik.jpeg?fit=300%2C273\" data-large-file=\"https:\/\/i2.wp.com\/turkiyekanttoplulugu.org\/wp-content\/uploads\/2026\/01\/fazilet-alc\u0327ik.jpeg?fit=727%2C661\" loading=\"lazy\" width=\"727\" height=\"661\" src=\"https:\/\/i2.wp.com\/turkiyekanttoplulugu.org\/wp-content\/uploads\/2026\/01\/fazilet-alc\u0327ik.jpeg?resize=727%2C661\" alt=\"\" class=\"wp-image-11512 size-full\" srcset=\"https:\/\/i2.wp.com\/turkiyekanttoplulugu.org\/wp-content\/uploads\/2026\/01\/fazilet-alc\u0327ik.jpeg?w=727 727w, https:\/\/i2.wp.com\/turkiyekanttoplulugu.org\/wp-content\/uploads\/2026\/01\/fazilet-alc\u0327ik.jpeg?resize=300%2C273 300w\" sizes=\"(max-width: 727px) 100vw, 727px\" data-recalc-dims=\"1\" \/><\/figure><div class=\"wp-block-media-text__content\">\n<blockquote class=\"wp-block-quote\"><p>Fazilet Fat\u0131ma Al\u00e7\u0131k<\/p><p>\u0130stanbul 29 May\u0131s \u00dcniversitesi<\/p><p>Kant&#8217;\u0131n Matematik Felsefesi<\/p><\/blockquote>\n<\/div><\/div>\n\n\n\n<p><\/p>\n","protected":false},"excerpt":{"rendered":"<p class=\"teaser\">Umut Eldem (Ba\u015fkan) Do\u011fu\u015f \u00dcniversitesi Kant Eti\u011fi, Toplumsal ve Politik Felsefe Mehmet Arslan Samsun \u00dcniversitesi Kant\u2019\u0131n Matematik Felsefesi \u00d6zlem Duva Dokuz Eyl\u00fcl \u00dcniversitesi Kant\u2019\u0131n Felsefi Antropolojisi, Politik Felsefesi, Ayd\u0131nlanma D\u00f6nemi ve Kant B\u00fclent G\u00f6zk\u00e2n Mimar Sinan G\u00fczel Sanatlar \u00dcniversitesi Kant&#8217;\u0131n Ele\u015ftirel Felsefesi, Matematik Felsefesi Gamze Keskin K\u0131rklareli \u00dcniversitesi Kant Esteti\u011fi Selda Salman \u0130stanbul K\u00fclt\u00fcr \u00dcniversitesi &hellip;<\/p>\n","protected":false},"author":1,"featured_media":0,"parent":0,"menu_order":0,"comment_status":"closed","ping_status":"closed","template":"","meta":{"spay_email":""},"_links":{"self":[{"href":"http:\/\/turkiyekanttoplulugu.org\/index.php?rest_route=\/wp\/v2\/pages\/5759"}],"collection":[{"href":"http:\/\/turkiyekanttoplulugu.org\/index.php?rest_route=\/wp\/v2\/pages"}],"about":[{"href":"http:\/\/turkiyekanttoplulugu.org\/index.php?rest_route=\/wp\/v2\/types\/page"}],"author":[{"embeddable":true,"href":"http:\/\/turkiyekanttoplulugu.org\/index.php?rest_route=\/wp\/v2\/users\/1"}],"replies":[{"embeddable":true,"href":"http:\/\/turkiyekanttoplulugu.org\/index.php?rest_route=%2Fwp%2Fv2%2Fcomments&post=5759"}],"version-history":[{"count":9,"href":"http:\/\/turkiyekanttoplulugu.org\/index.php?rest_route=\/wp\/v2\/pages\/5759\/revisions"}],"predecessor-version":[{"id":11513,"href":"http:\/\/turkiyekanttoplulugu.org\/index.php?rest_route=\/wp\/v2\/pages\/5759\/revisions\/11513"}],"wp:attachment":[{"href":"http:\/\/turkiyekanttoplulugu.org\/index.php?rest_route=%2Fwp%2Fv2%2Fmedia&parent=5759"}],"curies":[{"name":"wp","href":"https:\/\/api.w.org\/{rel}","templated":true}]}}