{"id":5424,"date":"2020-06-13T20:20:13","date_gmt":"2020-06-13T17:20:13","guid":{"rendered":"http:\/\/turkiyekanttoplulugu.org\/?page_id=5424"},"modified":"2023-12-31T14:57:45","modified_gmt":"2023-12-31T11:57:45","slug":"kant-calismalari-dergisi","status":"publish","type":"page","link":"http:\/\/turkiyekanttoplulugu.org\/?page_id=5424","title":{"rendered":"Kant \u00c7al\u0131\u015fmalar\u0131 Dergisi"},"content":{"rendered":"<p><em>Kant \u00c7al\u0131\u015fmalar\u0131<\/em>, y\u0131lda iki kez yay\u0131nlanan, k\u00f6r hakemlik sistemi uygulayan uluslararas\u0131 akademik bir dergidir. Dergimiz Kant felsefesinin, di\u011fer d\u00fc\u015f\u00fcn\u00fcrlerle ili\u015fkisi ve g\u00fcn\u00fcm\u00fcz felsef\u00ee tart\u0131\u015fmalar\u0131na etkisi de dahil olmak \u00fczere her y\u00f6n\u00fc ile ilgili, daha \u00f6nce yay\u0131nlanmam\u0131\u015f \u00f6zg\u00fcn ara\u015ft\u0131rma makaleleri ile birlikte kitap de\u011ferlendirmeleri ve \u00e7evirilere yer verir. Temel amac\u0131m\u0131z, Kant felsefesinin daha yayg\u0131n bir bi\u00e7imde tan\u0131nmas\u0131n\u0131 ve anla\u015f\u0131lmas\u0131n\u0131 sa\u011flamakt\u0131r. Bu ama\u00e7la dergimizin hakem ve dan\u0131\u015fma kurullar\u0131, yurti\u00e7i ve yurtd\u0131\u015f\u0131ndan Kant felsefesi odakl\u0131 \u00e7al\u0131\u015fan ara\u015ft\u0131rmac\u0131lardan olu\u015fmaktad\u0131r. Kant \u00c7al\u0131\u015fmalar\u0131, yay\u0131n politikas\u0131 olarak ulusal ve uluslararas\u0131 d\u00fczeyde ortak kabul g\u00f6rm\u00fc\u015f akademik standartlar\u0131 esas al\u0131r. Dergi Vak\u0131fbank K\u00fclt\u00fcr Yay\u0131nlar\u0131 taraf\u0131ndan bas\u0131l\u0131 olarak yay\u0131mlanmaktad\u0131r ve yay\u0131n dili T\u00fcrk\u00e7e, \u0130ngilizce ve Almancad\u0131r.<\/p>\n<p>Derginin kurullar\u0131na ula\u015fmak i\u00e7in <a href=\"https:\/\/www.kantcalismalari.org\/kurullar\">t\u0131klay\u0131n\u0131z.<\/a><\/p>\n<p>Dergi ile ilgili daha fazla bilgi i\u00e7in web sitesini ziyaret edebilirsiniz: <a href=\"http:\/\/www.kantcalismalari.org\">www.kantcalismalari.org<\/a><\/p>\n\n\n<p><\/p>\n","protected":false},"excerpt":{"rendered":"<p class=\"teaser\">Kant \u00c7al\u0131\u015fmalar\u0131, y\u0131lda iki kez yay\u0131nlanan, k\u00f6r hakemlik sistemi uygulayan uluslararas\u0131 akademik bir dergidir. Dergimiz Kant felsefesinin, di\u011fer d\u00fc\u015f\u00fcn\u00fcrlerle ili\u015fkisi ve g\u00fcn\u00fcm\u00fcz felsef\u00ee tart\u0131\u015fmalar\u0131na etkisi de dahil olmak \u00fczere her y\u00f6n\u00fc ile ilgili, daha \u00f6nce yay\u0131nlanmam\u0131\u015f \u00f6zg\u00fcn ara\u015ft\u0131rma makaleleri ile birlikte kitap de\u011ferlendirmeleri ve \u00e7evirilere yer verir. Temel amac\u0131m\u0131z, Kant felsefesinin daha yayg\u0131n bir bi\u00e7imde &hellip;<\/p>\n","protected":false},"author":1,"featured_media":0,"parent":0,"menu_order":0,"comment_status":"closed","ping_status":"closed","template":"","meta":{"spay_email":""},"_links":{"self":[{"href":"http:\/\/turkiyekanttoplulugu.org\/index.php?rest_route=\/wp\/v2\/pages\/5424"}],"collection":[{"href":"http:\/\/turkiyekanttoplulugu.org\/index.php?rest_route=\/wp\/v2\/pages"}],"about":[{"href":"http:\/\/turkiyekanttoplulugu.org\/index.php?rest_route=\/wp\/v2\/types\/page"}],"author":[{"embeddable":true,"href":"http:\/\/turkiyekanttoplulugu.org\/index.php?rest_route=\/wp\/v2\/users\/1"}],"replies":[{"embeddable":true,"href":"http:\/\/turkiyekanttoplulugu.org\/index.php?rest_route=%2Fwp%2Fv2%2Fcomments&post=5424"}],"version-history":[{"count":19,"href":"http:\/\/turkiyekanttoplulugu.org\/index.php?rest_route=\/wp\/v2\/pages\/5424\/revisions"}],"predecessor-version":[{"id":9155,"href":"http:\/\/turkiyekanttoplulugu.org\/index.php?rest_route=\/wp\/v2\/pages\/5424\/revisions\/9155"}],"wp:attachment":[{"href":"http:\/\/turkiyekanttoplulugu.org\/index.php?rest_route=%2Fwp%2Fv2%2Fmedia&parent=5424"}],"curies":[{"name":"wp","href":"https:\/\/api.w.org\/{rel}","templated":true}]}}