{"id":5407,"date":"2020-06-13T19:45:36","date_gmt":"2020-06-13T16:45:36","guid":{"rendered":"http:\/\/turkiyekanttoplulugu.org\/?page_id=5407"},"modified":"2023-05-17T09:50:22","modified_gmt":"2023-05-17T06:50:22","slug":"diger-kant-topluluklari","status":"publish","type":"page","link":"http:\/\/turkiyekanttoplulugu.org\/?page_id=5407","title":{"rendered":"Di\u011fer Kant Topluluklar\u0131"},"content":{"rendered":"<ul>\n<li><a title=\"External link to www.kant-gesellschaft.de\" href=\"http:\/\/www.kant-gesellschaft.de\/\" target=\"_blank\" rel=\"noopener noreferrer\">Kant-Gesellschaft e.V.<\/a><\/li>\n<li><a title=\"External link to http:\/\/socstudikantiani.fls.unipi.it\/\" href=\"http:\/\/www.studikant.it\/\" target=\"_blank\" rel=\"noopener noreferrer\">Societ\u00e0 Italiana di Studi Kantiani<\/a><\/li>\n<li><a title=\"External link to www.sandiego.edu\/naks\/\" href=\"http:\/\/www.sandiego.edu\/naks\/\" target=\"_blank\" rel=\"noopener noreferrer\">North American Kant Society (NAKS)<\/a><\/li>\n<li><a href=\"https:\/\/www.ukks.co.uk\/\">U.K. Kant Society<\/a><\/li>\n<li><a title=\"http:\/\/www.hf.uio.no\/ifikk\/forskning\/aktuelt\/arrangementer\/gjesteforelesninger-seminarer\/faste-seminarer\/kantselskapet\/\" href=\"https:\/\/www.hf.uio.no\/ifikk\/english\/research\/news-and-events\/events\/guest-lectures-seminars\/norwegian-kant-society\/\" target=\"_blank\" rel=\"noopener noreferrer\">Norsk Kant-selskap (Norwegische Kant-Gesellschaft)<\/a><\/li>\n<li><a title=\"External link to http:\/\/wwwde.uni.lu\/forschung\/flshase\/laboratoire_de_philosophie_et_d_histoire_des_idees\/societe_d_etudes_kantiennes\" href=\"http:\/\/etudeskantiennes.mozello.fr\/\" target=\"_blank\" rel=\"noopener noreferrer\">Soci\u00e9t\u00e9 d\u2019\u00c9tudes Kantiennes de Langue Fran\u00e7aise (SEKLF)<\/a><\/li>\n<li><a href=\"http:\/\/www.sekle.org\/\">Sociedad de Estudios Kantianos en Lengua Espa\u00f1ola (SEKLE)<\/a><\/li>\n<li><a title=\" External link to http:\/\/www.sociedadekant.org\/\" href=\"http:\/\/www.sociedadekant.org\/\" target=\"_blank\" rel=\"noopener noreferrer\">Sociedade Kant Brasileira (Brasilianische Kant-Gesellschaft)<\/a><\/li>\n<li><a title=\" External link to http:\/\/japanische-kant-gesellschaft.org\/\" href=\"http:\/\/japanische-kant-gesellschaft.org\/\" target=\"_blank\" rel=\"noopener noreferrer\">Japanische Kant-Gesellschaft<\/a><\/li>\n<li><a href=\"http:\/\/www.kant-online.ru\">Akademia Kantiana (Rusya)<\/a><\/li>\n<li><a href=\"http:\/\/Digitales Kant-Zentrum NRW\" data-wplink-url-error=\"true\">Digitales Kant-Zentrum NRW<\/a><\/li>\n<li><a href=\"https:\/\/kosakrcblog.wordpress.com\/\">Keele-Oxford-St. Andrews Kantian Research Centre (KOSAK)<\/a><\/li>\n<\/ul>\n<p class=\"p1\">\n<p class=\"p1\">\n<p class=\"p1\">\n","protected":false},"excerpt":{"rendered":"<p class=\"teaser\">Kant-Gesellschaft e.V. Societ\u00e0 Italiana di Studi Kantiani North American Kant Society (NAKS) U.K. Kant Society Norsk Kant-selskap (Norwegische Kant-Gesellschaft) Soci\u00e9t\u00e9 d\u2019\u00c9tudes Kantiennes de Langue Fran\u00e7aise (SEKLF) Sociedad de Estudios Kantianos en Lengua Espa\u00f1ola (SEKLE) Sociedade Kant Brasileira (Brasilianische Kant-Gesellschaft) Japanische Kant-Gesellschaft Akademia Kantiana (Rusya) Digitales Kant-Zentrum NRW Keele-Oxford-St. Andrews Kantian Research Centre (KOSAK)<\/p>\n","protected":false},"author":1,"featured_media":5058,"parent":0,"menu_order":0,"comment_status":"closed","ping_status":"closed","template":"","meta":{"spay_email":""},"_links":{"self":[{"href":"http:\/\/turkiyekanttoplulugu.org\/index.php?rest_route=\/wp\/v2\/pages\/5407"}],"collection":[{"href":"http:\/\/turkiyekanttoplulugu.org\/index.php?rest_route=\/wp\/v2\/pages"}],"about":[{"href":"http:\/\/turkiyekanttoplulugu.org\/index.php?rest_route=\/wp\/v2\/types\/page"}],"author":[{"embeddable":true,"href":"http:\/\/turkiyekanttoplulugu.org\/index.php?rest_route=\/wp\/v2\/users\/1"}],"replies":[{"embeddable":true,"href":"http:\/\/turkiyekanttoplulugu.org\/index.php?rest_route=%2Fwp%2Fv2%2Fcomments&post=5407"}],"version-history":[{"count":9,"href":"http:\/\/turkiyekanttoplulugu.org\/index.php?rest_route=\/wp\/v2\/pages\/5407\/revisions"}],"predecessor-version":[{"id":8732,"href":"http:\/\/turkiyekanttoplulugu.org\/index.php?rest_route=\/wp\/v2\/pages\/5407\/revisions\/8732"}],"wp:featuredmedia":[{"embeddable":true,"href":"http:\/\/turkiyekanttoplulugu.org\/index.php?rest_route=\/wp\/v2\/media\/5058"}],"wp:attachment":[{"href":"http:\/\/turkiyekanttoplulugu.org\/index.php?rest_route=%2Fwp%2Fv2%2Fmedia&parent=5407"}],"curies":[{"name":"wp","href":"https:\/\/api.w.org\/{rel}","templated":true}]}}