{"id":11621,"date":"2026-03-03T19:28:51","date_gmt":"2026-03-03T16:28:51","guid":{"rendered":"http:\/\/turkiyekanttoplulugu.org\/?page_id=11621"},"modified":"2026-04-07T15:38:40","modified_gmt":"2026-04-07T12:38:40","slug":"tum-etkinlikler","status":"publish","type":"page","link":"http:\/\/turkiyekanttoplulugu.org\/?page_id=11621","title":{"rendered":"T\u00fcm Etkinlikler"},"content":{"rendered":"\n<ul><li><strong><a href=\"http:\/\/turkiyekanttoplulugu.org\/?page_id=7609\">\u00dc\u00e7 Kritik G\u00fcn (17-18-19 Kas\u0131m 2022)<\/a><\/strong><\/li><li><strong><a href=\"http:\/\/turkiyekanttoplulugu.org\/?event_listing=dogumunun-300-yilinda-18-temada-kantla-karsilasmalar-karsitliklar\">10-11 Ocak 2024 \u2013 \u0130stanbul \u00dcniversitesi Edebiyat Fak\u00fcltesi Genel Kurul Odas\u0131<\/a><\/strong><\/li><li><strong><a href=\"http:\/\/turkiyekanttoplulugu.org\/?event_listing=dogumunun-300-yilinda-18-temada-kantla-karsilasmalar-karsitliklar\">Do\u011fumunun 300. Y\u0131l\u0131nda 18 Temada Kant\u2019la Kar\u015f\u0131la\u015fmalar-Kar\u015f\u0131tl\u0131klar<\/a><\/strong><\/li><li><strong><a href=\"http:\/\/turkiyekanttoplulugu.org\/?event_listing=kant-ve-epistemoloji\">7-8 Mart 2024 \u2013 Dicle \u00dcniversitesi K\u00fclt\u00fcr ve Sanat Merkezi<\/a><\/strong><\/li><li><strong><a href=\"http:\/\/turkiyekanttoplulugu.org\/?event_listing=kant-ve-epistemoloji\">Do\u011fumunun 300. Y\u0131l\u0131nda Kant ve Epistemoloji Sempozyumu<\/a><\/strong><\/li><li><strong><a href=\"http:\/\/turkiyekanttoplulugu.org\/?event_listing=kant-on-moral-faith-and-the-place-of-human-beings-in-nature\">22 Nisan 2024 \u2013 Kant on Moral Faith and the Place of Human Beings in Nature<\/a><\/strong><\/li><li><strong><a href=\"http:\/\/turkiyekanttoplulugu.org\/?event_listing=kant-ve-egemenlik\">27 Nisan 2024 \u2013 Kant ve Egemenlik<\/a><\/strong><\/li><li><strong><a href=\"http:\/\/turkiyekanttoplulugu.org\/?event_listing=kant-300-yasinda\">2-4 May\u0131s 2024 \u2013 Mersin \u00dcniversitesi U\u011fur Oral K\u00fclt\u00fcr Merkezi<\/a><\/strong><\/li><li><strong><a href=\"http:\/\/turkiyekanttoplulugu.org\/?event_listing=kant-300-yasinda\">Kant 300 Ya\u015f\u0131nda! Sempozyumu<\/a><\/strong><\/li><li><strong><a href=\"http:\/\/turkiyekanttoplulugu.org\/?event_listing=kant-estetiginin-etik-yansimalari\">26 May\u0131s 2024 \u2013 Kant Esteti\u011finin Etik Yans\u0131malar\u0131<\/a><\/strong><\/li><li><strong><a href=\"http:\/\/turkiyekanttoplulugu.org\/?event_listing=felsefelogos-immanuel-kant-sayisi-tanitim-toplantisi\">1 Haziran 2024 \u2013\u00a0<em>felsefelogos<\/em>\u00a0Dergisi Immanuel Kant Say\u0131s\u0131 Tan\u0131t\u0131m Toplant\u0131s\u0131<\/a><\/strong><\/li><li><strong><a href=\"http:\/\/turkiyekanttoplulugu.org\/?p=9278\">13 Haziran 2024 \u2013 Virtual Kant Congress with a Cosmopolitan Purpose<\/a><\/strong><\/li><li><strong><a href=\"https:\/\/nesinkoyleri.org\/events\/2024-kant-haftasi-300-yasinda-kantin-felsefesi-yaz-kampi\/\">12-18 A\u011fustos 2024 \u2013 Kant Haftas\u0131: 300. Ya\u015f\u0131nda Kant\u2019\u0131n Felsefesi Yaz Kamp\u0131<\/a><\/strong><\/li><li><strong><a href=\"http:\/\/turkiyekanttoplulugu.org\/?event_listing=turkiyede-kant-ve-kantcilik-prof-dr-bulent-gozkana-saygi-konferansi\">11 Ekim 2024 \u2013 T\u00fcrkiye\u2019de Kant ve Kant\u00e7\u0131l\u0131k \u2013 Prof. Dr. Hasan B\u00fclent G\u00f6zk\u00e2n\u2019a Sayg\u0131 Konferans\u0131<\/a><\/strong><\/li><li><strong><a href=\"http:\/\/turkiyekanttoplulugu.org\/?event_listing=300-dogum-yil-donumunde-filozof-immanuel-kant-insan-aydinlanma-etik-siyaset\">27 Kas\u0131m 2024 \u2013 300. Do\u011fum Y\u0131l D\u00f6n\u00fcm\u00fcnde Filozof Immanuel Kant (\u0130nsan \u2013 Ayd\u0131nlanma \u2013 Etik \u2013 Siyaset)<\/a><\/strong><\/li><li><strong><a href=\"http:\/\/turkiyekanttoplulugu.org\/?event_listing=dogum-yil-donumunde-filozof-immanuel-kant-insan-aydinlanma-etik-siyaset\">28 Kas\u0131m 2024 \u2013 300. Do\u011fum Y\u0131l D\u00f6n\u00fcm\u00fcnde Filozof Immanuel Kant (\u0130nsan \u2013 Ayd\u0131nlanma \u2013 Etik \u2013 Siyaset)<\/a><\/strong><\/li><li><strong><a href=\"http:\/\/turkiyekanttoplulugu.org\/?event_listing=kantin-uc-kritigi\">3 Aral\u0131k 2024 \u2013 Kant\u2019\u0131n \u00dc\u00e7 Kriti\u011fi<\/a><\/strong><\/li><li><strong><a href=\"http:\/\/turkiyekanttoplulugu.org\/?event_listing=kant-on-the-deceitfulness-of-a-deceitful-art\">10 Aral\u0131k 2024 \u2013 Kant on the Deceitfulness of a Deceitful Art<\/a><\/strong><\/li><li><a href=\"http:\/\/turkiyekanttoplulugu.org\/?page_id=11266\"><strong>23-24 Ekim 2025 &#8211;<\/strong> <strong>Kant \u00c7al\u0131\u015fmalar\u0131 Sempozyumu <\/strong><\/a><\/li><li><a href=\"http:\/\/turkiyekanttoplulugu.org\/?page_id=11627\"><strong>29-30 Nisan 2026 &#8211; Mimariyi Tamamlamak: Yarg\u0131 G\u00fcc\u00fcn\u00fcn Ele\u015ftirisi <\/strong><\/a><\/li><\/ul>\n\n\n\n<p><\/p>\n","protected":false},"excerpt":{"rendered":"<p class=\"teaser\">\u00dc\u00e7 Kritik G\u00fcn (17-18-19 Kas\u0131m 2022) 10-11 Ocak 2024 \u2013 \u0130stanbul \u00dcniversitesi Edebiyat Fak\u00fcltesi Genel Kurul Odas\u0131 Do\u011fumunun 300. Y\u0131l\u0131nda 18 Temada Kant\u2019la Kar\u015f\u0131la\u015fmalar-Kar\u015f\u0131tl\u0131klar 7-8 Mart 2024 \u2013 Dicle \u00dcniversitesi K\u00fclt\u00fcr ve Sanat Merkezi Do\u011fumunun 300. Y\u0131l\u0131nda Kant ve Epistemoloji Sempozyumu 22 Nisan 2024 \u2013 Kant on Moral Faith and the Place of Human Beings &hellip;<\/p>\n","protected":false},"author":1,"featured_media":0,"parent":0,"menu_order":0,"comment_status":"closed","ping_status":"closed","template":"","meta":{"spay_email":""},"_links":{"self":[{"href":"http:\/\/turkiyekanttoplulugu.org\/index.php?rest_route=\/wp\/v2\/pages\/11621"}],"collection":[{"href":"http:\/\/turkiyekanttoplulugu.org\/index.php?rest_route=\/wp\/v2\/pages"}],"about":[{"href":"http:\/\/turkiyekanttoplulugu.org\/index.php?rest_route=\/wp\/v2\/types\/page"}],"author":[{"embeddable":true,"href":"http:\/\/turkiyekanttoplulugu.org\/index.php?rest_route=\/wp\/v2\/users\/1"}],"replies":[{"embeddable":true,"href":"http:\/\/turkiyekanttoplulugu.org\/index.php?rest_route=%2Fwp%2Fv2%2Fcomments&post=11621"}],"version-history":[{"count":3,"href":"http:\/\/turkiyekanttoplulugu.org\/index.php?rest_route=\/wp\/v2\/pages\/11621\/revisions"}],"predecessor-version":[{"id":11714,"href":"http:\/\/turkiyekanttoplulugu.org\/index.php?rest_route=\/wp\/v2\/pages\/11621\/revisions\/11714"}],"wp:attachment":[{"href":"http:\/\/turkiyekanttoplulugu.org\/index.php?rest_route=%2Fwp%2Fv2%2Fmedia&parent=11621"}],"curies":[{"name":"wp","href":"https:\/\/api.w.org\/{rel}","templated":true}]}}