{"id":11266,"date":"2025-10-10T15:23:53","date_gmt":"2025-10-10T12:23:53","guid":{"rendered":"http:\/\/turkiyekanttoplulugu.org\/?page_id=11266"},"modified":"2025-10-27T10:25:04","modified_gmt":"2025-10-27T07:25:04","slug":"kant-calismalari-sempozyumu","status":"publish","type":"page","link":"http:\/\/turkiyekanttoplulugu.org\/?page_id=11266","title":{"rendered":"Kant \u00c7al\u0131\u015fmalar\u0131 Sempozyumu"},"content":{"rendered":"\n<p class=\"has-text-align-center\"><strong>Mu\u011fla S\u0131tk\u0131 Ko\u00e7man \u00dcniversitesi Kant \u00c7al\u0131\u015fmalar\u0131 Sempozyumu<\/strong><\/p>\n\n\n\n<p>Mu\u011fla S\u0131tk\u0131 Ko\u00e7man \u00dcniversitesi ve T\u00fcrkiye Kant Toplulu\u011fu i\u015fbirli\u011fiyle 23-24 Ekim 2025 tarihlerinde Mu\u011fla S\u0131tk\u0131 Ko\u00e7man \u00dcniversitesi Kant \u00c7al\u0131\u015fmalar\u0131 Sempozyumu ger\u00e7ekle\u015fecektir. <strong>Mu\u011fla \u00dcniversitesi Kant \u00c7al\u0131\u015fmalar\u0131 Sempozyumu<\/strong>, T\u00fcrkiye\u2019de Kant \u00fczerine \u00e7al\u0131\u015fan akademisyenleri bir araya getirerek bilgi ve g\u00f6r\u00fc\u015f al\u0131\u015fveri\u015fine imk\u00e2n tan\u0131may\u0131, farkl\u0131 ara\u015ft\u0131rmalar\u0131n payla\u015f\u0131lmas\u0131yla ortak bir g\u00fcndem olu\u015fturmay\u0131 ve gelece\u011fe d\u00f6n\u00fck akademik ya da akademi d\u0131\u015f\u0131 i\u015fbirliklerine zemin haz\u0131rlamay\u0131 ama\u00e7lamaktad\u0131r.<\/p>\n\n\n\n<p><a href=\"http:\/\/turkiyekanttoplulugu.org\/?page_id=11353\">Bildiri \u00d6zetlerine ula\u015fmak i\u00e7in t\u0131klay\u0131n\u0131z.<\/a><\/p>\n\n\n\n<p> Etkinlik program\u0131n\u0131 indirmek i\u00e7in a\u015fa\u011f\u0131daki dosyaya t\u0131klay\u0131n\u0131z.<\/p>\n\n\n\n<div class=\"wp-block-file\"><a href=\"http:\/\/turkiyekanttoplulugu.org\/wp-content\/uploads\/2025\/10\/bros\u0327u\u0308r_mugla_etkinligi-1-1.pdf\">Kant \u00c7al\u0131\u015fmalar\u0131 Sempozyumu Program\u0131<\/a><a href=\"http:\/\/turkiyekanttoplulugu.org\/wp-content\/uploads\/2025\/10\/bros\u0327u\u0308r_mugla_etkinligi-1-1.pdf\" class=\"wp-block-file__button\" download>\u0130ndir<\/a><\/div>\n\n\n\n<p class=\"has-text-align-center\"><strong><span class=\"has-inline-color has-vivid-red-color\">Mu\u011fla \u00dcniversitesi Kant \u00c7al\u0131\u015fmalar\u0131 Sempozyumu<\/span><\/strong><\/p>\n\n\n\n<p class=\"has-text-align-center\"><strong><span class=\"has-inline-color has-vivid-red-color\">Mu\u011fla S\u0131tk\u0131 Ko\u00e7man \u00dcniversitesi<\/span><\/strong><\/p>\n\n\n\n<p class=\"has-text-align-center\"><strong><span class=\"has-inline-color has-vivid-red-color\">AKM B Salonu<\/span><\/strong><\/p>\n\n\n\n<p class=\"has-text-align-center\"><strong><span class=\"has-inline-color has-vivid-red-color\">1. G\u00dcN \u2013&nbsp;(23 Ekim 2025)<\/span><\/strong><\/p>\n\n\n\n<p class=\"has-text-align-center\">10:00 \u2013 10:30 A\u00e7\u0131l\u0131\u015f Konu\u015fmalar\u0131<\/p>\n\n\n\n<p>Mu\u011fla S\u0131tk\u0131 Ko\u00e7man \u00dcniversitesi Felsefe B\u00f6l\u00fcm\u00fc Sempozyum Koordinat\u00f6r\u00fc<strong>&nbsp;Prof. Dr. Nebil Reyhani<\/strong><br>T\u00fcrkiye Kant Toplulu\u011fu Akademik Kurul \u00dcyesi<strong>&nbsp;Prof. Dr. B\u00fclent G\u00f6zk\u00e2n<\/strong><br>Mu\u011fla S\u0131tk\u0131 Ko\u00e7man \u00dcniversitesi Felsefe B\u00f6l\u00fcm\u00fc Ba\u015fkan\u0131 <strong>Prof. Dr. Sebahattin \u00c7evikba\u015f<\/strong><br>Mu\u011fla S\u0131tk\u0131 Ko\u00e7man \u00dcniversitesi Edebiyat Fak\u00fcltesi Dekan\u0131 <strong>Prof. Dr. Mustafa G\u00f6k\u00e7e<\/strong><br>Mu\u011fla S\u0131tk\u0131 Ko\u00e7man \u00dcniversitesi Rekt\u00f6r\u00fc <strong>Prof. Dr. Turhan Ka\u00e7ar<\/strong><\/p>\n\n\n\n<p>1.Oturum \/ 10:30 \u2013 12:00&nbsp;\u2013 Oturum Ba\u015fkan\u0131:&nbsp;<strong>Hakan \u00c7\u00f6rek\u00e7io\u011flu<\/strong><\/p>\n\n\n\n<ul><li><strong>B\u00fclent G\u00f6zk\u00e2n<\/strong>:&nbsp;Nedenselli\u011fe Dayanan Bir Do\u011fadan \u00d6zg\u00fcrl\u00fc\u011fe Dayanan Bir Ahl\u00e2k \u00c7\u0131kabilir mi?<\/li><li><strong>Halil Turan<\/strong>: Kant Eti\u011finin \u0130\u015flevselli\u011fi<\/li><li><strong>\u015eilan Kesler<\/strong>: D\u00fcnyayla \u0130li\u015fkimizin Niteli\u011fi \u00dczerine: Kant Eti\u011finde Yabanc\u0131la\u015fma ve Toplumsall\u0131k<\/li><\/ul>\n\n\n\n<p class=\"has-text-align-center\">\u00d6\u011fle Aras\u0131 12:00-13:30<\/p>\n\n\n\n<p>2. Oturum \/ 13:30 \u2013 15:00 \u2013 Oturum Ba\u015fkan\u0131:<strong> Mehmet Elgin<\/strong><\/p>\n\n\n\n<ul><li><strong>Berfin Kart<\/strong>: Kant\u2019\u0131n Kozmopolitanizminin Olanak(s\u0131z)l\u0131\u011f\u0131<\/li><li><strong>Hakan \u00c7\u00f6rek\u00e7io\u011flu<\/strong>: Kant&#8217;\u0131n M\u00fcmk\u00fcn R\u0131za Anlay\u0131\u015f\u0131 Politik A\u00e7\u0131dan G\u00fcncelli\u011fini Koruyor mu?<\/li><li><strong>Levent Kavas<\/strong>: Kant\u2019\u0131n Denizli\u011fi<\/li><\/ul>\n\n\n\n<p class=\"has-text-align-center\">Ara 15:00-15:30<\/p>\n\n\n\n<p>3. Oturum \/ 15:30 \u2013 17:00 \u2013 Oturum Ba\u015fkan\u0131:&nbsp;<strong>Halil Turan<\/strong><\/p>\n\n\n\n<ul><li><strong>Selda Salman<\/strong>: \u00dc\u00e7\u00fcnc\u00fc&nbsp;Kritik&#8217;te Sanat\u0131n Sorunlu Yeri&nbsp;<\/li><li><strong>Nil Avc\u0131:<\/strong> Kant&#8217;ta Duyu\u00fcst\u00fc&nbsp;Kavram\u0131n\u0131n Ele\u015ftirel K\u00f6k\u00fc ve Estetik Belirlenimi<\/li><li><strong>Baver Demircan<\/strong>: Kant&#8217;\u0131n Sembol Anlay\u0131\u015f\u0131 ve Etkileri<\/li><\/ul>\n\n\n\n<p class=\"has-text-align-center\"><strong><span class=\"has-inline-color has-vivid-red-color\">2. G\u00dcN \u2013&nbsp;(25 Ekim 2025)<\/span><\/strong><\/p>\n\n\n\n<p>1.Oturum \/ 10:30 \u2013 12:00 \u2013&nbsp;Oturum Ba\u015fkan\u0131:&nbsp;<strong>B\u00fclent G\u00f6zk\u00e2n<\/strong><\/p>\n\n\n\n<ul><li><strong>Nebil Reyhani: <\/strong>Kant\u2019\u0131n Bilgi \u00d6\u011fretisi A\u00e7\u0131s\u0131ndan Epistemolojik ve Mant\u0131ksal Paradokslar<\/li><li><strong>\u015eahabettin Yal\u00e7\u0131n: <\/strong>Yal\u00e7\u0131n Ko\u00e7 ve Kant&#8217;\u0131n Zihin Anlay\u0131\u015flar\u0131n\u0131n Kar\u015f\u0131la\u015ft\u0131r\u0131lmas\u0131<\/li><li><strong>Mehmet Elgin: <\/strong>Ampirik Bilimin Kurucu Yasalar\u0131 Kant&#8217;\u0131n G\u00f6r\u00fc\u015f\u00fcn\u00fcn Aksine Analitik Olabilir mi? Evrimsel Biyolojideki Kurucu Yasalar<\/li><\/ul>\n\n\n\n<p class=\"has-text-align-center\">\u00d6\u011fle Aras\u0131 12:00-13:30<\/p>\n\n\n\n<p>2.Oturum \/ 13:30 \u2013 15:00 \u2013 Oturum Ba\u015fkan\u0131:&nbsp;<strong>Selda Salman<\/strong><\/p>\n\n\n\n<ul><li><strong>H\u00fcseyin Gazi Topdemir: <\/strong>Do\u011fan\u0131n Mekani\u011fi: Kant\u2019\u0131n Newton Yorumu<\/li><li><strong>M. Efe Ate\u015f: <\/strong>Co\u011frafi Determinizm Tezi ve Immanuel Kant<\/li><\/ul>\n\n\n\n<p class=\"has-text-align-center\">Ara 15:00-15:30<\/p>\n\n\n\n<p>3. Oturum: De\u011ferlendirme ve Kapan\u0131\u015f \/ 15:30-17:00<\/p>\n\n\n\n<ul><li><strong>B\u00fclent G\u00f6zk\u00e2n<\/strong><\/li><li><strong>Nebil Reyhani<\/strong><\/li><\/ul>\n","protected":false},"excerpt":{"rendered":"<p class=\"teaser\">Mu\u011fla S\u0131tk\u0131 Ko\u00e7man \u00dcniversitesi Kant \u00c7al\u0131\u015fmalar\u0131 Sempozyumu Mu\u011fla S\u0131tk\u0131 Ko\u00e7man \u00dcniversitesi ve T\u00fcrkiye Kant Toplulu\u011fu i\u015fbirli\u011fiyle 23-24 Ekim 2025 tarihlerinde Mu\u011fla S\u0131tk\u0131 Ko\u00e7man \u00dcniversitesi Kant \u00c7al\u0131\u015fmalar\u0131 Sempozyumu ger\u00e7ekle\u015fecektir. Mu\u011fla \u00dcniversitesi Kant \u00c7al\u0131\u015fmalar\u0131 Sempozyumu, T\u00fcrkiye\u2019de Kant \u00fczerine \u00e7al\u0131\u015fan akademisyenleri bir araya getirerek bilgi ve g\u00f6r\u00fc\u015f al\u0131\u015fveri\u015fine imk\u00e2n tan\u0131may\u0131, farkl\u0131 ara\u015ft\u0131rmalar\u0131n payla\u015f\u0131lmas\u0131yla ortak bir g\u00fcndem olu\u015fturmay\u0131 ve &hellip;<\/p>\n","protected":false},"author":1,"featured_media":0,"parent":0,"menu_order":0,"comment_status":"closed","ping_status":"closed","template":"","meta":{"spay_email":""},"_links":{"self":[{"href":"http:\/\/turkiyekanttoplulugu.org\/index.php?rest_route=\/wp\/v2\/pages\/11266"}],"collection":[{"href":"http:\/\/turkiyekanttoplulugu.org\/index.php?rest_route=\/wp\/v2\/pages"}],"about":[{"href":"http:\/\/turkiyekanttoplulugu.org\/index.php?rest_route=\/wp\/v2\/types\/page"}],"author":[{"embeddable":true,"href":"http:\/\/turkiyekanttoplulugu.org\/index.php?rest_route=\/wp\/v2\/users\/1"}],"replies":[{"embeddable":true,"href":"http:\/\/turkiyekanttoplulugu.org\/index.php?rest_route=%2Fwp%2Fv2%2Fcomments&post=11266"}],"version-history":[{"count":7,"href":"http:\/\/turkiyekanttoplulugu.org\/index.php?rest_route=\/wp\/v2\/pages\/11266\/revisions"}],"predecessor-version":[{"id":11355,"href":"http:\/\/turkiyekanttoplulugu.org\/index.php?rest_route=\/wp\/v2\/pages\/11266\/revisions\/11355"}],"wp:attachment":[{"href":"http:\/\/turkiyekanttoplulugu.org\/index.php?rest_route=%2Fwp%2Fv2%2Fmedia&parent=11266"}],"curies":[{"name":"wp","href":"https:\/\/api.w.org\/{rel}","templated":true}]}}