{"id":10201,"date":"2024-09-26T10:33:40","date_gmt":"2024-09-26T07:33:40","guid":{"rendered":"http:\/\/turkiyekanttoplulugu.org\/?page_id=10201"},"modified":"2024-10-09T12:09:53","modified_gmt":"2024-10-09T09:09:53","slug":"turkiyede-kant-ve-kantcilik-prof-dr-hasan-bulent-gozkana-saygi-konferansi-programi","status":"publish","type":"page","link":"http:\/\/turkiyekanttoplulugu.org\/?page_id=10201","title":{"rendered":"T\u00fcrkiye\u2019de Kant ve Kant\u00e7\u0131l\u0131k &#8211; Prof. Dr. B\u00fclent G\u00f6zk\u00e2n\u2019a Sayg\u0131 Konferans\u0131 Program\u0131"},"content":{"rendered":"\n<p class=\"has-text-align-center\"><strong>11 Ekim 2024<br>MSGS\u00dc Bomonti Konferans Salonu<\/strong><\/p>\n\n\n\n<p class=\"has-text-align-center\"><span class=\"has-inline-color has-vivid-red-color\"><em><strong>14.00-14.30 A\u00e7\u0131l\u0131\u015f Konu\u015fmalar\u0131<\/strong><\/em><\/span><\/p>\n\n\n\n<p class=\"has-text-align-center\">MSGS\u00dc Felsefe B\u00f6l\u00fcm\u00fc Ba\u015fkan\u0131 Prof. Dr. Kaan H. \u00d6kten<br>T\u00fcrkiye Kant Toplulu\u011fu Ba\u015fkan\u0131 Do\u00e7. Dr. Gamze Keskin<br>MSGS\u00dc Fen Edebiyat Fak\u00fcltesi Dekan\u0131 Prof. Dr. Hanife Koncu<\/p>\n\n\n\n<p class=\"has-text-align-center\"><strong><em><span class=\"has-inline-color has-vivid-red-color\">I.Oturum: T\u00fcrkiye\u2019de Kant ve Kant\u00e7\u0131l\u0131k<\/span><\/em><\/strong><br>Oturum Ba\u015fkan\u0131: Do\u00e7. Dr. Gamze Keskin<\/p>\n\n\n\n<ul><li>14.30-15.00&nbsp; Halise Av\u015far: T\u00fcrk\u00e7ede Kant Yay\u0131nlar\u0131 \u00dczerine De\u011ferlendirme<\/li><li>15.00-16.00&nbsp; Prof. Dr. B\u00fclent G\u00f6zk\u00e2n: T\u00fcrkiye\u2019de Kant Felsefesi&nbsp;<\/li><\/ul>\n\n\n\n<p class=\"has-text-align-center\">16.00-16.30 Ara<\/p>\n\n\n\n<p class=\"has-text-align-center\"><strong><em><span class=\"has-inline-color has-vivid-red-color\">II.Oturum: Prof. Dr. B\u00fclent G\u00f6zk\u00e2n\u2019a Sayg\u0131 Oturumu<\/span><\/em><\/strong><br>Oturum Ba\u015fkan\u0131: Prof. Dr. Kaan H. \u00d6kten<\/p>\n\n\n\n<ul><li>16.30-16.45 Sefa Melih Akg\u00fcn<strong>&nbsp; <\/strong>&nbsp;&nbsp;&nbsp;&nbsp;&nbsp;&nbsp;&nbsp;&nbsp;&nbsp;&nbsp;&nbsp;&nbsp;&nbsp;&nbsp;<\/li><li>16.45-17.00 Do\u00e7. Dr. Selda Salman&nbsp;&nbsp;&nbsp;<\/li><li>17.00-17.15 MSGS\u00dc Lisans \u00d6\u011frencileri<\/li><li>17.15-17.45 MSGS\u00dc Felsefe B\u00f6l\u00fcm\u00fc \u00d6\u011fretim Elemanlar\u0131<\/li><li>17.45-18.00 Prof. Dr. Ayhan \u00c7itil<\/li><\/ul>\n\n\n\n<p class=\"has-text-align-center\"><span class=\"has-inline-color has-vivid-red-color\"><strong><em>18.00 &#8211; Kapan\u0131\u015f Oturumu &#8211; Plaket Takdimi<\/em><\/strong><\/span><\/p>\n\n\n\n<div class=\"wp-block-file\"><a href=\"http:\/\/turkiyekanttoplulugu.org\/wp-content\/uploads\/2024\/10\/Tu\u0308rkiyede-Kant-ve-Kantc\u0327ilik.png\">Tu\u0308rkiye&#8217;de Kant ve Kantc\u0327\u0131l\u0131k<\/a><a href=\"http:\/\/turkiyekanttoplulugu.org\/wp-content\/uploads\/2024\/10\/Tu\u0308rkiyede-Kant-ve-Kantc\u0327ilik.png\" class=\"wp-block-file__button\" download>\u0130ndir<\/a><\/div>\n","protected":false},"excerpt":{"rendered":"<p class=\"teaser\">11 Ekim 2024MSGS\u00dc Bomonti Konferans Salonu 14.00-14.30 A\u00e7\u0131l\u0131\u015f Konu\u015fmalar\u0131 MSGS\u00dc Felsefe B\u00f6l\u00fcm\u00fc Ba\u015fkan\u0131 Prof. Dr. Kaan H. \u00d6ktenT\u00fcrkiye Kant Toplulu\u011fu Ba\u015fkan\u0131 Do\u00e7. Dr. Gamze KeskinMSGS\u00dc Fen Edebiyat Fak\u00fcltesi Dekan\u0131 Prof. Dr. Hanife Koncu I.Oturum: T\u00fcrkiye\u2019de Kant ve Kant\u00e7\u0131l\u0131kOturum Ba\u015fkan\u0131: Do\u00e7. Dr. Gamze Keskin 14.30-15.00&nbsp; Halise Av\u015far: T\u00fcrk\u00e7ede Kant Yay\u0131nlar\u0131 \u00dczerine De\u011ferlendirme 15.00-16.00&nbsp; Prof. Dr. B\u00fclent &hellip;<\/p>\n","protected":false},"author":1,"featured_media":0,"parent":0,"menu_order":0,"comment_status":"closed","ping_status":"closed","template":"","meta":{"spay_email":""},"_links":{"self":[{"href":"http:\/\/turkiyekanttoplulugu.org\/index.php?rest_route=\/wp\/v2\/pages\/10201"}],"collection":[{"href":"http:\/\/turkiyekanttoplulugu.org\/index.php?rest_route=\/wp\/v2\/pages"}],"about":[{"href":"http:\/\/turkiyekanttoplulugu.org\/index.php?rest_route=\/wp\/v2\/types\/page"}],"author":[{"embeddable":true,"href":"http:\/\/turkiyekanttoplulugu.org\/index.php?rest_route=\/wp\/v2\/users\/1"}],"replies":[{"embeddable":true,"href":"http:\/\/turkiyekanttoplulugu.org\/index.php?rest_route=%2Fwp%2Fv2%2Fcomments&post=10201"}],"version-history":[{"count":8,"href":"http:\/\/turkiyekanttoplulugu.org\/index.php?rest_route=\/wp\/v2\/pages\/10201\/revisions"}],"predecessor-version":[{"id":10280,"href":"http:\/\/turkiyekanttoplulugu.org\/index.php?rest_route=\/wp\/v2\/pages\/10201\/revisions\/10280"}],"wp:attachment":[{"href":"http:\/\/turkiyekanttoplulugu.org\/index.php?rest_route=%2Fwp%2Fv2%2Fmedia&parent=10201"}],"curies":[{"name":"wp","href":"https:\/\/api.w.org\/{rel}","templated":true}]}}